{"id":1353,"date":"2022-03-27T18:34:37","date_gmt":"2022-03-27T15:34:37","guid":{"rendered":"https:\/\/timisoaratriathlon.ro\/?page_id=1353"},"modified":"2025-10-01T17:54:20","modified_gmt":"2025-10-01T14:54:20","slug":"participation-kit","status":"publish","type":"page","link":"https:\/\/timisoaratriathlon.ro\/en\/participation-kit\/","title":{"rendered":"Participation kit"},"content":{"rendered":"<div class=\"wpb-content-wrapper\"><div class=\"vc_row wpb_row vc_row-fluid\"><div class=\"wpb_column vc_column_container vc_col-sm-12\"><div class=\"vc_column-inner\"><div class=\"wpb_wrapper\">\n\t<div class=\"wpb_text_column wpb_content_element\" >\n\t\t<div class=\"wpb_wrapper\">\n\t\t\t<p><strong>The participation kit contains:<\/strong><\/p>\n<ul>\n<li>\u2013 set of contest numbers;<\/li>\n<li>\u2013 timing chip;<\/li>\n<li>\u2013 personalized swimming helmet;<\/li>\n<li>\u2013 the competition participant&#039;s t-shirt;<\/li>\n<li>\u2013 Competitor&#039;s guide;<\/li>\n<li>\u2013 the right of access to areas reserved for competitors;<\/li>\n<li>\u2013 presentation materials of partners;<\/li>\n<li>\u2013 sports nutrition product.<\/li>\n<\/ul>\n<p>&nbsp;<\/p>\n<p>All competitors who finish the races they registered for receive a finisher&#039;s medal.<\/p>\n\n\t\t<\/div>\n\t<\/div>\n<\/div><\/div><\/div><\/div>\n<\/div>","protected":false},"excerpt":{"rendered":"Kitul de participare con\u021bine: - set numere concurs; - chip cronometrare; - casc\u0103 \u00eenot personalizat\u0103; - tricoul participantului la competi\u021bie; - Ghidul concurentului; - dreptul de acces \u00een zonele rezervate [...]","protected":false},"author":990012,"featured_media":0,"parent":0,"menu_order":0,"comment_status":"closed","ping_status":"closed","template":"","meta":{"rs_blank_template":"","rs_page_bg_color":"","slide_template_v7":"","footnotes":""},"class_list":["post-1353","page","type-page","status-publish","hentry"],"aioseo_notices":[],"_links":{"self":[{"href":"https:\/\/timisoaratriathlon.ro\/en\/wp-json\/wp\/v2\/pages\/1353","targetHints":{"allow":["GET"]}}],"collection":[{"href":"https:\/\/timisoaratriathlon.ro\/en\/wp-json\/wp\/v2\/pages"}],"about":[{"href":"https:\/\/timisoaratriathlon.ro\/en\/wp-json\/wp\/v2\/types\/page"}],"author":[{"embeddable":true,"href":"https:\/\/timisoaratriathlon.ro\/en\/wp-json\/wp\/v2\/users\/990012"}],"replies":[{"embeddable":true,"href":"https:\/\/timisoaratriathlon.ro\/en\/wp-json\/wp\/v2\/comments?post=1353"}],"version-history":[{"count":5,"href":"https:\/\/timisoaratriathlon.ro\/en\/wp-json\/wp\/v2\/pages\/1353\/revisions"}],"predecessor-version":[{"id":3420,"href":"https:\/\/timisoaratriathlon.ro\/en\/wp-json\/wp\/v2\/pages\/1353\/revisions\/3420"}],"wp:attachment":[{"href":"https:\/\/timisoaratriathlon.ro\/en\/wp-json\/wp\/v2\/media?parent=1353"}],"curies":[{"name":"wp","href":"https:\/\/api.w.org\/{rel}","templated":true}]}}