{"id":1944,"date":"2022-07-19T19:10:57","date_gmt":"2022-07-19T16:10:57","guid":{"rendered":"https:\/\/timisoaratriathlon.ro\/?page_id=1944"},"modified":"2025-10-01T17:59:45","modified_gmt":"2025-10-01T14:59:45","slug":"q-and-a","status":"publish","type":"page","link":"https:\/\/timisoaratriathlon.ro\/en\/q-and-a\/","title":{"rendered":"Q&amp;A"},"content":{"rendered":"<div class=\"wpb-content-wrapper\"><div class=\"vc_row wpb_row vc_row-fluid\"><div class=\"wpb_column vc_column_container vc_col-sm-12\"><div class=\"vc_column-inner\"><div class=\"wpb_wrapper\">\n\t<div class=\"wpb_text_column wpb_content_element\" >\n\t\t<div class=\"wpb_wrapper\">\n\t\t\t<p><span style=\"color: #999999;\"><strong>If you've never been to a triathlon before and don't know what to eat, we encourage you to ask someone who regularly participates in such races. It will surely clear you up. If you don't know anyone who practises triathlon, search our Facebook community.<\/strong><\/span><\/p>\n\n\t\t<\/div>\n\t<\/div>\n<\/div><\/div><\/div><\/div><div data-vc-full-width=\"true\" data-vc-full-width-temp=\"true\" data-vc-full-width-init=\"false\" class=\"vc_row wpb_row vc_row-fluid vc_custom_1658246929531\"><div class=\"wpb_column vc_column_container vc_col-sm-12\"><div class=\"vc_column-inner\"><div class=\"wpb_wrapper\"><h2 class=\"sc_title sc_title_regular sc_align_left\" style=\"text-align:left;color:#ffc200;font-weight:600;font-size:27px;\"><span style=\"color: #999999;\"><b>I DON'T WANT TO PARTICIPATE BUT I WANT TO HELP ORGANIZING THE COMPETITION.  COULD I BE USEFUL?<\/b><\/span><\/h2>\n\t<div class=\"wpb_text_column wpb_content_element\" >\n\t\t<div class=\"wpb_wrapper\">\n\t\t\t<p><span style=\"color: #999999;\">Absolutely!<\/span><\/p>\n<p><span style=\"color: #999999;\">We are in great need of volunteers. Without voulenteers our competition would not be possible.\u00a0<\/span><\/p>\n<p>Please access <a href=\"https:\/\/timisoaratriathlon.ro\/en\/volunteering\/\">https:\/\/timisoaratriathlon.ro\/voluntariat\/<\/a><\/p>\n<p>See you!<\/p>\n\n\t\t<\/div>\n\t<\/div>\n<\/div><\/div><\/div><\/div><div class=\"vc_row-full-width vc_clearfix\"><\/div><div data-vc-full-width=\"true\" data-vc-full-width-temp=\"true\" data-vc-full-width-init=\"false\" class=\"vc_row wpb_row vc_row-fluid vc_custom_1658246929531\"><div class=\"wpb_column vc_column_container vc_col-sm-12\"><div class=\"vc_column-inner\"><div class=\"wpb_wrapper\"><h2 class=\"sc_title sc_title_regular sc_align_left\" style=\"text-align:left;color:#ffc200;font-weight:600;font-size:27px;\"><b>I NEED <span style=\"color: #ffffff;\">LICENSE<\/span> FROM THE TRIATHLON FEDERATION?<\/b><\/h2>\n\t<div class=\"wpb_text_column wpb_content_element\" >\n\t\t<div class=\"wpb_wrapper\">\n\t\t\t<p><span style=\"color: #999999;\">If you participate individually, the answer is YES, you need a license and if you don&#039;t have it, you won&#039;t be able to participate in the competition. <\/span><\/p>\n<p><span style=\"color: #999999;\">We recommend that you get your license in time, so that you don&#039;t have any surprises. <\/span><\/p>\n<p><span style=\"color: #999999;\">You can apply for the annual license or for one race, online, on the federation&#039;s website. <\/span><\/p>\n<p><span style=\"color: #999999;\">You have more details at the address <a style=\"color: #999999;\" href=\"https:\/\/triatlonromania.ro\/licentiere-informatii\/\">https:\/\/triatlonromania.ro\/licentiere-informatii\/<\/a><\/span><\/p>\n<p><span style=\"color: #999999;\">If you participate in a relay race, you do NOT need a license.<\/span><\/p>\n<p>If you want to score in the National Triathlon Circuit, the license must be annual.<\/p>\n\n\t\t<\/div>\n\t<\/div>\n<\/div><\/div><\/div><\/div><div class=\"vc_row-full-width vc_clearfix\"><\/div><div data-vc-full-width=\"true\" data-vc-full-width-temp=\"true\" data-vc-full-width-init=\"false\" class=\"vc_row wpb_row vc_row-fluid vc_custom_1658246929531\"><div class=\"wpb_column vc_column_container vc_col-sm-12\"><div class=\"vc_column-inner\"><div class=\"wpb_wrapper\"><h2 class=\"sc_title sc_title_regular sc_align_left\" style=\"text-align:left;color:#ffc200;font-weight:600;font-size:27px;\"><b>WITH WHAT KIND OF <span style=\"color: #ffffff;\">BICYCLE<\/span> CAN I PARTICIPATE IN THE TIMISOARA TRIATHLON?<\/b><\/h2>\n\t<div class=\"wpb_text_column wpb_content_element\" >\n\t\t<div class=\"wpb_wrapper\">\n\t\t\t<div style=\"overflow-x: auto;\">\n<table width=\"602\">\n<tbody>\n<tr>\n<td width=\"109\"><\/td>\n<td width=\"91\"><span style=\"color: #999999;\">HALF 70.3 distance<\/span><\/td>\n<td width=\"100\"><span style=\"color: #999999;\">OLYMPIC distance<\/span><\/td>\n<td width=\"100\"><span style=\"color: #999999;\">SPRINT and SUPERSPRINT distance<\/span><\/td>\n<td width=\"100\"><span style=\"color: #999999;\">HALF relay 70.3<\/span><\/td>\n<td width=\"100\"><span style=\"color: #999999;\">OLYMPIC relay<\/span><\/td>\n<\/tr>\n<tr>\n<td width=\"109\">Time trial bike<\/p>\n<p>&nbsp;<\/td>\n<td width=\"91\"><span style=\"color: #999999;\">YES<\/span><\/td>\n<td width=\"100\"><span style=\"color: #999999;\">NOT<\/span><\/td>\n<td width=\"100\"><span style=\"color: #999999;\">NOT<\/span><\/td>\n<td width=\"100\"><span style=\"color: #999999;\">YES<\/span><\/td>\n<td width=\"100\"><span style=\"color: #999999;\">NOT<\/span><\/td>\n<\/tr>\n<tr>\n<td width=\"109\">Road bike, with aerobars<\/p>\n<p>&nbsp;<\/td>\n<td width=\"91\"><span style=\"color: #999999;\">YES<\/span><\/td>\n<td width=\"100\"><span style=\"color: #999999;\">NOT<\/span><\/td>\n<td width=\"100\"><span style=\"color: #999999;\">NOT<\/span><\/td>\n<td width=\"100\"><span style=\"color: #999999;\">YES<\/span><\/td>\n<td width=\"100\"><span style=\"color: #999999;\">NOT<\/span><\/td>\n<\/tr>\n<tr>\n<td width=\"109\">Road bike, without aerobars<\/p>\n<p>&nbsp;<\/td>\n<td width=\"91\"><span style=\"color: #999999;\">YES<\/span><\/td>\n<td width=\"100\"><span style=\"color: #999999;\">YES<\/span><\/td>\n<td width=\"100\"><span style=\"color: #999999;\">YES<\/span><\/td>\n<td width=\"100\"><span style=\"color: #999999;\">YES<\/span><\/td>\n<td width=\"100\"><span style=\"color: #999999;\">YES<\/span><\/td>\n<\/tr>\n<tr>\n<td width=\"109\">Mountain bike (MTB)<\/p>\n<p>&nbsp;<\/td>\n<td width=\"91\"><span style=\"color: #999999;\">NOT<\/span><\/td>\n<td width=\"100\"><span style=\"color: #999999;\">NOT<\/span><\/td>\n<td width=\"100\"><span style=\"color: #999999;\">YES<\/span><\/td>\n<td width=\"100\"><span style=\"color: #999999;\">NOT<\/span><\/td>\n<td width=\"100\"><span style=\"color: #999999;\">NOT<\/span><\/td>\n<\/tr>\n<\/tbody>\n<\/table>\n<\/div>\n\n\t\t<\/div>\n\t<\/div>\n<\/div><\/div><\/div><\/div><div class=\"vc_row-full-width vc_clearfix\"><\/div><div data-vc-full-width=\"true\" data-vc-full-width-temp=\"true\" data-vc-full-width-init=\"false\" class=\"vc_row wpb_row vc_row-fluid vc_custom_1658246929531\"><div class=\"wpb_column vc_column_container vc_col-sm-12\"><div class=\"vc_column-inner\"><div class=\"wpb_wrapper\"><h2 class=\"sc_title sc_title_regular sc_align_left\" style=\"text-align:left;color:#ffc200;font-weight:600;font-size:27px;\"><b>WHY <span style=\"color: #ffffff;\">EQUIPMENT<\/span> DO I NEED IT FOR THE BIKE COURSE?<\/b><\/h2>\n\t<div class=\"wpb_text_column wpb_content_element\" >\n\t\t<div class=\"wpb_wrapper\">\n\t\t\t<p><span style=\"color: #999999;\">We assume that you already have the right bike for the race you signed up for (see the previous question).<\/span><\/p>\n<p><span style=\"color: #999999;\">It must be perfectly functional, so as not to endanger your safety or that of those around you. First of all, it must have functional brakes. <\/span><\/p>\n<p><span style=\"color: #999999;\">Other aspects you have to take care of would be: the levers must not be damaged, you must have plugs at the end of the handlebars, you must not have artisanal devices on the bike, etc.<\/span><\/p>\n<p><span style=\"color: #999999;\">When handing over the bike in transition area, before the race, a technical official will check its technical condition (a kind of technical inspection). If it does not correspond technically, <strong>you won't be able to compete with it.\u00a0<\/strong><\/span><\/p>\n<p><span style=\"color: #999999;\">You also need a bike helmet which will be checked when entering transition area.<\/span><\/p>\n<p><span style=\"color: #999999;\"><strong>Wearing a bike helmet is mandatory for the entire duration of the bike course.<\/strong>. Failure to comply with this rule may result in disqualification.<\/span><\/p>\n\n\t\t<\/div>\n\t<\/div>\n<\/div><\/div><\/div><\/div><div class=\"vc_row-full-width vc_clearfix\"><\/div><div data-vc-full-width=\"true\" data-vc-full-width-temp=\"true\" data-vc-full-width-init=\"false\" class=\"vc_row wpb_row vc_row-fluid vc_custom_1658246929531\"><div class=\"wpb_column vc_column_container vc_col-sm-12\"><div class=\"vc_column-inner\"><div class=\"wpb_wrapper\"><h2 class=\"sc_title sc_title_regular sc_align_left\" style=\"text-align:left;color:#ffc200;font-weight:600;font-size:27px;\"><b>IS THERE ANY PREFERENTIAL <span style=\"color: #ffffff;\">ACCOMMODATION<\/span> FOR COMPETITORS?<\/b><\/h2>\n\t<div class=\"wpb_text_column wpb_content_element\" >\n\t\t<div class=\"wpb_wrapper\">\n\t\t\t<p><span style=\"color: #999999;\">Yes there is. You can access <a style=\"color: #999999;\" href=\"https:\/\/timisoaratriathlon.ro\/en\/transport-and-accommodation\/\">https:\/\/timisoaratriathlon.ro\/en\/transport-si-cazare\/<\/a>\u00a0 for details.<\/span><\/p>\n\n\t\t<\/div>\n\t<\/div>\n<\/div><\/div><\/div><\/div><div class=\"vc_row-full-width vc_clearfix\"><\/div>\n<\/div>","protected":false},"excerpt":{"rendered":"Dac\u0103 nu ai mai participat la un triatlon \u0219i nu \u0219tii cu ce se m\u0103n\u00e2nc\u0103, te \u00eencuraj\u0103m s\u0103 \u00eentrebi pe cineva care particip\u0103 \u00een mod regulat la astfel de curse. [...]","protected":false},"author":990012,"featured_media":0,"parent":0,"menu_order":0,"comment_status":"closed","ping_status":"closed","template":"","meta":{"rs_blank_template":"","rs_page_bg_color":"","slide_template_v7":"","footnotes":""},"class_list":["post-1944","page","type-page","status-publish","hentry"],"aioseo_notices":[],"_links":{"self":[{"href":"https:\/\/timisoaratriathlon.ro\/en\/wp-json\/wp\/v2\/pages\/1944","targetHints":{"allow":["GET"]}}],"collection":[{"href":"https:\/\/timisoaratriathlon.ro\/en\/wp-json\/wp\/v2\/pages"}],"about":[{"href":"https:\/\/timisoaratriathlon.ro\/en\/wp-json\/wp\/v2\/types\/page"}],"author":[{"embeddable":true,"href":"https:\/\/timisoaratriathlon.ro\/en\/wp-json\/wp\/v2\/users\/990012"}],"replies":[{"embeddable":true,"href":"https:\/\/timisoaratriathlon.ro\/en\/wp-json\/wp\/v2\/comments?post=1944"}],"version-history":[{"count":8,"href":"https:\/\/timisoaratriathlon.ro\/en\/wp-json\/wp\/v2\/pages\/1944\/revisions"}],"predecessor-version":[{"id":3426,"href":"https:\/\/timisoaratriathlon.ro\/en\/wp-json\/wp\/v2\/pages\/1944\/revisions\/3426"}],"wp:attachment":[{"href":"https:\/\/timisoaratriathlon.ro\/en\/wp-json\/wp\/v2\/media?parent=1944"}],"curies":[{"name":"wp","href":"https:\/\/api.w.org\/{rel}","templated":true}]}}