{"id":2215,"date":"2026-03-16T14:16:26","date_gmt":"2026-03-16T12:16:26","guid":{"rendered":"https:\/\/timisoaratriathlon.ro\/?page_id=2215"},"modified":"2026-03-17T17:57:19","modified_gmt":"2026-03-17T15:57:19","slug":"sprint","status":"publish","type":"page","link":"https:\/\/timisoaratriathlon.ro\/en\/sprint\/","title":{"rendered":"SPRINT"},"content":{"rendered":"<div class=\"wpb-content-wrapper\"><div data-vc-full-width=\"true\" data-vc-full-width-temp=\"true\" data-vc-full-width-init=\"false\" class=\"vc_row wpb_row vc_row-fluid vc_custom_1674900143517 vc_row-has-fill vc_row-o-content-top vc_row-flex\"><div class=\"wpb_column vc_column_container vc_col-sm-4 vc_col-has-fill\"><div class=\"vc_column-inner vc_custom_1674900251037\"><div class=\"wpb_wrapper\">\n\t<div  class=\"wpb_single_image wpb_content_element vc_align_center wpb_content_element wpb_animate_when_almost_visible wpb_fadeInUp fadeInUp vc_custom_1674737507517\">\n\t\t\n\t\t<figure class=\"wpb_wrapper vc_figure\">\n\t\t\t<div class=\"vc_single_image-wrapper   vc_box_border_grey\"><\/div>\n\t\t<\/figure>\n\t<\/div>\n\n\t<div class=\"wpb_text_column wpb_content_element vc_custom_1674905283893\" >\n\t\t<div class=\"wpb_wrapper\">\n\t\t\t<div style=\"position: relative; display: inline-block; width: 100%; padding: 15px 0 0 0;\">\n<div style=\"float: left; font-style: normal; font-family: 'Infra'; color: #25408f; font-weight: 900; font-size: 24px; padding-right: 25px; line-height: 30px;\"><span class=\"text-cu-icon\">SWIM<\/span><img loading=\"lazy\" decoding=\"async\" class=\"wp-image-2032 size-full alignnone\" src=\"https:\/\/timisoaratriathlon.ro\/wp-content\/uploads\/2023\/01\/icon-inot-blue.png\" alt=\"\" width=\"45\" height=\"35\" \/><\/div>\n<div style=\"float: right; font-style: normal; font-family: inherit; color: #25408f; font-weight: 900; font-size: 24px; padding-right: 25px; line-height: 30px;\"><span class=\"text-cu-icon\">750m<\/span><\/div>\n<\/div>\n\n\t\t<\/div>\n\t<\/div>\n\n\t<div class=\"wpb_text_column wpb_content_element vc_custom_1675256255254\" >\n\t\t<div class=\"wpb_wrapper\">\n\t\t\t<p><span style=\"color: #25408f;\"><strong>Our scenic swim course in the Bega River, nestled within the vibrant city, offers exceptional visibility for both athletes and enthusiastic spectators. As you glide downstream, you can proudly showcase your exceptional skills, while the captivating and awe-inspiring panoramas from the iconic bridges and riverbanks further enhance the thrilling race experience. Join us now, embrace the opportunity to achieve your personal best, and craft unforgettable memories in the heart of Timisoara.<\/strong><\/span><\/p>\n\n\t\t<\/div>\n\t<\/div>\n\n\t<div class=\"wpb_text_column wpb_content_element vc_custom_1674738017570\" >\n\t\t<div class=\"wpb_wrapper\">\n\t\t\t<p><img loading=\"lazy\" decoding=\"async\" class=\"alignright wp-image-2014 size-full\" src=\"https:\/\/timisoaratriathlon.ro\/wp-content\/uploads\/2023\/01\/icon-start-blue.png\" alt=\"\" width=\"45\" height=\"37\" \/><\/p>\n\n\t\t<\/div>\n\t<\/div>\n<\/div><\/div><\/div><div class=\"wpb_column vc_column_container vc_col-sm-4 vc_col-has-fill\"><div class=\"vc_column-inner vc_custom_1674900258608\"><div class=\"wpb_wrapper\">\n\t<div  class=\"wpb_single_image wpb_content_element vc_align_center wpb_content_element wpb_animate_when_almost_visible wpb_fadeInUp fadeInUp vc_custom_1674738078118\">\n\t\t\n\t\t<figure class=\"wpb_wrapper vc_figure\">\n\t\t\t<div class=\"vc_single_image-wrapper   vc_box_border_grey\"><\/div>\n\t\t<\/figure>\n\t<\/div>\n\n\t<div class=\"wpb_text_column wpb_content_element vc_custom_1674905296196\" >\n\t\t<div class=\"wpb_wrapper\">\n\t\t\t<div style=\"position: relative; display: inline-block; width: 100%; padding: 15px 0 0 0;\">\n<div style=\"float: left; font-style: normal; font-family: 'Infra'; color: #25408f; font-weight: 900; font-size: 24px; padding-right: 25px; line-height: 30px;\"><span class=\"text-cu-icon\">BIKE<\/span><img loading=\"lazy\" decoding=\"async\" class=\"wp-image-2031 size-full alignnone\" src=\"https:\/\/timisoaratriathlon.ro\/wp-content\/uploads\/2023\/01\/icon-ciclism-blue.png\" alt=\"\" width=\"45\" height=\"39\" \/><\/div>\n<div style=\"float: right; font-style: normal; font-family: inherit; color: #25408f; font-weight: 900; font-size: 24px; padding-right: 25px; line-height: 30px;\"><span class=\"text-cu-icon\">21km<\/span><\/div>\n<\/div>\n\n\t\t<\/div>\n\t<\/div>\n\n\t<div class=\"wpb_text_column wpb_content_element vc_custom_1675256268616\" >\n\t\t<div class=\"wpb_wrapper\">\n\t\t\t<p><span style=\"color: #25408f;\"><strong>Experience the thrill of a technical, high-speed bike race at Timisoara Triathlon! Our bike course guides you through the city's boulevards, exclusively reserved for the race. Featuring lengthy straightaways to rev up the velocity and sweeping bends for that extra thrill, you can unleash your full potential. This electrifying track will put your abilities to the test, guaranteeing an unparalleled sense of achievement and pushing your limits to the max.<\/strong><\/span><\/p>\n\n\t\t<\/div>\n\t<\/div>\n\n\t<div class=\"wpb_text_column wpb_content_element vc_custom_1674738017570\" >\n\t\t<div class=\"wpb_wrapper\">\n\t\t\t<p><img loading=\"lazy\" decoding=\"async\" class=\"alignright wp-image-2014 size-full\" src=\"https:\/\/timisoaratriathlon.ro\/wp-content\/uploads\/2023\/01\/icon-start-blue.png\" alt=\"\" width=\"45\" height=\"37\" \/><\/p>\n\n\t\t<\/div>\n\t<\/div>\n<\/div><\/div><\/div><div class=\"wpb_column vc_column_container vc_col-sm-4 vc_col-has-fill\"><div class=\"vc_column-inner vc_custom_1674900276923\"><div class=\"wpb_wrapper\">\n\t<div  class=\"wpb_single_image wpb_content_element vc_align_center wpb_content_element wpb_animate_when_almost_visible wpb_fadeInUp fadeInUp vc_custom_1674738087237\">\n\t\t\n\t\t<figure class=\"wpb_wrapper vc_figure\">\n\t\t\t<div class=\"vc_single_image-wrapper   vc_box_border_grey\"><\/div>\n\t\t<\/figure>\n\t<\/div>\n\n\t<div class=\"wpb_text_column wpb_content_element vc_custom_1674905305479\" >\n\t\t<div class=\"wpb_wrapper\">\n\t\t\t<div style=\"position: relative; display: inline-block; width: 100%; padding: 15px 0 0 0;\">\n<div style=\"float: left; font-style: normal; font-family: 'Infra'; color: #25408f; font-weight: 900; font-size: 24px; padding-right: 25px; line-height: 30px;\"><span class=\"text-cu-icon\">RUN<\/span><img loading=\"lazy\" decoding=\"async\" class=\"wp-image-2058 size-full alignnone\" src=\"https:\/\/timisoaratriathlon.ro\/wp-content\/uploads\/2023\/01\/icon-alergare-blue.png\" alt=\"\" width=\"40\" height=\"44\" \/><\/div>\n<div style=\"float: right; font-style: normal; font-family: inherit; color: #25408f; font-weight: 900; font-size: 24px; padding-right: 25px; line-height: 30px;\"><span class=\"text-cu-icon\">6km<\/span><\/div>\n<\/div>\n\n\t\t<\/div>\n\t<\/div>\n\n\t<div class=\"wpb_text_column wpb_content_element vc_custom_1675256281292\" >\n\t\t<div class=\"wpb_wrapper\">\n\t\t\t<p><span style=\"color: #25408f;\"><strong>Get ready for an energizing run at Timisoara Triathlon! Our run course takes you through the central area, on the sidewalks, where you'll be able to enjoy the refreshing shade of the park alleys. Our enthusiastic volunteers will be there to keep you hydrated and motivated, while supporters will have plenty of opportunities to cheer you on and help you push through to the finish line. With a supportive community and a scenic course, you'll be able to conquer this leg of the triathlon with confidence and enthusiasm.<\/strong><\/span><\/p>\n\n\t\t<\/div>\n\t<\/div>\n\n\t<div class=\"wpb_text_column wpb_content_element vc_custom_1674738017570\" >\n\t\t<div class=\"wpb_wrapper\">\n\t\t\t<p><img loading=\"lazy\" decoding=\"async\" class=\"alignright wp-image-2014 size-full\" src=\"https:\/\/timisoaratriathlon.ro\/wp-content\/uploads\/2023\/01\/icon-start-blue.png\" alt=\"\" width=\"45\" height=\"37\" \/><\/p>\n\n\t\t<\/div>\n\t<\/div>\n<\/div><\/div><\/div><\/div><div class=\"vc_row-full-width vc_clearfix\"><\/div><div data-vc-full-width=\"true\" data-vc-full-width-temp=\"true\" data-vc-full-width-init=\"false\" class=\"vc_row wpb_row vc_row-fluid vc_custom_1675076474557\"><div class=\"wpb_column vc_column_container vc_col-sm-12\"><div class=\"vc_column-inner vc_custom_1698341376600\"><div class=\"wpb_wrapper\"><div class=\"vc_row wpb_row vc_inner vc_row-fluid vc_custom_1674821381468\"><div class=\"wpb_column vc_column_container vc_col-sm-4\"><div class=\"vc_column-inner\"><div class=\"wpb_wrapper\"><\/div><\/div><\/div><div class=\"wpb_column vc_column_container vc_col-sm-4 vc_col-has-fill\"><div class=\"vc_column-inner vc_custom_1674821309662\"><div class=\"wpb_wrapper\"><div class=\"vc_separator wpb_content_element vc_separator_align_center vc_sep_width_100 vc_sep_pos_align_center vc_custom_1674823570403 wpb_content_element cartonas-galben-h vc_separator-has-text\" ><span class=\"vc_sep_holder vc_sep_holder_l\"><span style=\"border-color:#fbd21c;\" class=\"vc_sep_line\"><\/span><\/span><h4>SPRINT<\/h4><span class=\"vc_sep_holder vc_sep_holder_r\"><span style=\"border-color:#fbd21c;\" class=\"vc_sep_line\"><\/span><\/span>\n<\/div>\n\t<div class=\"wpb_text_column wpb_content_element\" >\n\t\t<div class=\"wpb_wrapper\">\n\t\t\t<p style=\"text-align: center;\"><span style=\"color: #ffffff;\">short distance race<\/span><\/p>\n\n\t\t<\/div>\n\t<\/div>\n\n\t<div class=\"wpb_text_column wpb_content_element\" >\n\t\t<div class=\"wpb_wrapper\">\n\t\t\t<div style=\"position: relative; display: inline-block; border-bottom: 1px solid #fbd21c; width: 100%; padding: 15px 0 0 0;\">\n<div style=\"float: left;\"><img loading=\"lazy\" decoding=\"async\" class=\"size-full wp-image-2083 alignnone\" src=\"https:\/\/timisoaratriathlon.ro\/wp-content\/uploads\/2023\/01\/icon-inot-galben.png\" alt=\"\" width=\"45\" height=\"35\" \/><\/div>\n<div style=\"display: block; color: #ffffff; text-align: right; font-weight: 600; float: right; margin-top: 10px; font-size: 19px;\">750m<\/div>\n<\/div>\n<div style=\"position: relative; display: inline-block; border-bottom: 1px solid #fbd21c; width: 100%; padding: 15px 0 0 0;\">\n<div style=\"float: left;\"><img loading=\"lazy\" decoding=\"async\" class=\"size-full wp-image-2083 alignnone\" src=\"https:\/\/timisoaratriathlon.ro\/wp-content\/uploads\/2023\/01\/icon-ciclism-galben.png\" alt=\"\" width=\"45\" height=\"39\" \/><\/div>\n<div style=\"display: block; color: #ffffff; text-align: right; font-weight: 600; float: right; font-size: 19px; margin-top: 14px;\">21km<\/div>\n<\/div>\n<div style=\"position: relative; display: inline-block; border-bottom: 1px solid #fbd21c; width: 100%; padding: 15px 0 0 0;\">\n<div style=\"float: left;\"><img loading=\"lazy\" decoding=\"async\" class=\"size-full wp-image-2083 alignnone\" src=\"https:\/\/timisoaratriathlon.ro\/wp-content\/uploads\/2023\/01\/icon-alergare-galben.png\" alt=\"\" width=\"40\" height=\"44\" \/><\/div>\n<div style=\"display: block; color: #ffffff; text-align: right; font-weight: 600; float: right; font-size: 19px; margin-top: 20px;\">6km<\/div>\n<\/div>\n\n\t\t<\/div>\n\t<\/div>\n<\/div><\/div><\/div><div class=\"wpb_column vc_column_container vc_col-sm-4\"><div class=\"vc_column-inner\"><div class=\"wpb_wrapper\"><\/div><\/div><\/div><\/div><div class=\"vc_btn3-container vc_btn3-center vc_custom_1773763034320 vc_do_btn\" ><a class=\"vc_general vc_btn3 vc_btn3-size-md vc_btn3-shape-rounded vc_btn3-style-flat vc_btn3-icon-right vc_btn3-color-orange\" href=\"https:\/\/in.njuko.com\/timisoara-triathlon-20261758880108895?currentPage=select-competition\" title=\"\">REGISTER <i class=\"vc_btn3-icon\"><\/i><\/a><\/div><div class=\"vc_row wpb_row vc_inner vc_row-fluid vc_custom_1674821324239\"><div class=\"wpb_column vc_column_container vc_col-sm-12\"><div class=\"vc_column-inner\"><div class=\"wpb_wrapper\"><h3 style=\"font-size: 29px;color: #fbd21c;line-height: 35px;text-align: left\" class=\"vc_custom_heading vc_do_custom_heading\" >SPRINT - SWIM COURSE<\/h3>\n\t<div class=\"wpb_text_column wpb_content_element\" >\n\t\t<div class=\"wpb_wrapper\">\n\t\t\t<div style=\"overflow: hidden; position: relative;\">\n<div style=\"position: relative; width: 100%; padding-top: 56.25%; overflow: visible;\"><\/div>\n<p><iframe style=\"position: absolute; top: 0; left: 0; bottom: 0; right: 0; width: 100%; height: 100%;\" src=\"https:\/\/www.plotaroute.com\/embedmap\/2483759?units=km\" name=\"plotaroute_map_2483759\" frameborder=\"0\" scrolling=\"no\" allowfullscreen=\"allowfullscreen\"><\/iframe><\/div>\n\n\t\t<\/div>\n\t<\/div>\n<\/div><\/div><\/div><\/div><div class=\"vc_row wpb_row vc_inner vc_row-fluid vc_custom_1674821324239\"><div class=\"wpb_column vc_column_container vc_col-sm-12\"><div class=\"vc_column-inner\"><div class=\"wpb_wrapper\"><h3 style=\"font-size: 29px;color: #fbd21c;line-height: 35px;text-align: left\" class=\"vc_custom_heading vc_do_custom_heading\" >SPRINT - BIKE COURSE<br \/>\n3 laps<\/h3>\n\t<div class=\"wpb_text_column wpb_content_element\" >\n\t\t<div class=\"wpb_wrapper\">\n\t\t\t<div style=\"overflow: hidden; position: relative;\">\n<div style=\"position: relative; width: 100%; padding-top: 56.25%; overflow: visible;\"><\/div>\n<p><iframe style=\"position: absolute; top: 0; left: 0; bottom: 0; right: 0; width: 100%; height: 100%;\" src=\"https:\/\/www.plotaroute.com\/embedmap\/2483750?units=km\" name=\"plotaroute_map_2483750\" frameborder=\"0\" scrolling=\"no\" allowfullscreen=\"allowfullscreen\"><\/iframe><\/div>\n\n\t\t<\/div>\n\t<\/div>\n<\/div><\/div><\/div><\/div><div class=\"vc_row wpb_row vc_inner vc_row-fluid vc_custom_1674821324239\"><div class=\"wpb_column vc_column_container vc_col-sm-12\"><div class=\"vc_column-inner\"><div class=\"wpb_wrapper\"><h3 style=\"font-size: 29px;color: #fbd21c;line-height: 35px;text-align: left\" class=\"vc_custom_heading vc_do_custom_heading\" >SPRINT - run course<br \/>\n1 lap + connection<\/h3>\n\t<div class=\"wpb_text_column wpb_content_element\" >\n\t\t<div class=\"wpb_wrapper\">\n\t\t\t<div style=\"overflow: hidden; position: relative;\">\n<div style=\"position: relative; width: 100%; padding-top: 56.25%; overflow: visible;\"><\/div>\n<p><iframe style=\"position: absolute; top: 0; left: 0; bottom: 0; right: 0; width: 100%; height: 100%;\" src=\"https:\/\/www.plotaroute.com\/embedmap\/2483745?units=km\" name=\"plotaroute_map_2483745\" frameborder=\"0\" scrolling=\"no\" allowfullscreen=\"allowfullscreen\"><\/iframe><\/div>\n\n\t\t<\/div>\n\t<\/div>\n<\/div><\/div><\/div><\/div><\/div><\/div><\/div><\/div><div class=\"vc_row-full-width vc_clearfix\"><\/div><div data-vc-full-width=\"true\" data-vc-full-width-temp=\"true\" data-vc-full-width-init=\"false\" class=\"vc_row wpb_row vc_row-fluid vc_custom_1674900722609 vc_row-has-fill\"><div class=\"wpb_column vc_column_container vc_col-sm-12 vc_col-has-fill\"><div class=\"vc_column-inner vc_custom_1698341425320\"><div class=\"wpb_wrapper\"><div class=\"vc_btn3-container vc_btn3-center vc_custom_1698341451693 vc_do_btn\" ><a class=\"vc_general vc_btn3 vc_btn3-size-md vc_btn3-shape-rounded vc_btn3-style-flat vc_btn3-icon-right vc_btn3-color-orange\" href=\"https:\/\/timisoaratriathlon.ro\/en\/all-the-races\/\" title=\"All races\">OTHER RACES <i class=\"vc_btn3-icon fas fa-arrow-right\"><\/i><\/a><\/div><\/div><\/div><\/div><\/div><div class=\"vc_row-full-width vc_clearfix\"><\/div>\n<\/div>","protected":false},"excerpt":{"rendered":"\u00ceNOT 750m \u00cenotul pe Canalul Bega, \u00een interiorul ora\u0219ului, ofer\u0103 o foarte bun\u0103 vizibilitate. Publicul poate urm\u0103ri cursa de pe poduri \u0219i de pe ambele maluri, iar pentru tine, traseul [...]","protected":false},"author":990012,"featured_media":0,"parent":0,"menu_order":0,"comment_status":"closed","ping_status":"closed","template":"","meta":{"rs_blank_template":"","rs_page_bg_color":"","slide_template_v7":"","footnotes":""},"class_list":["post-2215","page","type-page","status-publish","hentry"],"aioseo_notices":[],"_links":{"self":[{"href":"https:\/\/timisoaratriathlon.ro\/en\/wp-json\/wp\/v2\/pages\/2215","targetHints":{"allow":["GET"]}}],"collection":[{"href":"https:\/\/timisoaratriathlon.ro\/en\/wp-json\/wp\/v2\/pages"}],"about":[{"href":"https:\/\/timisoaratriathlon.ro\/en\/wp-json\/wp\/v2\/types\/page"}],"author":[{"embeddable":true,"href":"https:\/\/timisoaratriathlon.ro\/en\/wp-json\/wp\/v2\/users\/990012"}],"replies":[{"embeddable":true,"href":"https:\/\/timisoaratriathlon.ro\/en\/wp-json\/wp\/v2\/comments?post=2215"}],"version-history":[{"count":8,"href":"https:\/\/timisoaratriathlon.ro\/en\/wp-json\/wp\/v2\/pages\/2215\/revisions"}],"predecessor-version":[{"id":3767,"href":"https:\/\/timisoaratriathlon.ro\/en\/wp-json\/wp\/v2\/pages\/2215\/revisions\/3767"}],"wp:attachment":[{"href":"https:\/\/timisoaratriathlon.ro\/en\/wp-json\/wp\/v2\/media?parent=2215"}],"curies":[{"name":"wp","href":"https:\/\/api.w.org\/{rel}","templated":true}]}}