{"id":3120,"date":"2026-03-16T14:16:25","date_gmt":"2026-03-16T12:16:25","guid":{"rendered":"https:\/\/timisoaratriathlon.ro\/?page_id=3120"},"modified":"2026-03-16T14:16:25","modified_gmt":"2026-03-16T12:16:25","slug":"triathlon-program-timisoara-2","status":"publish","type":"page","link":"https:\/\/timisoaratriathlon.ro\/en\/triathlon-program-timisoara-2\/","title":{"rendered":"Trikids program"},"content":{"rendered":"<div class=\"wpb-content-wrapper\"><div class=\"vc_row wpb_row vc_row-fluid\"><div class=\"wpb_column vc_column_container vc_col-sm-12\"><div class=\"vc_column-inner\"><div class=\"wpb_wrapper\">\n\t<div class=\"wpb_text_column wpb_content_element\" >\n\t\t<div class=\"wpb_wrapper\">\n\t\t\t<h3 style=\"text-align: center;\"><span style=\"color: #ffffff;\"><strong>TRIKIDS Program \u2013 TIMI\u0218OARA TRIATHLON 2025<\/strong><\/span><\/h3>\n<p>&nbsp;<\/p>\n<p>&nbsp;<\/p>\n<h4 style=\"text-align: left;\"><span style=\"color: #00ccff;\"><strong>Saturday, July 19, 2025<\/strong><\/span><\/h4>\n<h5 style=\"text-align: left;\"><span style=\"color: #ffffff;\"><strong><br \/>\nLiberty Square, Timisoara \u2013&nbsp;<span style=\"color: #00ccff;\"><a style=\"color: #00ccff;\" href=\"https:\/\/goo.gl\/maps\/4zPDQEk1NZcfMEF5A\">https:\/\/goo.gl\/maps\/4zPDQEk1NZcfMEF5A<\/a><\/span><\/strong><\/span><\/h5>\n<h6 style=\"text-align: left;\"><span style=\"color: #ffffff;\"><strong><br \/>\n09:00 Triathlon village opening<br \/>\n09:00-16:00 Adult races within Timi\u0219oara Triathlon 2025<br \/>\n13:00 \u2013 16:00 Kit pick-up for TRIKids competitors at the Timisoara Triathlon tent<\/strong><\/span><\/h6>\n<h4 style=\"text-align: left;\"><span style=\"color: #ffffff;\"><strong><br \/>\n<span style=\"color: #00ccff;\">Sunday, July 20, 2025<\/span><\/strong><\/span><\/h4>\n<h5 style=\"text-align: left;\"><span style=\"color: #ffffff;\"><strong><br \/>\nIancu Huniade Square \u2013 <span style=\"color: #00ccff;\"><a style=\"color: #00ccff;\" href=\"https:\/\/maps.app.goo.gl\/1TTHn3qQMP7b85o29\">https:\/\/maps.app.goo.gl\/1TTHn3qQMP7b85o29<\/a><\/span><br \/>\nLiberty Square \u2013 <span style=\"color: #00ccff;\"><a style=\"color: #00ccff;\" href=\"https:\/\/goo.gl\/maps\/4zPDQEk1NZcfMEF5A\">https:\/\/goo.gl\/maps\/4zPDQEk1NZcfMEF5A<\/a><\/span><br \/>\nJ\u00e1nos Bolyai Street \u2013 <span style=\"color: #00ccff;\"><a style=\"color: #00ccff;\" href=\"https:\/\/maps.app.goo.gl\/1DbFdeRjhH6VhhKNA\">https:\/\/maps.app.goo.gl\/1DbFdeRjhH6VhhKNA<\/a><\/span><\/strong><\/span><\/h5>\n<h6 style=\"text-align: left;\"><span style=\"color: #ffffff;\"><strong><br \/>\n07:30 \u2013 08:30 Kit pick-up for TRIKids competitors (Iancu Huniade Square).<br \/>\n08:00 Opening of the triathlon village (Liberty Square)<br \/>\n07:30 \u2013 08:40 Open transition for equipment introduction (all age groups)<br \/>\n08:50 Mini-technical meeting at the starting location for the 6-8 year old category<br \/>\n09:00 START TRIKids 6-8 years old<br \/>\n09:10 Mini-technical meeting at the starting location for the 9-10 year old category<br \/>\n09:20 START TRIKids 9-10 years old<br \/>\n09:40 Mini-technical meeting at the starting location for the 11-12 year old category<br \/>\n09:50 START TRIKids 11-12 years old<br \/>\n10:20 Technical mini-meeting at the starting location for the 13 year old category<br \/>\n10:30 START TRIKids 13 years old<br \/>\n12:00 TRiKids premiere celebration.<\/strong><\/span><\/h6>\n<h1><\/h1>\n\n\t\t<\/div>\n\t<\/div>\n<div class=\"vc_empty_space\"   style=\"height: 5em\"><span class=\"vc_empty_space_inner\"><\/span><\/div><\/div><\/div><\/div><\/div>\n<\/div>","protected":false},"excerpt":{"rendered":"Programul TRIKIDS - TIMI\u0218OARA TRIATHLON 2025 &nbsp; &nbsp; S\u00e2mb\u0103t\u0103, 19 iulie 2025 Piata Libert\u0103tii, Timi\u0219oara -&nbsp;https:\/\/goo.gl\/maps\/4zPDQEk1NZcfMEF5A 09:00 Deschidere sat triatlon 09:00-16:00 Desf\u0103\u0219urarea curselor de adul\u021bi din cadrul Timi\u0219oara Triathlon 2025 [...]","protected":false},"author":1,"featured_media":0,"parent":0,"menu_order":0,"comment_status":"closed","ping_status":"closed","template":"","meta":{"rs_blank_template":"","rs_page_bg_color":"","slide_template_v7":"","footnotes":""},"class_list":["post-3120","page","type-page","status-publish","hentry"],"aioseo_notices":[],"_links":{"self":[{"href":"https:\/\/timisoaratriathlon.ro\/en\/wp-json\/wp\/v2\/pages\/3120","targetHints":{"allow":["GET"]}}],"collection":[{"href":"https:\/\/timisoaratriathlon.ro\/en\/wp-json\/wp\/v2\/pages"}],"about":[{"href":"https:\/\/timisoaratriathlon.ro\/en\/wp-json\/wp\/v2\/types\/page"}],"author":[{"embeddable":true,"href":"https:\/\/timisoaratriathlon.ro\/en\/wp-json\/wp\/v2\/users\/1"}],"replies":[{"embeddable":true,"href":"https:\/\/timisoaratriathlon.ro\/en\/wp-json\/wp\/v2\/comments?post=3120"}],"version-history":[{"count":2,"href":"https:\/\/timisoaratriathlon.ro\/en\/wp-json\/wp\/v2\/pages\/3120\/revisions"}],"predecessor-version":[{"id":3755,"href":"https:\/\/timisoaratriathlon.ro\/en\/wp-json\/wp\/v2\/pages\/3120\/revisions\/3755"}],"wp:attachment":[{"href":"https:\/\/timisoaratriathlon.ro\/en\/wp-json\/wp\/v2\/media?parent=3120"}],"curies":[{"name":"wp","href":"https:\/\/api.w.org\/{rel}","templated":true}]}}