{"id":3165,"date":"2026-03-16T14:16:25","date_gmt":"2026-03-16T12:16:25","guid":{"rendered":"https:\/\/timisoaratriathlon.ro\/?page_id=3165"},"modified":"2026-03-16T14:16:25","modified_gmt":"2026-03-16T12:16:25","slug":"olympic-3","status":"publish","type":"page","link":"https:\/\/timisoaratriathlon.ro\/en\/olympic-3\/","title":{"rendered":"Children&#039;s race 9-10 years old"},"content":{"rendered":"<div class=\"wpb-content-wrapper\"><div data-vc-full-width=\"true\" data-vc-full-width-temp=\"true\" data-vc-full-width-init=\"false\" class=\"vc_row wpb_row vc_row-fluid vc_custom_1674900143517 vc_row-has-fill vc_row-o-content-top vc_row-flex\"><div class=\"wpb_column vc_column_container vc_col-sm-12\"><div class=\"vc_column-inner vc_custom_1714462413545\"><div class=\"wpb_wrapper\"><div class=\"vc_btn3-container vc_btn3-center vc_do_btn\" ><a class=\"vc_general vc_btn3 vc_btn3-size-md vc_btn3-shape-rounded vc_btn3-style-modern vc_btn3-color-warning\" href=\"https:\/\/in.njuko.com\/timisoara-triathlon-20261758880108895\" title=\"\">REGISTER<\/a><\/div>\n\t<div class=\"wpb_text_column wpb_content_element vc_custom_1714462565708\" >\n\t\t<div class=\"wpb_wrapper\">\n\t\t\t<h6><span style=\"color: #ffffff;\"><strong>The duathlon competition consists of three events: running, cycling and running. These events take place without interruption, being linked to each other by transitions which, in turn, are timed. The final time of the competitor will be calculated from the moment of starting until crossing the finish line, after completing all three events.<\/strong><\/span><\/h6>\n\n\t\t<\/div>\n\t<\/div>\n<\/div><\/div><\/div><\/div><div class=\"vc_row-full-width vc_clearfix\"><\/div><div data-vc-full-width=\"true\" data-vc-full-width-temp=\"true\" data-vc-full-width-init=\"false\" class=\"vc_row wpb_row vc_row-fluid vc_custom_1674900143517 vc_row-has-fill vc_row-o-content-top vc_row-flex\"><div class=\"wpb_column vc_column_container vc_col-sm-4 vc_col-has-fill\"><div class=\"vc_column-inner vc_custom_1674900251037\"><div class=\"wpb_wrapper\">\n\t<div  class=\"wpb_single_image wpb_content_element vc_align_center wpb_content_element wpb_animate_when_almost_visible wpb_fadeInUp fadeInUp vc_custom_1713786335423\">\n\t\t\n\t\t<figure class=\"wpb_wrapper vc_figure\">\n\t\t\t<div class=\"vc_single_image-wrapper   vc_box_border_grey\"><\/div>\n\t\t<\/figure>\n\t<\/div>\n\n\t<div class=\"wpb_text_column wpb_content_element vc_custom_1713786453317\" >\n\t\t<div class=\"wpb_wrapper\">\n\t\t\t<div style=\"position: relative; display: inline-block; width: 100%; padding: 15px 0 0 0;\">\n<div style=\"float: left; font-style: normal; font-family: 'Infra'; color: #25408f; font-weight: 900; font-size: 24px; padding-right: 25px; line-height: 30px;\"><span class=\"text-cu-icon\">RUN<\/span><img loading=\"lazy\" decoding=\"async\" class=\"wp-image-2058 size-full alignnone\" src=\"https:\/\/timisoaratriathlon.ro\/wp-content\/uploads\/2023\/01\/icon-alergare-blue.png\" alt=\"\" width=\"40\" height=\"44\" \/><\/div>\n<div style=\"float: right; font-style: normal; font-family: inherit; color: #25408f; font-weight: 900; font-size: 24px; padding-right: 25px; line-height: 30px;\"><span class=\"text-cu-icon\">400m<\/span><\/div>\n<\/div>\n\n\t\t<\/div>\n\t<\/div>\n\n\t<div class=\"wpb_text_column wpb_content_element vc_custom_1713786773903\" >\n\t\t<div class=\"wpb_wrapper\">\n\t\t\t<p><span style=\"color: #25408f;\"><strong>It takes place in the downtown area, on sidewalks and in the cool alleys of parks. Supporters have many locations and opportunities where they can support and encourage the young competitors.<\/strong><\/span><\/p>\n\n\t\t<\/div>\n\t<\/div>\n\n\t<div class=\"wpb_text_column wpb_content_element vc_custom_1674738017570\" >\n\t\t<div class=\"wpb_wrapper\">\n\t\t\t<p><img loading=\"lazy\" decoding=\"async\" class=\"alignright wp-image-2014 size-full\" src=\"https:\/\/timisoaratriathlon.ro\/wp-content\/uploads\/2023\/01\/icon-start-blue.png\" alt=\"\" width=\"45\" height=\"37\" \/><\/p>\n\n\t\t<\/div>\n\t<\/div>\n<\/div><\/div><\/div><div class=\"wpb_column vc_column_container vc_col-sm-4 vc_col-has-fill\"><div class=\"vc_column-inner vc_custom_1674900258608\"><div class=\"wpb_wrapper\">\n\t<div  class=\"wpb_single_image wpb_content_element vc_align_center wpb_content_element wpb_animate_when_almost_visible wpb_fadeInUp fadeInUp vc_custom_1713786352339\">\n\t\t\n\t\t<figure class=\"wpb_wrapper vc_figure\">\n\t\t\t<div class=\"vc_single_image-wrapper   vc_box_border_grey\"><\/div>\n\t\t<\/figure>\n\t<\/div>\n\n\t<div class=\"wpb_text_column wpb_content_element vc_custom_1713786470204\" >\n\t\t<div class=\"wpb_wrapper\">\n\t\t\t<div style=\"position: relative; display: inline-block; width: 100%; padding: 15px 0 0 0;\">\n<div style=\"float: left; font-style: normal; font-family: 'Infra'; color: #25408f; font-weight: 900; font-size: 24px; padding-right: 25px; line-height: 30px;\"><span class=\"text-cu-icon\">BIKE<\/span><img loading=\"lazy\" decoding=\"async\" class=\"wp-image-2031 size-full alignnone\" src=\"https:\/\/timisoaratriathlon.ro\/wp-content\/uploads\/2023\/01\/icon-ciclism-blue.png\" alt=\"\" width=\"45\" height=\"39\" \/><\/div>\n<div style=\"float: right; font-style: normal; font-family: inherit; color: #25408f; font-weight: 900; font-size: 24px; padding-right: 25px; line-height: 30px;\"><span class=\"text-cu-icon\">3km<\/span><\/div>\n<\/div>\n\n\t\t<\/div>\n\t<\/div>\n\n\t<div class=\"wpb_text_column wpb_content_element vc_custom_1713786795749\" >\n\t\t<div class=\"wpb_wrapper\">\n\t\t\t<p><span style=\"color: #25408f;\"><strong>For the bike route, the boulevards are closed to car traffic during the competition and allow for the organization of an excellent cycling route, with both technical turns and speed sections.<\/strong><\/span><\/p>\n\n\t\t<\/div>\n\t<\/div>\n\n\t<div class=\"wpb_text_column wpb_content_element vc_custom_1674738017570\" >\n\t\t<div class=\"wpb_wrapper\">\n\t\t\t<p><img loading=\"lazy\" decoding=\"async\" class=\"alignright wp-image-2014 size-full\" src=\"https:\/\/timisoaratriathlon.ro\/wp-content\/uploads\/2023\/01\/icon-start-blue.png\" alt=\"\" width=\"45\" height=\"37\" \/><\/p>\n\n\t\t<\/div>\n\t<\/div>\n<\/div><\/div><\/div><div class=\"wpb_column vc_column_container vc_col-sm-4 vc_col-has-fill\"><div class=\"vc_column-inner vc_custom_1674900276923\"><div class=\"wpb_wrapper\">\n\t<div  class=\"wpb_single_image wpb_content_element vc_align_center wpb_content_element wpb_animate_when_almost_visible wpb_fadeInUp fadeInUp vc_custom_1713786367419\">\n\t\t\n\t\t<figure class=\"wpb_wrapper vc_figure\">\n\t\t\t<div class=\"vc_single_image-wrapper   vc_box_border_grey\"><\/div>\n\t\t<\/figure>\n\t<\/div>\n\n\t<div class=\"wpb_text_column wpb_content_element vc_custom_1713786487903\" >\n\t\t<div class=\"wpb_wrapper\">\n\t\t\t<div style=\"position: relative; display: inline-block; width: 100%; padding: 15px 0 0 0;\">\n<div style=\"float: left; font-style: normal; font-family: 'Infra'; color: #25408f; font-weight: 900; font-size: 24px; padding-right: 25px; line-height: 30px;\"><span class=\"text-cu-icon\">RUN<\/span><img loading=\"lazy\" decoding=\"async\" class=\"wp-image-2058 size-full alignnone\" src=\"https:\/\/timisoaratriathlon.ro\/wp-content\/uploads\/2023\/01\/icon-alergare-blue.png\" alt=\"\" width=\"40\" height=\"44\" \/><\/div>\n<div style=\"float: right; font-style: normal; font-family: inherit; color: #25408f; font-weight: 900; font-size: 24px; padding-right: 25px; line-height: 30px;\"><span class=\"text-cu-icon\">300m<\/span><\/div>\n<\/div>\n\n\t\t<\/div>\n\t<\/div>\n\n\t<div class=\"wpb_text_column wpb_content_element vc_custom_1675255727331\" >\n\t\t<div class=\"wpb_wrapper\">\n\t\t\t<p><span style=\"color: #25408f;\"><strong>Get ready for an energizing run at Timisoara Triathlon! Our run course takes you through the central area, on the sidewalks, where you'll be able to enjoy the refreshing shade of the park alleys. Our enthusiastic volunteers will be there to keep you hydrated and motivated, while supporters will have plenty of opportunities to cheer you on and help you push through to the finish line. With a supportive community and a scenic course, you'll be able to conquer this leg of the triathlon with confidence and enthusiasm.<\/strong><\/span><\/p>\n\n\t\t<\/div>\n\t<\/div>\n\n\t<div class=\"wpb_text_column wpb_content_element vc_custom_1674738017570\" >\n\t\t<div class=\"wpb_wrapper\">\n\t\t\t<p><img loading=\"lazy\" decoding=\"async\" class=\"alignright wp-image-2014 size-full\" src=\"https:\/\/timisoaratriathlon.ro\/wp-content\/uploads\/2023\/01\/icon-start-blue.png\" alt=\"\" width=\"45\" height=\"37\" \/><\/p>\n\n\t\t<\/div>\n\t<\/div>\n<\/div><\/div><\/div><\/div><div class=\"vc_row-full-width vc_clearfix\"><\/div><div data-vc-full-width=\"true\" data-vc-full-width-temp=\"true\" data-vc-full-width-init=\"false\" class=\"vc_row wpb_row vc_row-fluid vc_custom_1675074793139\"><div class=\"wpb_column vc_column_container vc_col-sm-12\"><div class=\"vc_column-inner vc_custom_1698341260945\"><div class=\"wpb_wrapper\"><div class=\"vc_row wpb_row vc_inner vc_row-fluid vc_custom_1674821381468\"><div class=\"wpb_column vc_column_container vc_col-sm-4\"><div class=\"vc_column-inner\"><div class=\"wpb_wrapper\"><\/div><\/div><\/div><div class=\"wpb_column vc_column_container vc_col-sm-4 vc_col-has-fill\"><div class=\"vc_column-inner vc_custom_1674821309662\"><div class=\"wpb_wrapper\"><div class=\"vc_separator wpb_content_element vc_separator_align_center vc_sep_width_100 vc_sep_pos_align_center vc_custom_1713787898357 wpb_content_element cartonas-galben-h vc_separator-has-text\" ><span class=\"vc_sep_holder vc_sep_holder_l\"><span style=\"border-color:#fbd21c;\" class=\"vc_sep_line\"><\/span><\/span><h4>CHILDREN 9-10 YEARS OLD<\/h4><span class=\"vc_sep_holder vc_sep_holder_r\"><span style=\"border-color:#fbd21c;\" class=\"vc_sep_line\"><\/span><\/span>\n<\/div>\n\t<div class=\"wpb_text_column wpb_content_element\" >\n\t\t<div class=\"wpb_wrapper\">\n\t\t\t\n\t\t<\/div>\n\t<\/div>\n\n\t<div class=\"wpb_text_column wpb_content_element\" >\n\t\t<div class=\"wpb_wrapper\">\n\t\t\t<div style=\"position: relative; display: inline-block; border-bottom: 1px solid #fbd21c; width: 100%; padding: 15px 0 0 0;\">\n<div style=\"position: relative; display: inline-block; border-bottom: 1px solid #fbd21c; width: 100%; padding: 15px 0 0 0;\">\n<div style=\"position: relative; display: inline-block; border-bottom: 1px solid #fbd21c; width: 100%; padding: 15px 0 0 0;\">\n<div style=\"position: relative; display: inline-block; border-bottom: 1px solid #fbd21c; width: 100%; padding: 15px 0 0 0;\">\n<div style=\"float: left;\"><img loading=\"lazy\" decoding=\"async\" class=\"wp-image-2080 size-full alignnone\" src=\"https:\/\/timisoaratriathlon.ro\/wp-content\/uploads\/2023\/01\/icon-alergare-galben.png\" alt=\"\" width=\"40\" height=\"44\" \/><\/div>\n<div style=\"display: block; color: #ffffff; text-align: right; font-weight: 600; float: right; margin-top: 10px; font-size: 19px;\">1 X 400m<\/div>\n<\/div>\n<div style=\"position: relative; display: inline-block; border-bottom: 1px solid #fbd21c; width: 100%; padding: 15px 0 0 0;\">\n<div style=\"float: left;\"><img loading=\"lazy\" decoding=\"async\" class=\"size-full wp-image-2083 alignnone\" src=\"https:\/\/timisoaratriathlon.ro\/wp-content\/uploads\/2023\/01\/icon-ciclism-galben.png\" alt=\"\" width=\"45\" height=\"39\" \/><\/div>\n<div style=\"display: block; color: #ffffff; text-align: right; font-weight: 600; float: right; font-size: 19px; margin-top: 14px;\">3 x 1km<\/div>\n<\/div>\n<div style=\"position: relative; display: inline-block; border-bottom: 1px solid #fbd21c; width: 100%; padding: 15px 0 0 0;\">\n<div style=\"float: left;\"><img loading=\"lazy\" decoding=\"async\" class=\"size-full wp-image-2083 alignnone\" src=\"https:\/\/timisoaratriathlon.ro\/wp-content\/uploads\/2023\/01\/icon-alergare-galben.png\" alt=\"\" width=\"40\" height=\"44\" \/><\/div>\n<div style=\"display: block; color: #ffffff; text-align: right; font-weight: 600; float: right; font-size: 19px; margin-top: 20px;\">1 x 300m<\/div>\n<\/div>\n<\/div>\n<\/div>\n<\/div>\n\n\t\t<\/div>\n\t<\/div>\n<\/div><\/div><\/div><div class=\"wpb_column vc_column_container vc_col-sm-4\"><div class=\"vc_column-inner\"><div class=\"wpb_wrapper\"><\/div><\/div><\/div><\/div><div class=\"vc_btn3-container vc_btn3-center vc_custom_1749750111813 vc_do_btn\" ><a class=\"vc_general vc_btn3 vc_btn3-size-md vc_btn3-shape-rounded vc_btn3-style-flat vc_btn3-icon-right vc_btn3-color-orange\" href=\"https:\/\/racetime.ro\/events\/148\/register\" title=\"\">REGISTER <i class=\"vc_btn3-icon\"><\/i><\/a><\/div><div class=\"vc_row wpb_row vc_inner vc_row-fluid vc_custom_1674821324239\"><div class=\"wpb_column vc_column_container vc_col-sm-12\"><div class=\"vc_column-inner\"><div class=\"wpb_wrapper\"><h3 style=\"font-size: 29px;color: #fbd21c;line-height: 35px;text-align: left\" class=\"vc_custom_heading vc_do_custom_heading\" >9-10 YEARS TRIKIDS @ TIMISOARA TRIATHLON 2024<\/h3>\n\t<div class=\"wpb_text_column wpb_content_element\" >\n\t\t<div class=\"wpb_wrapper\">\n\t\t\t<div style=\"overflow: hidden; position: relative;\">\n<div style=\"position: relative; width: 100%; padding-top: 56.25%; overflow: visible;\"><\/div>\n<p><iframe style=\"position: absolute; top: 0; left: 0; bottom: 0; right: 0; width: 100%; height: 100%;\" src=\"https:\/\/www.plotaroute.com\/embedcollection\/14658?units=km\" name=\"plotaroute_collection_14658\" frameborder=\"0\" scrolling=\"no\" allowfullscreen=\"allowfullscreen\"><\/iframe><\/div>\n\n\t\t<\/div>\n\t<\/div>\n<\/div><\/div><\/div><\/div><\/div><\/div><\/div><\/div><div class=\"vc_row-full-width vc_clearfix\"><\/div><div data-vc-full-width=\"true\" data-vc-full-width-temp=\"true\" data-vc-full-width-init=\"false\" class=\"vc_row wpb_row vc_row-fluid vc_custom_1674900722609 vc_row-has-fill\"><div class=\"wpb_column vc_column_container vc_col-sm-4\"><div class=\"vc_column-inner vc_custom_1698341606134\"><div class=\"wpb_wrapper\"><\/div><\/div><\/div><div class=\"wpb_column vc_column_container vc_col-sm-4\"><div class=\"vc_column-inner\"><div class=\"wpb_wrapper\"><div class=\"vc_btn3-container vc_btn3-center vc_custom_1698341501818 vc_do_btn\" ><a class=\"vc_general vc_btn3 vc_btn3-size-md vc_btn3-shape-rounded vc_btn3-style-flat vc_btn3-icon-right vc_btn3-color-orange\" href=\"https:\/\/timisoaratriathlon.ro\/en\/all-the-races\/\" title=\"All races\">OTHER RACES <i class=\"vc_btn3-icon fas fa-arrow-right\"><\/i><\/a><\/div><\/div><\/div><\/div><div class=\"wpb_column vc_column_container vc_col-sm-4\"><div class=\"vc_column-inner\"><div class=\"wpb_wrapper\"><\/div><\/div><\/div><\/div><div class=\"vc_row-full-width vc_clearfix\"><\/div>\n<\/div>","protected":false},"excerpt":{"rendered":"\u00ceNSCRIE-TE Competi\u021bia de duatlon este formata din trei probe: alergare, ciclism si alergare. Aceste probe au loc f\u0103r\u0103 \u00eentrerupere, fiind legate \u00eentre ele de tranzi\u021bii care, la r\u00e2ndul lor, sunt [...]","protected":false},"author":1,"featured_media":0,"parent":0,"menu_order":0,"comment_status":"closed","ping_status":"closed","template":"","meta":{"rs_blank_template":"","rs_page_bg_color":"","slide_template_v7":"","footnotes":""},"class_list":["post-3165","page","type-page","status-publish","hentry"],"aioseo_notices":[],"_links":{"self":[{"href":"https:\/\/timisoaratriathlon.ro\/en\/wp-json\/wp\/v2\/pages\/3165","targetHints":{"allow":["GET"]}}],"collection":[{"href":"https:\/\/timisoaratriathlon.ro\/en\/wp-json\/wp\/v2\/pages"}],"about":[{"href":"https:\/\/timisoaratriathlon.ro\/en\/wp-json\/wp\/v2\/types\/page"}],"author":[{"embeddable":true,"href":"https:\/\/timisoaratriathlon.ro\/en\/wp-json\/wp\/v2\/users\/1"}],"replies":[{"embeddable":true,"href":"https:\/\/timisoaratriathlon.ro\/en\/wp-json\/wp\/v2\/comments?post=3165"}],"version-history":[{"count":3,"href":"https:\/\/timisoaratriathlon.ro\/en\/wp-json\/wp\/v2\/pages\/3165\/revisions"}],"predecessor-version":[{"id":3749,"href":"https:\/\/timisoaratriathlon.ro\/en\/wp-json\/wp\/v2\/pages\/3165\/revisions\/3749"}],"wp:attachment":[{"href":"https:\/\/timisoaratriathlon.ro\/en\/wp-json\/wp\/v2\/media?parent=3165"}],"curies":[{"name":"wp","href":"https:\/\/api.w.org\/{rel}","templated":true}]}}