{"id":3465,"date":"2026-03-16T14:16:25","date_gmt":"2026-03-16T12:16:25","guid":{"rendered":"https:\/\/timisoaratriathlon.ro\/?page_id=3465"},"modified":"2026-03-16T14:16:25","modified_gmt":"2026-03-16T12:16:25","slug":"rentabike","status":"publish","type":"page","link":"https:\/\/timisoaratriathlon.ro\/en\/rentabike\/","title":{"rendered":"Rent a Bike"},"content":{"rendered":"<h6 style=\"text-align: center;\">Rent a bike @ TIMI\u0218OARA TRIATHLON<\/h6>\n<p style=\"text-align: center;\">We know that many athletes want to fly to Timisoara and rent a bike from a local supplier.<\/p>\n<p style=\"text-align: center;\">Meet our partner for bike rental services: <a href=\"http:\/\/domestique.ro\"><img loading=\"lazy\" decoding=\"async\" class=\"wp-image-3466 size-medium aligncenter\" src=\"https:\/\/timisoaratriathlon.ro\/wp-content\/uploads\/2025\/03\/Logo-domestique-cycling-black-400x114-1-300x86.png\" alt=\"\" width=\"300\" height=\"86\" \/><\/a><\/p>\n<p style=\"text-align: center;\">Contact the rental service directly using the details below:<\/p>\n<p style=\"text-align: center;\">store@domestique.ro<\/p>\n<p style=\"text-align: center;\">Telephone (WhatsApp) +40755417021<\/p>","protected":false},"excerpt":{"rendered":"<p>Rent a bike @ TIMI\u0218OARA TRIATHLON \u0218tim c\u0103 mul\u021bi sportivi doresc s\u0103 c\u0103l\u0103toreasc\u0103 cu avionul la Timi\u0219oara \u0219i s\u0103 \u00eenchirieze o biciclet\u0103 de la un furnizor local. Face\u021bi cuno\u0219tin\u021b\u0103 cu [&hellip;]<\/p>\n","protected":false},"author":1,"featured_media":0,"parent":0,"menu_order":0,"comment_status":"closed","ping_status":"closed","template":"","meta":{"rs_blank_template":"","rs_page_bg_color":"","slide_template_v7":"","footnotes":""},"class_list":["post-3465","page","type-page","status-publish","hentry"],"aioseo_notices":[],"_links":{"self":[{"href":"https:\/\/timisoaratriathlon.ro\/en\/wp-json\/wp\/v2\/pages\/3465","targetHints":{"allow":["GET"]}}],"collection":[{"href":"https:\/\/timisoaratriathlon.ro\/en\/wp-json\/wp\/v2\/pages"}],"about":[{"href":"https:\/\/timisoaratriathlon.ro\/en\/wp-json\/wp\/v2\/types\/page"}],"author":[{"embeddable":true,"href":"https:\/\/timisoaratriathlon.ro\/en\/wp-json\/wp\/v2\/users\/1"}],"replies":[{"embeddable":true,"href":"https:\/\/timisoaratriathlon.ro\/en\/wp-json\/wp\/v2\/comments?post=3465"}],"version-history":[{"count":1,"href":"https:\/\/timisoaratriathlon.ro\/en\/wp-json\/wp\/v2\/pages\/3465\/revisions"}],"predecessor-version":[{"id":3756,"href":"https:\/\/timisoaratriathlon.ro\/en\/wp-json\/wp\/v2\/pages\/3465\/revisions\/3756"}],"wp:attachment":[{"href":"https:\/\/timisoaratriathlon.ro\/en\/wp-json\/wp\/v2\/media?parent=3465"}],"curies":[{"name":"wp","href":"https:\/\/api.w.org\/{rel}","templated":true}]}}