{"id":1363,"date":"2022-03-27T18:38:52","date_gmt":"2022-03-27T15:38:52","guid":{"rendered":"https:\/\/timisoaratriathlon.ro\/?page_id=1363"},"modified":"2025-10-01T18:01:12","modified_gmt":"2025-10-01T15:01:12","slug":"forgalomkorlatozas","status":"publish","type":"page","link":"https:\/\/timisoaratriathlon.ro\/hu\/forgalomkorlatozas\/","title":{"rendered":"Forgalomkorl\u00e1toz\u00e1sok"},"content":{"rendered":"<div class=\"wpb-content-wrapper\"><div class=\"vc_row wpb_row vc_row-fluid\"><div class=\"wpb_column vc_column_container vc_col-sm-12\"><div class=\"vc_column-inner\"><div class=\"wpb_wrapper\">\n\t<div class=\"wpb_text_column wpb_content_element\" >\n\t\t<div class=\"wpb_wrapper\">\n\t\t\t<p>A rendezv\u00e9ny biztons\u00e1gos lebonyol\u00edt\u00e1sa \u00e9rdek\u00e9ben <strong>2023.07.15. szombat 06:00 \u00e9s 16:00 \u00f3ra k\u00f6z\u00f6tt<\/strong> a KRESZ-szel egy\u00fcttm\u0171k\u00f6dve az al\u00e1bbi forgalomkorl\u00e1toz\u00e1sokat vezetik be:<\/p>\n<h3 style=\"color: #5793e8;\">Korl\u00e1tozz\u00e1k az aut\u00f3forgalmat:<\/h3>\n<ul>\n<li style=\"font-weight: 400;\" aria-level=\"1\" aria-checked=\"false\"><span style=\"font-weight: 400;\">Bd. IC Br\u0103tianu, a Pia\u021ba Iancu Huniade \u00e9s a Szent Michelangel\u00f3val val\u00f3 keresztez\u0151d\u00e9sn\u00e9l l\u00e9v\u0151 k\u00f6rforgalom k\u00f6z\u00f6tti szektor (mindk\u00e9t ir\u00e1nyban);<\/span><\/li>\n<li style=\"font-weight: 400;\" aria-level=\"1\" aria-checked=\"false\"><span style=\"font-weight: 400;\">C. Telbisz u.;<\/span><\/li>\n<li style=\"font-weight: 400;\" aria-level=\"1\" aria-checked=\"false\"><span style=\"font-weight: 400;\">1989. december 20. (mindk\u00e9t \u00e9rz\u00e9kszerv);<\/span><\/li>\n<li style=\"font-weight: 400;\" aria-level=\"1\" aria-checked=\"false\"><span style=\"font-weight: 400;\">M. Cristea p\u00e1tri\u00e1rka str<\/span><\/li>\n<li style=\"font-weight: 400;\" aria-level=\"1\" aria-checked=\"false\"><span style=\"font-weight: 400;\">Bd. M. Eminescu, a St. Patriarh M. Cristea \u00e9s a St. Decembrie 1989. december 20. k\u00f6z\u00f6tti szektor; azt javasoljuk, hogy a t\u00falzs\u00fafolts\u00e1g elker\u00fcl\u00e9se \u00e9rdek\u00e9ben csak a Michelangelo utcai keresztez\u0151d\u00e9sb\u0151l korl\u00e1tozz\u00e1k a lakosok hozz\u00e1f\u00e9r\u00e9s\u00e9t;<\/span><\/li>\n<li style=\"font-weight: 400;\" aria-level=\"1\" aria-checked=\"false\"><span style=\"font-weight: 400;\">Bd. CD Loga, a St. Patriarh M. Cristea \u00e9s Bd. Regele Ferdinand I k\u00f6z\u00f6tti szektor;<\/span><\/li>\n<li style=\"font-weight: 400;\" aria-level=\"1\" aria-checked=\"false\"><span style=\"font-weight: 400;\">Bd. I. Ferdin\u00e1nd kir\u00e1ly;<\/span><\/li>\n<li style=\"font-weight: 400;\" aria-level=\"1\" aria-checked=\"false\"><span style=\"font-weight: 400;\">George Enescu utca; Splaiul Spiru Haret;<\/span><\/li>\n<li style=\"font-weight: 400;\" aria-level=\"1\" aria-checked=\"false\"><span style=\"font-weight: 400;\">h\u00edd Metropolitan A. \u0218aguna \/ Mihai Viteazu;<\/span><\/li>\n<li style=\"font-weight: 400;\" aria-level=\"1\" aria-checked=\"false\"><span style=\"font-weight: 400;\">Bd. M. Viteazu (ir\u00e1ny a K\u00f6zpont fel\u00e9, a Sf. Rosalia utca keresztez\u0151d\u00e9s\u00e9t\u0151l);\u00a0<\/span><\/li>\n<li style=\"font-weight: 400;\" aria-level=\"1\" aria-checked=\"false\"><span style=\"font-weight: 400;\">Bd. V. P\u00e2rvan (mindk\u00e9t ir\u00e1nyban);<\/span><\/li>\n<li style=\"font-weight: 400;\" aria-level=\"1\" aria-checked=\"false\"><span style=\"font-weight: 400;\">T. Lalescu utca (Bd. V. P\u00e2rvan ir\u00e1ny\u00e1ba);<\/span><\/li>\n<li style=\"font-weight: 400;\" aria-level=\"1\" aria-checked=\"false\"><span style=\"font-weight: 400;\">\u00e1thaladva a Michelangelo-j\u00e1raton (mindk\u00e9t ir\u00e1nyban);<\/span><\/li>\n<li style=\"font-weight: 400;\" aria-level=\"1\" aria-checked=\"false\"><span style=\"font-weight: 400;\">Bd. C. Coposu (mindk\u00e9t ir\u00e1nyban);<\/span><\/li>\n<li style=\"font-weight: 400;\" aria-level=\"1\" aria-checked=\"false\"><span style=\"font-weight: 400;\">JH Pestalozzi u. (mindk\u00e9t ir\u00e1nyban; a Cuvin utcai \u00e9s a \u0218tefan cel Mare utcai keresztez\u0151d\u00e9s k\u00f6z\u00f6tti szektorban az 1. s\u00e1v le lesz hat\u00e1rolva, \u00e9s nyitva marad az aut\u00f3forgalom sz\u00e1m\u00e1ra);<\/span><\/li>\n<li style=\"font-weight: 400;\" aria-level=\"1\" aria-checked=\"false\"><span style=\"font-weight: 400;\">Splaiul Dnyeszter (az 1919. augusztus 3-i Bd. \u00e9s Bd. C. Coposu keresztez\u0151d\u00e9se k\u00f6z\u00f6tti szektor);<\/span><\/li>\n<\/ul>\n<p><img loading=\"lazy\" decoding=\"async\" class=\"alignnone size-medium wp-image-1372\" src=\"https:\/\/timisoaratriathlon.ro\/wp-content\/uploads\/2022\/03\/inchideri-Waze-cu-Splaiul-TV-300x199.png\" alt=\"\" width=\"300\" height=\"199\" srcset=\"https:\/\/timisoaratriathlon.ro\/wp-content\/uploads\/2022\/03\/inchideri-Waze-cu-Splaiul-TV-300x199.png 300w, https:\/\/timisoaratriathlon.ro\/wp-content\/uploads\/2022\/03\/inchideri-Waze-cu-Splaiul-TV-1024x680.png 1024w, https:\/\/timisoaratriathlon.ro\/wp-content\/uploads\/2022\/03\/inchideri-Waze-cu-Splaiul-TV-768x510.png 768w, https:\/\/timisoaratriathlon.ro\/wp-content\/uploads\/2022\/03\/inchideri-Waze-cu-Splaiul-TV-500x332.png 500w, https:\/\/timisoaratriathlon.ro\/wp-content\/uploads\/2022\/03\/inchideri-Waze-cu-Splaiul-TV.png 1266w\" sizes=\"auto, (max-width: 300px) 100vw, 300px\" \/><\/p>\n<h3 style=\"color: #5793e8;\">Az aut\u00f3forgalom akad\u00e1lytalanul halad:<\/h3>\n<ul>\n<li style=\"font-weight: 400;\" aria-level=\"1\" aria-checked=\"false\"><span style=\"font-weight: 400;\">a Hotel Continental &gt; str. Michelangelo &gt; linken a Michelangelo \u00e1tj\u00e1r\u00f3 felett \u00e9s a ford\u00edtott linken Aleea FC Ripensia &gt; a Michelangelo \u00e1tj\u00e1r\u00f3 felett <\/span><span style=\"font-weight: 400;\">\u00a0<\/span><span style=\"font-weight: 400;\">Michelangelo utca;<\/span><\/li>\n<li style=\"font-weight: 400;\" aria-level=\"1\" aria-checked=\"false\"><span style=\"font-weight: 400;\">a Splaiul Tudor Vladimirescu kapcsolatr\u00f3l - jobbra a Bd. M. Viteazu-n.<\/span><\/li>\n<\/ul>\n<h3 style=\"color: #5793e8;\">Szervezeti r\u00e9szletek:<\/h3>\n<ul>\n<li style=\"font-weight: 400;\" aria-level=\"1\" aria-checked=\"false\"><span style=\"font-weight: 400;\">forgalomkorl\u00e1toz\u00e1st (k\u00f6z\u00fati \u00e9s tengeri) jelentenek be a Temesv\u00e1ri T\u00f6megk\u00f6zleked\u00e9si V\u00e1llalatn\u00e1l;<\/span><\/li>\n<li style=\"font-weight: 400;\" aria-level=\"1\" aria-checked=\"false\"><span style=\"font-weight: 400;\">a Waze \u00e9s a Google Maps platform felhaszn\u00e1l\u00f3it val\u00f3s id\u0151ben ir\u00e1ny\u00edtj\u00e1k az esem\u00e9ny sor\u00e1n az elker\u00fcl\u0151 \u00fatvonalakon;<\/span><\/li>\n<li style=\"font-weight: 400;\" aria-level=\"1\" aria-checked=\"false\"><span style=\"font-weight: 400;\">\u00f6nk\u00e9nteseket fogunk ig\u00e9nybe venni az \u00f6sszes munkapont biztos\u00edt\u00e1s\u00e1hoz;<\/span><\/li>\n<li style=\"font-weight: 400;\" aria-level=\"1\" aria-checked=\"false\"><span style=\"font-weight: 400;\">az \u00fatvonal lehat\u00e1rol\u00e1sa a r\u00e9sztvev\u0151k biztons\u00e1ga \u00e9rdek\u00e9ben ker\u00edt\u00e9ssel \u00e9s jelz\u0151szalaggal t\u00f6rt\u00e9nik, amelyet a szervez\u0151 biztos\u00edt;<\/span><\/li>\n<li style=\"font-weight: 400;\" aria-level=\"1\" aria-checked=\"false\"><span style=\"font-weight: 400;\">a rendezv\u00e9ny ideje alatt (eg\u00e9szs\u00e9g\u00fcgyi s\u00fcrg\u0151ss\u00e9gi stb.) mozg\u00e1sba hozand\u00f3 parkol\u00f3 aut\u00f3k elt\u00e1vol\u00edt\u00e1sa a rendezv\u00e9ny ter\u00fclet\u00e9r\u0151l \u00f6nk\u00e9ntesek ir\u00e1ny\u00edt\u00e1s\u00e1val, alacsony sebess\u00e9ggel t\u00f6rt\u00e9nik.<\/span><\/li>\n<\/ul>\n\n\t\t<\/div>\n\t<\/div>\n<\/div><\/div><\/div><\/div>\n<\/div>","protected":false},"excerpt":{"rendered":"Pentru desf\u0103\u0219urarea \u00een siguran\u021b\u0103 a evenimentului, s\u00e2mb\u0103t\u0103 15.07.2023 \u00eentre orele 06:00 - 16:00 vor fi instituite urm\u0103toarele restric\u021bii de trafic, \u00een cooperare cu Poli\u021bia Rutier\u0103: Traficul auto va fi restric\u021bionat: [...]","protected":false},"author":990012,"featured_media":0,"parent":0,"menu_order":0,"comment_status":"closed","ping_status":"closed","template":"","meta":{"rs_blank_template":"","rs_page_bg_color":"","slide_template_v7":"","footnotes":""},"class_list":["post-1363","page","type-page","status-publish","hentry"],"aioseo_notices":[],"_links":{"self":[{"href":"https:\/\/timisoaratriathlon.ro\/hu\/wp-json\/wp\/v2\/pages\/1363","targetHints":{"allow":["GET"]}}],"collection":[{"href":"https:\/\/timisoaratriathlon.ro\/hu\/wp-json\/wp\/v2\/pages"}],"about":[{"href":"https:\/\/timisoaratriathlon.ro\/hu\/wp-json\/wp\/v2\/types\/page"}],"author":[{"embeddable":true,"href":"https:\/\/timisoaratriathlon.ro\/hu\/wp-json\/wp\/v2\/users\/990012"}],"replies":[{"embeddable":true,"href":"https:\/\/timisoaratriathlon.ro\/hu\/wp-json\/wp\/v2\/comments?post=1363"}],"version-history":[{"count":9,"href":"https:\/\/timisoaratriathlon.ro\/hu\/wp-json\/wp\/v2\/pages\/1363\/revisions"}],"predecessor-version":[{"id":3434,"href":"https:\/\/timisoaratriathlon.ro\/hu\/wp-json\/wp\/v2\/pages\/1363\/revisions\/3434"}],"wp:attachment":[{"href":"https:\/\/timisoaratriathlon.ro\/hu\/wp-json\/wp\/v2\/media?parent=1363"}],"curies":[{"name":"munkaf\u00fczet","href":"https:\/\/api.w.org\/{rel}","templated":true}]}}