{"id":1534,"date":"2022-04-07T14:20:02","date_gmt":"2022-04-07T11:20:02","guid":{"rendered":"https:\/\/timisoaratriathlon.ro\/?page_id=1534"},"modified":"2025-10-01T18:18:18","modified_gmt":"2025-10-01T15:18:18","slug":"szallitas-es-szallas","status":"publish","type":"page","link":"https:\/\/timisoaratriathlon.ro\/hu\/szallitas-es-szallas\/","title":{"rendered":"Sz\u00e1ll\u00e1s"},"content":{"rendered":"<div class=\"wpb-content-wrapper\"><div class=\"vc_row wpb_row vc_row-fluid\"><div class=\"wpb_column vc_column_container vc_col-sm-12\"><div class=\"vc_column-inner\"><div class=\"wpb_wrapper\">\n\t<div class=\"wpb_text_column wpb_content_element\" >\n\t\t<div class=\"wpb_wrapper\">\n\t\t\t<h6><em><strong><a href=\"https:\/\/all.accor.com\/ssr\/app\/ibis\/rates\/B3H6\/index.en.shtml?compositions=1&amp;dateIn=2024-01-22&amp;nights=1&amp;hideHotelDetails=false&amp;destination=timisoara-romania\"><img loading=\"lazy\" decoding=\"async\" class=\"alignleft wp-image-1836 size-medium\" src=\"https:\/\/timisoaratriathlon.ro\/wp-content\/uploads\/2022\/06\/Logo_ibis_RGB-300x300.png\" alt=\"\" width=\"300\" height=\"300\" srcset=\"https:\/\/timisoaratriathlon.ro\/wp-content\/uploads\/2022\/06\/Logo_ibis_RGB-300x300.png 300w, https:\/\/timisoaratriathlon.ro\/wp-content\/uploads\/2022\/06\/Logo_ibis_RGB-150x150.png 150w, https:\/\/timisoaratriathlon.ro\/wp-content\/uploads\/2022\/06\/Logo_ibis_RGB-768x768.png 768w, https:\/\/timisoaratriathlon.ro\/wp-content\/uploads\/2022\/06\/Logo_ibis_RGB-500x500.png 500w, https:\/\/timisoaratriathlon.ro\/wp-content\/uploads\/2022\/06\/Logo_ibis_RGB-100x100.png 100w, https:\/\/timisoaratriathlon.ro\/wp-content\/uploads\/2022\/06\/Logo_ibis_RGB.png 785w\" sizes=\"auto, (max-width: 300px) 100vw, 300px\" \/><\/a>IBIS Temesv\u00e1r V\u00e1rosk\u00f6zpont.<\/strong><\/em><\/h6>\n<ul style=\"font-weight: 400;\">\n<li>K\u00e9nyelmes elhelyezked\u00e9s, a v\u00e1ros sz\u00edv\u00e9ben, mind\u00f6ssze 5 percre a t\u00f6rt\u00e9nelmi k\u00f6zpontt\u00f3l \u00e9s a verseny c\u00e9lter\u00fclet\u00e9t\u0151l, ahol a d\u00edj\u00e1tad\u00f3 \u00fcnneps\u00e9get is szervezik.<\/li>\n<li>Sz\u00e1ll\u00e1s \u00e9s szolg\u00e1ltat\u00e1sok magas sz\u00ednvonalon<\/li>\n<li>K\u00f6z\u00f6s t\u00e1rsalg\u00f3, terasz \u00e9s \u00e9tterem.<\/li>\n<li>A sz\u00e1llodai szob\u00e1k l\u00e9gkondicion\u00e1ltak, \u00fcl\u0151sarokkal, m\u0171holdas TV-vel, sz\u00e9ffel \u00e9s zuhanyz\u00f3s, saj\u00e1t f\u00fcrd\u0151szob\u00e1val rendelkeznek.<\/li>\n<li>Kedvezm\u00e9nyes parkol\u00e1si lehet\u0151s\u00e9g priv\u00e1t parkol\u00f3helyeken:<\/li>\n<\/ul>\n<p>Kedvezm\u00e9nyes sz\u00e1ll\u00e1s\u00e1rak:<\/p>\n<p class=\"m_3689784607230690970MsoListParagraph\">\u2013&nbsp;&nbsp;&nbsp;&nbsp;&nbsp;&nbsp;&nbsp;&nbsp;&nbsp;&nbsp;<u><\/u>59 \u20ac\/standard szoba egyszem\u00e9lyes elhelyez\u00e9ssel\/\u00e9jszaka.<u><\/u><u><\/u><\/p>\n<p class=\"m_3689784607230690970MsoListParagraph\"><u><\/u>\u2013&nbsp;&nbsp;&nbsp;&nbsp;&nbsp;&nbsp;&nbsp;&nbsp;&nbsp;&nbsp;<u><\/u>70 \u20ac\/standard szoba k\u00e9t\u00e1gyas elhelyez\u00e9ssel\/\u00e9jszaka<u><\/u><u><\/u><\/p>\n<p class=\"m_3689784607230690970MsoNoSpacing\">&nbsp;Az \u00e1rak tartalmazz\u00e1k a reggelit, de nem tartalmazz\u00e1k a 2% helyi ad\u00f3t.<\/p>\n<ul style=\"font-weight: 400;\">\n<li>Foglal\u00e1si ig\u00e9nyeket az al\u00e1bbi e-mail c\u00edmen lehet k\u00fcldeni:&nbsp;<em><a href=\"mailto:cristina.crac@accor.com\">cristina.crac@accor.com<\/a>, haszn\u00e1ld<\/em>d prom\u00f3ci\u00f3s k\u00f3d: <strong>TMTRI2025<\/strong><\/li>\n<\/ul>\n<p class=\"m_3689784607230690970MsoNoSpacing\">.<\/p>\n<p>&nbsp;<\/p>\n<p>&nbsp;<\/p>\n<p>&nbsp;<\/p>\n<p>&nbsp;<\/p>\n<p><a href=\"https:\/\/atlashotel.ro\/\"><img loading=\"lazy\" decoding=\"async\" class=\"alignleft wp-image-3053 size-medium\" src=\"https:\/\/timisoaratriathlon.ro\/wp-content\/uploads\/2024\/01\/Logo-Atlas_1608221-300x139.jpg\" alt=\"\" width=\"300\" height=\"139\"><\/a><\/p>\n<h6><em><strong>&nbsp; &nbsp; ATLAS Hotel Temesv\u00e1r ****<\/strong><\/em><\/h6>\n<p>A sz\u00e1lloda k\u00f6r\u00fclbel\u00fcl 100 m\u00e9terre tal\u00e1lhat\u00f3 a c\u00e9lt\u00f3l \u2013 a Szabads\u00e1g t\u00e9rt\u0151l.<\/p>\n<p class=\"xxmsonormal\">Haszn\u00e1lja ki az al\u00e1bbi kedvezm\u00e9nyes \u00e1rakat:<\/p>\n<ul>\n<li>96 eur\u00f3\/egy\u00e1gyas\/\u00e9jszaka<\/li>\n<li>120 eur\u00f3\/k\u00e9t\u00e1gyas\/\u00e9j<\/li>\n<li><\/li>\n<\/ul>\n<p>*Az \u00e1r tartalmazza az \u00c1FA-t \u00e9s a reggelit. Nem tartalmazza a helyi idegenforgalmi ad\u00f3t, amely 2%.<\/p>\n<p style=\"font-weight: 400;\">A foglal\u00e1s a kedvezm\u00e9nyes k\u00f3d alapj\u00e1n t\u00f6rt\u00e9nik <strong><u>TMTRI2025<\/u><\/strong>.<\/p>\n<p style=\"font-weight: 400;\">A foglal\u00e1s e-mailben t\u00f6rt\u00e9nik. <u><a href=\"mailto:sales@atlashotel.ro\">sales@atlashotel.ro<\/a><\/u> , megeml\u00edtve a fenti k\u00f3dot, a sz\u00e1ll\u00e1s id\u0151tartam\u00e1t \u00e9s a k\u00edv\u00e1nt szobat\u00edpust.<\/p>\n<p>&nbsp;<\/p>\n<p>&nbsp;<\/p>\n<p>&nbsp;<\/p>\n<p>&nbsp;<\/p>\n<p>&nbsp;<\/p>\n<h6><em><strong><img loading=\"lazy\" decoding=\"async\" class=\"wp-image-3499 size-medium alignleft\" src=\"https:\/\/timisoaratriathlon.ro\/wp-content\/uploads\/2025\/05\/Logo-Iosefin-300x89.jpg\" alt=\"\" width=\"300\" height=\"89\">Hotel IOSEFIN RESIDENCE&nbsp;<\/strong><\/em><\/h6>\n<p>A sz\u00e1lloda k\u00f6r\u00fclbel\u00fcl 2 km-re tal\u00e1lhat\u00f3 a c\u00e9lter\u00fclett\u0151l \u2013 a Szabads\u00e1g t\u00e9rt\u0151l.<\/p>\n<p class=\"xxmsonormal\">Haszn\u00e1lja ki az al\u00e1bbi kedvezm\u00e9nyes \u00e1rakat:<\/p>\n<p class=\"xxmsonormal\">-50 eur\u00f3\/st\u00fadi\u00f3 egy\u00e1gyas szob\u00e1ban\/\u00e9j<\/p>\n<p class=\"xxmsonormal\">-70 eur\u00f3\/st\u00fadi\u00f3 vagy apartman k\u00e9t\u00e1gyas elhelyez\u00e9ssel\/\u00e9j.<\/p>\n<p class=\"xxmsonormal\">Az \u00e1rak tartalmazz\u00e1k a reggelit.<\/p>\n<p class=\"xxmsonormal\">A 2% helyi ad\u00f3 nincs benne az \u00e1rban.<\/p>\n<p style=\"font-weight: 400;\">A foglal\u00e1s e-mailben t\u00f6rt\u00e9nik. <a href=\"mailto:office@iosefinresidence.ro\">office@iosefinresidence.ro<\/a> , megeml\u00edtve a k\u00f3dot <strong>TMTRI2025<\/strong>, a tart\u00f3zkod\u00e1s id\u0151tartama \u00e9s a k\u00edv\u00e1nt szobat\u00edpus.<\/p>\n<p>&nbsp;<\/p>\n<p>&nbsp;<\/p>\n<p>&nbsp;<\/p>\n<p>&nbsp;<\/p>\n<p>&nbsp;<\/p>\n<h6><\/h6>\n<h6><em><a href=\"https:\/\/hoteltimisoara.ro\/\"><img loading=\"lazy\" decoding=\"async\" class=\"alignleft wp-image-1843 size-medium\" src=\"https:\/\/timisoaratriathlon.ro\/wp-content\/uploads\/2022\/06\/calm-downtown-01-300x258.png\" alt=\"\" width=\"300\" height=\"258\" srcset=\"https:\/\/timisoaratriathlon.ro\/wp-content\/uploads\/2022\/06\/calm-downtown-01-300x258.png 300w, https:\/\/timisoaratriathlon.ro\/wp-content\/uploads\/2022\/06\/calm-downtown-01-1024x881.png 1024w, https:\/\/timisoaratriathlon.ro\/wp-content\/uploads\/2022\/06\/calm-downtown-01-768x661.png 768w, https:\/\/timisoaratriathlon.ro\/wp-content\/uploads\/2022\/06\/calm-downtown-01-500x430.png 500w, https:\/\/timisoaratriathlon.ro\/wp-content\/uploads\/2022\/06\/calm-downtown-01.png 1250w\" sizes=\"auto, (max-width: 300px) 100vw, 300px\" \/><\/a>SZ\u00c1LLODA TEMISV\u00c1R ****<\/em><\/h6>\n<p>A sz\u00e1lloda k\u00f6r\u00fclbel\u00fcl 150 m\u00e9terre tal\u00e1lhat\u00f3 a finn ter\u00fclett\u0151l - Pia\u021ba Libert\u0103\u021bii \u00e9s m\u00e9lygar\u00e1zzsal rendelkezik.<\/p>\n<p>Haszn\u00e1lja ki az al\u00e1bbi kedvezm\u00e9nyes \u00e1rakat:<\/p>\n<ul>\n<li>Egy\u00e1gyas business szoba \u2013&nbsp;<strong>65 EUR\/\u00e9j<\/strong><\/li>\n<li>K\u00e9t\u00e1gyas business szoba -&nbsp;<strong>75 EUR\/\u00e9j<\/strong><\/li>\n<li>Elit egy\u00e1gyas szoba&nbsp;<strong>\u2013 88 EUR\/\u00e9j<\/strong><\/li>\n<li>K\u00e9t\u00e1gyas elit szoba -&nbsp;<strong>98 EUR\/\u00e9j<\/strong><\/li>\n<\/ul>\n<p style=\"font-weight: 400;\">*az \u00e1r tartalmazza az \u00c1FA-t, a reggelit \u00e9s az ad\u00f3kat<\/p>\n<p style=\"font-weight: 400;\">A foglal\u00e1s a kedvezm\u00e9nyes k\u00f3d alapj\u00e1n t\u00f6rt\u00e9nik <strong><u>TMTRI2026<\/u><\/strong>.<\/p>\n<p style=\"font-weight: 400;\">A foglal\u00e1s e-mailben t\u00f6rt\u00e9nik. <a href=\"mailto:office@hoteltimisoara.ro\" target=\"_blank\" rel=\"noopener\">office@hoteltimisoara.ro<\/a> , megeml\u00edtve a fenti k\u00f3dot, a sz\u00e1ll\u00e1s id\u0151tartam\u00e1t \u00e9s a k\u00edv\u00e1nt szobat\u00edpust.<\/p>\n<p style=\"font-weight: 400;\">A szolg\u00e1ltat\u00e1sok\u00e9rt k\u00e9szp\u00e9nzzel\/k\u00e1rty\u00e1val kell fizetni a recepci\u00f3n.<\/p>\n<p>&nbsp;<\/p>\n\n\t\t<\/div>\n\t<\/div>\n<\/div><\/div><\/div><\/div>\n<\/div>","protected":false},"excerpt":{"rendered":"IBIS Timi\u0219oara City Center. Amplasare convenabil\u0103, \u00een inima ora\u0219ului, la doar 5 minute de centrul istoric si zona de finish a competitiei unde se organizeaza si festivitatea de premiere Cazarea [...]","protected":false},"author":990012,"featured_media":0,"parent":0,"menu_order":0,"comment_status":"closed","ping_status":"closed","template":"","meta":{"rs_blank_template":"","rs_page_bg_color":"","slide_template_v7":"","footnotes":""},"class_list":["post-1534","page","type-page","status-publish","hentry"],"aioseo_notices":[],"_links":{"self":[{"href":"https:\/\/timisoaratriathlon.ro\/hu\/wp-json\/wp\/v2\/pages\/1534","targetHints":{"allow":["GET"]}}],"collection":[{"href":"https:\/\/timisoaratriathlon.ro\/hu\/wp-json\/wp\/v2\/pages"}],"about":[{"href":"https:\/\/timisoaratriathlon.ro\/hu\/wp-json\/wp\/v2\/types\/page"}],"author":[{"embeddable":true,"href":"https:\/\/timisoaratriathlon.ro\/hu\/wp-json\/wp\/v2\/users\/990012"}],"replies":[{"embeddable":true,"href":"https:\/\/timisoaratriathlon.ro\/hu\/wp-json\/wp\/v2\/comments?post=1534"}],"version-history":[{"count":14,"href":"https:\/\/timisoaratriathlon.ro\/hu\/wp-json\/wp\/v2\/pages\/1534\/revisions"}],"predecessor-version":[{"id":3711,"href":"https:\/\/timisoaratriathlon.ro\/hu\/wp-json\/wp\/v2\/pages\/1534\/revisions\/3711"}],"wp:attachment":[{"href":"https:\/\/timisoaratriathlon.ro\/hu\/wp-json\/wp\/v2\/media?parent=1534"}],"curies":[{"name":"munkaf\u00fczet","href":"https:\/\/api.w.org\/{rel}","templated":true}]}}