{"id":1539,"date":"2022-04-07T14:26:25","date_gmt":"2022-04-07T11:26:25","guid":{"rendered":"https:\/\/timisoaratriathlon.ro\/?page_id=1539"},"modified":"2024-07-26T16:43:26","modified_gmt":"2024-07-26T13:43:26","slug":"csatlakozas","status":"publish","type":"page","link":"https:\/\/timisoaratriathlon.ro\/hu\/csatlakozas\/","title":{"rendered":"Csatlakoz\u00e1s"},"content":{"rendered":"<p>bek\u00f6t\u0151utak a n\u00e9z\u0151k sz\u00e1m\u00e1ra \u2013 hamarosan<\/p>","protected":false},"excerpt":{"rendered":"<p>bek\u00f6t\u0151utak a n\u00e9z\u0151k sz\u00e1m\u00e1ra \u2013 hamarosan<\/p>","protected":false},"author":990012,"featured_media":0,"parent":0,"menu_order":0,"comment_status":"closed","ping_status":"closed","template":"","meta":{"rs_blank_template":"","rs_page_bg_color":"","slide_template_v7":"","footnotes":""},"class_list":["post-1539","page","type-page","status-publish","hentry"],"aioseo_notices":[],"_links":{"self":[{"href":"https:\/\/timisoaratriathlon.ro\/hu\/wp-json\/wp\/v2\/pages\/1539","targetHints":{"allow":["GET"]}}],"collection":[{"href":"https:\/\/timisoaratriathlon.ro\/hu\/wp-json\/wp\/v2\/pages"}],"about":[{"href":"https:\/\/timisoaratriathlon.ro\/hu\/wp-json\/wp\/v2\/types\/page"}],"author":[{"embeddable":true,"href":"https:\/\/timisoaratriathlon.ro\/hu\/wp-json\/wp\/v2\/users\/990012"}],"replies":[{"embeddable":true,"href":"https:\/\/timisoaratriathlon.ro\/hu\/wp-json\/wp\/v2\/comments?post=1539"}],"version-history":[{"count":1,"href":"https:\/\/timisoaratriathlon.ro\/hu\/wp-json\/wp\/v2\/pages\/1539\/revisions"}],"predecessor-version":[{"id":1540,"href":"https:\/\/timisoaratriathlon.ro\/hu\/wp-json\/wp\/v2\/pages\/1539\/revisions\/1540"}],"wp:attachment":[{"href":"https:\/\/timisoaratriathlon.ro\/hu\/wp-json\/wp\/v2\/media?parent=1539"}],"curies":[{"name":"munkaf\u00fczet","href":"https:\/\/api.w.org\/{rel}","templated":true}]}}