{"id":1944,"date":"2022-07-19T19:10:57","date_gmt":"2022-07-19T16:10:57","guid":{"rendered":"https:\/\/timisoaratriathlon.ro\/?page_id=1944"},"modified":"2025-10-01T17:59:45","modified_gmt":"2025-10-01T14:59:45","slug":"q-es-a","status":"publish","type":"page","link":"https:\/\/timisoaratriathlon.ro\/hu\/q-es-a\/","title":{"rendered":"K\u00e9rd\u00e9sek \u00e9s v\u00e1laszok"},"content":{"rendered":"<div class=\"wpb-content-wrapper\"><div class=\"vc_row wpb_row vc_row-fluid\"><div class=\"wpb_column vc_column_container vc_col-sm-12\"><div class=\"vc_column-inner\"><div class=\"wpb_wrapper\">\n\t<div class=\"wpb_text_column wpb_content_element\" >\n\t\t<div class=\"wpb_wrapper\">\n\t\t\t<p><span style=\"color: #999999;\"><strong>Ha m\u00e9g soha nem volt\u00e1l triatlonon, \u00e9s nem tudod, mit\u00e9v\u0151 legy\u00e9l, b\u00e1tor\u00edtunk, hogy k\u00e9rdezz meg valakit, aki rendszeresen r\u00e9szt vesz ilyen versenyeken. Biztosan tiszt\u00e1zni fog. Ha nem ismer senkit, aki triatlonoz, keressen a Facebook-k\u00f6z\u00f6ss\u00e9gekben.<\/strong><\/span><\/p>\n\n\t\t<\/div>\n\t<\/div>\n<\/div><\/div><\/div><\/div><div data-vc-full-width=\"true\" data-vc-full-width-temp=\"true\" data-vc-full-width-init=\"false\" class=\"vc_row wpb_row vc_row-fluid vc_custom_1658246929531\"><div class=\"wpb_column vc_column_container vc_col-sm-12\"><div class=\"vc_column-inner\"><div class=\"wpb_wrapper\"><h2 class=\"sc_title sc_title_regular sc_align_left\" style=\"text-align:left;color:#ffc200;font-weight:600;font-size:27px;\"><span style=\"color: #999999;\"><b>NEM SZERETNEK R\u00c9SZVETNI, DE SEG\u00cdTENI A VERSENY SZERVEZ\u00c9S\u00c9BEN. VAN HOGYAN?<\/b><\/span><\/h2>\n\t<div class=\"wpb_text_column wpb_content_element\" >\n\t\t<div class=\"wpb_wrapper\">\n\t\t\t<p><span style=\"color: #999999;\">Abszol\u00fat!<\/span><\/p>\n<p><span style=\"color: #999999;\">Nagy sz\u00fcks\u00e9g\u00fcnk van \u00f6nk\u00e9ntesekre.\u00a0<\/span><\/p>\n<p>K\u00e9rem l\u00e9pjen be <a href=\"https:\/\/timisoaratriathlon.ro\/hu\/onkentesseg\/\">https:\/\/timisoaratriathlon.ro\/voluntariat\/<\/a><\/p>\n<p>Tal\u00e1lkozunk!<\/p>\n\n\t\t<\/div>\n\t<\/div>\n<\/div><\/div><\/div><\/div><div class=\"vc_row-full-width vc_clearfix\"><\/div><div data-vc-full-width=\"true\" data-vc-full-width-temp=\"true\" data-vc-full-width-init=\"false\" class=\"vc_row wpb_row vc_row-fluid vc_custom_1658246929531\"><div class=\"wpb_column vc_column_container vc_col-sm-12\"><div class=\"vc_column-inner\"><div class=\"wpb_wrapper\"><h2 class=\"sc_title sc_title_regular sc_align_left\" style=\"text-align:left;color:#ffc200;font-weight:600;font-size:27px;\"><b>SZ\u00dcKS\u00c9GEM VAN <span style=\"color: #ffffff;\">ENGED\u00c9LY<\/span> A TRIATLON SZ\u00d6VETS\u00c9GB\u0150L?<\/b><\/h2>\n\t<div class=\"wpb_text_column wpb_content_element\" >\n\t\t<div class=\"wpb_wrapper\">\n\t\t\t<p><span style=\"color: #999999;\">Ha egy\u00e9nileg veszel r\u00e9szt, a v\u00e1lasz IGEN, enged\u00e9lyre van sz\u00fcks\u00e9ged, ha pedig nincs meg, akkor nem vehetsz r\u00e9szt a versenyen. <\/span><\/p>\n<p><span style=\"color: #999999;\">Javasoljuk, hogy id\u0151ben szerezze be jogos\u00edtv\u00e1ny\u00e1t, hogy ne \u00e9rjen meglepet\u00e9s. <\/span><\/p>\n<p><span style=\"color: #999999;\">Az \u00e9ves licencre vagy egy versenyre online, a sz\u00f6vets\u00e9g honlapj\u00e1n lehet jelentkezni. <\/span><\/p>\n<p><span style=\"color: #999999;\">Tov\u00e1bbi r\u00e9szletek a c\u00edmen tal\u00e1lhat\u00f3k <a style=\"color: #999999;\" href=\"https:\/\/triatlonromania.ro\/licentiere-informatii\/\">https:\/\/triatlonromania.ro\/licentiere-informatii\/<\/a><\/span><\/p>\n<p><span style=\"color: #999999;\">Ha r\u00e9szt vesz a v\u00e1lt\u00f3ban, akkor NEM kell enged\u00e9ly.<\/span><\/p>\n<p>Ha a Nemzeti Triatlon K\u00f6rversenyen szeretne pontot szerezni, a licencnek \u00e9vesnek kell lennie.<\/p>\n\n\t\t<\/div>\n\t<\/div>\n<\/div><\/div><\/div><\/div><div class=\"vc_row-full-width vc_clearfix\"><\/div><div data-vc-full-width=\"true\" data-vc-full-width-temp=\"true\" data-vc-full-width-init=\"false\" class=\"vc_row wpb_row vc_row-fluid vc_custom_1658246929531\"><div class=\"wpb_column vc_column_container vc_col-sm-12\"><div class=\"vc_column-inner\"><div class=\"wpb_wrapper\"><h2 class=\"sc_title sc_title_regular sc_align_left\" style=\"text-align:left;color:#ffc200;font-weight:600;font-size:27px;\"><b>MIVEL <span style=\"color: #ffffff;\">KER\u00c9KP\u00c1R<\/span> R\u00c9SZT VEHETEK A TIMISOARA TRIATLONON?<\/b><\/h2>\n\t<div class=\"wpb_text_column wpb_content_element\" >\n\t\t<div class=\"wpb_wrapper\">\n\t\t\t<div style=\"overflow-x: auto;\">\n<table width=\"602\">\n<tbody>\n<tr>\n<td width=\"109\"><\/td>\n<td width=\"91\"><span style=\"color: #999999;\">T\u00e1vols\u00e1g F\u00c9L 70,3<\/span><\/td>\n<td width=\"100\"><span style=\"color: #999999;\">OLIMPIAI t\u00e1v<\/span><\/td>\n<td width=\"100\"><span style=\"color: #999999;\">SPRINT \u00e9s SUPERSPRINT t\u00e1v<\/span><\/td>\n<td width=\"100\"><span style=\"color: #999999;\">F\u00c9L rel\u00e9 70.3<\/span><\/td>\n<td width=\"100\"><span style=\"color: #999999;\">OLIMPIAI v\u00e1lt\u00f3<\/span><\/td>\n<\/tr>\n<tr>\n<td width=\"109\">Ellentemp\u00f3s ker\u00e9kp\u00e1r<\/p>\n<p>&nbsp;<\/td>\n<td width=\"91\"><span style=\"color: #999999;\">IGEN<\/span><\/td>\n<td width=\"100\"><span style=\"color: #999999;\">NEM<\/span><\/td>\n<td width=\"100\"><span style=\"color: #999999;\">NEM<\/span><\/td>\n<td width=\"100\"><span style=\"color: #999999;\">IGEN<\/span><\/td>\n<td width=\"100\"><span style=\"color: #999999;\">NEM<\/span><\/td>\n<\/tr>\n<tr>\n<td width=\"109\">Orsz\u00e1g\u00fati ker\u00e9kp\u00e1r, aerobarral \/ orsz\u00e1g\u00fati ker\u00e9kp\u00e1r (verseny), aerobarral<\/p>\n<p>&nbsp;<\/td>\n<td width=\"91\"><span style=\"color: #999999;\">IGEN<\/span><\/td>\n<td width=\"100\"><span style=\"color: #999999;\">NEM<\/span><\/td>\n<td width=\"100\"><span style=\"color: #999999;\">NEM<\/span><\/td>\n<td width=\"100\"><span style=\"color: #999999;\">IGEN<\/span><\/td>\n<td width=\"100\"><span style=\"color: #999999;\">NEM<\/span><\/td>\n<\/tr>\n<tr>\n<td width=\"109\">Orsz\u00e1g\u00fati ker\u00e9kp\u00e1r, aerobar n\u00e9lk\u00fcl \/ orsz\u00e1g\u00fati ker\u00e9kp\u00e1r (verseny), aerobar n\u00e9lk\u00fcl<\/p>\n<p>&nbsp;<\/td>\n<td width=\"91\"><span style=\"color: #999999;\">IGEN<\/span><\/td>\n<td width=\"100\"><span style=\"color: #999999;\">IGEN<\/span><\/td>\n<td width=\"100\"><span style=\"color: #999999;\">IGEN<\/span><\/td>\n<td width=\"100\"><span style=\"color: #999999;\">IGEN<\/span><\/td>\n<td width=\"100\"><span style=\"color: #999999;\">IGEN<\/span><\/td>\n<\/tr>\n<tr>\n<td width=\"109\">Mountain bike (MTB<\/p>\n<p>&nbsp;<\/td>\n<td width=\"91\"><span style=\"color: #999999;\">NEM<\/span><\/td>\n<td width=\"100\"><span style=\"color: #999999;\">NEM<\/span><\/td>\n<td width=\"100\"><span style=\"color: #999999;\">IGEN<\/span><\/td>\n<td width=\"100\"><span style=\"color: #999999;\">NEM<\/span><\/td>\n<td width=\"100\"><span style=\"color: #999999;\">NEM<\/span><\/td>\n<\/tr>\n<\/tbody>\n<\/table>\n<\/div>\n\n\t\t<\/div>\n\t<\/div>\n<\/div><\/div><\/div><\/div><div class=\"vc_row-full-width vc_clearfix\"><\/div><div data-vc-full-width=\"true\" data-vc-full-width-temp=\"true\" data-vc-full-width-init=\"false\" class=\"vc_row wpb_row vc_row-fluid vc_custom_1658246929531\"><div class=\"wpb_column vc_column_container vc_col-sm-12\"><div class=\"vc_column-inner\"><div class=\"wpb_wrapper\"><h2 class=\"sc_title sc_title_regular sc_align_left\" style=\"text-align:left;color:#ffc200;font-weight:600;font-size:27px;\"><b>MI\u00c9RT <span style=\"color: #ffffff;\">FELSZEREL\u00c9S<\/span> VAN SZ\u00dcKS\u00c9GEM R\u00c1 A KER\u00c9KP\u00c1ROS TESZTHEZ?<\/b><\/h2>\n\t<div class=\"wpb_text_column wpb_content_element\" >\n\t\t<div class=\"wpb_wrapper\">\n\t\t\t<p><span style=\"color: #999999;\">Felt\u00e9telezz\u00fck, hogy m\u00e1r rendelkezik a megfelel\u0151 ker\u00e9kp\u00e1rral ahhoz a versenyhez, amelyre jelentkezett (l\u00e1sd az el\u0151z\u0151 k\u00e9rd\u00e9st).<\/span><\/p>\n<p><span style=\"color: #999999;\">T\u00f6k\u00e9letesen m\u0171k\u00f6d\u0151k\u00e9pesnek kell lennie, hogy ne vesz\u00e9lyeztesse az \u00d6n vagy a k\u00f6rnyezet\u00e9ben \u00e9l\u0151k biztons\u00e1g\u00e1t. El\u0151sz\u00f6r is m\u0171k\u00f6d\u0151k\u00e9pes f\u00e9kekkel kell rendelkeznie. <\/span><\/p>\n<p><span style=\"color: #999999;\">A tov\u00e1bbi szempontokra kell \u00fcgyelni: a karoknak eg\u00e9sznek kell lenni\u00fck, a korm\u00e1ny v\u00e9g\u00e9n doppingolt\u00e1snak kell lennie, nem lehetnek k\u00e9zm\u0171ves eszk\u00f6z\u00f6k a ker\u00e9kp\u00e1ron stb.<\/span><\/p>\n<p><span style=\"color: #999999;\">A ker\u00e9kp\u00e1r \u00e1tad\u00e1sakor, a verseny d\u00e9lel\u0151ttj\u00e9n m\u0171szaki tisztvisel\u0151 ellen\u0151rzi annak m\u0171szaki \u00e1llapot\u00e1t (egyfajta m\u0171szaki vizsg\u00e1lat). Ha technikailag nem egyezik, <strong>nem fogsz tudni versenyezni vele.\u00a0<\/strong><\/span><\/p>\n<p><span style=\"color: #999999;\">Sz\u00fcks\u00e9ge van egy ker\u00e9kp\u00e1ros buk\u00f3sisakra is, amelyet az \u00e1t\u00e1ll\u00e1skor ellen\u0151rz\u00fcnk.<\/span><\/p>\n<p><span style=\"color: #999999;\"><strong>A ker\u00e9kp\u00e1ros buk\u00f3sisak visel\u00e9se a ker\u00e9kp\u00e1ros rendezv\u00e9ny teljes id\u0151tartama alatt k\u00f6telez\u0151<\/strong>. E szab\u00e1ly be nem tart\u00e1sa kiz\u00e1r\u00e1st vonhat maga ut\u00e1n.<\/span><\/p>\n\n\t\t<\/div>\n\t<\/div>\n<\/div><\/div><\/div><\/div><div class=\"vc_row-full-width vc_clearfix\"><\/div><div data-vc-full-width=\"true\" data-vc-full-width-temp=\"true\" data-vc-full-width-init=\"false\" class=\"vc_row wpb_row vc_row-fluid vc_custom_1658246929531\"><div class=\"wpb_column vc_column_container vc_col-sm-12\"><div class=\"vc_column-inner\"><div class=\"wpb_wrapper\"><h2 class=\"sc_title sc_title_regular sc_align_left\" style=\"text-align:left;color:#ffc200;font-weight:600;font-size:27px;\"><b>VAN PARTNERS\u00c9GEK AZ <span style=\"color: #ffffff;\">SZ\u00c1LL\u00c1S<\/span> VERSENYZET\u0150KNEK?<\/b><\/h2>\n\t<div class=\"wpb_text_column wpb_content_element\" >\n\t\t<div class=\"wpb_wrapper\">\n\t\t\t<p><span style=\"color: #999999;\">Igen van. Hozz\u00e1f\u00e9rhetsz <a style=\"color: #999999;\" href=\"https:\/\/timisoaratriathlon.ro\/hu\/szallitas-es-szallas\/\">https:\/\/timisoaratriathlon.ro\/transport-si-cazare\/<\/a>\u00a0 a r\u00e9szletek\u00e9rt.<\/span><\/p>\n\n\t\t<\/div>\n\t<\/div>\n<\/div><\/div><\/div><\/div><div class=\"vc_row-full-width vc_clearfix\"><\/div>\n<\/div>","protected":false},"excerpt":{"rendered":"Dac\u0103 nu ai mai participat la un triatlon \u0219i nu \u0219tii cu ce se m\u0103n\u00e2nc\u0103, te \u00eencuraj\u0103m s\u0103 \u00eentrebi pe cineva care particip\u0103 \u00een mod regulat la astfel de curse. [...]","protected":false},"author":990012,"featured_media":0,"parent":0,"menu_order":0,"comment_status":"closed","ping_status":"closed","template":"","meta":{"rs_blank_template":"","rs_page_bg_color":"","slide_template_v7":"","footnotes":""},"class_list":["post-1944","page","type-page","status-publish","hentry"],"aioseo_notices":[],"_links":{"self":[{"href":"https:\/\/timisoaratriathlon.ro\/hu\/wp-json\/wp\/v2\/pages\/1944","targetHints":{"allow":["GET"]}}],"collection":[{"href":"https:\/\/timisoaratriathlon.ro\/hu\/wp-json\/wp\/v2\/pages"}],"about":[{"href":"https:\/\/timisoaratriathlon.ro\/hu\/wp-json\/wp\/v2\/types\/page"}],"author":[{"embeddable":true,"href":"https:\/\/timisoaratriathlon.ro\/hu\/wp-json\/wp\/v2\/users\/990012"}],"replies":[{"embeddable":true,"href":"https:\/\/timisoaratriathlon.ro\/hu\/wp-json\/wp\/v2\/comments?post=1944"}],"version-history":[{"count":8,"href":"https:\/\/timisoaratriathlon.ro\/hu\/wp-json\/wp\/v2\/pages\/1944\/revisions"}],"predecessor-version":[{"id":3426,"href":"https:\/\/timisoaratriathlon.ro\/hu\/wp-json\/wp\/v2\/pages\/1944\/revisions\/3426"}],"wp:attachment":[{"href":"https:\/\/timisoaratriathlon.ro\/hu\/wp-json\/wp\/v2\/media?parent=1944"}],"curies":[{"name":"munkaf\u00fczet","href":"https:\/\/api.w.org\/{rel}","templated":true}]}}