{"id":2131,"date":"2026-03-16T14:16:26","date_gmt":"2026-03-16T12:16:26","guid":{"rendered":"https:\/\/timisoaratriathlon.ro\/?page_id=2131"},"modified":"2026-03-16T14:16:26","modified_gmt":"2026-03-16T12:16:26","slug":"visszaszamlalas","status":"publish","type":"page","link":"https:\/\/timisoaratriathlon.ro\/hu\/visszaszamlalas\/","title":{"rendered":"visszasz\u00e1ml\u00e1l\u00e1s"},"content":{"rendered":"<div class=\"wpb-content-wrapper\"><div class=\"vc_row wpb_row vc_row-fluid\"><div class=\"wpb_column vc_column_container vc_col-sm-12\"><div class=\"vc_column-inner\"><div class=\"wpb_wrapper\"><div id=\"sc_countdown_1230306518\" class=\"sc_countdown sc_countdown_style_2 aligncenter zindecs\" style=\"margin-top:-50%;\" data-date=\"2023-07-15\" data-time=\"00:00:00\" data-animation=\"animated fadeIn normal\"><div class=\"sc_countdown_inner\"><div class=\"sc_countdown_item sc_countdown_days\"><span class=\"sc_countdown_digits\"><span><\/span><span><\/span><span><\/span><\/span><span class=\"sc_countdown_label\">Napok<\/span><\/div><div class=\"sc_countdown_separator\">:<\/div><div class=\"sc_countdown_item sc_countdown_hours\"><span class=\"sc_countdown_digits\"><span><\/span><span><\/span><\/span><span class=\"sc_countdown_label\">\u00d3r\u00e1k<\/span><\/div><div class=\"sc_countdown_separator\">:<\/div><div class=\"sc_countdown_item sc_countdown_minutes\"><span class=\"sc_countdown_digits\"><span><\/span><span><\/span><\/span><span class=\"sc_countdown_label\">Jegyz\u0151k\u00f6nyv<\/span><\/div><div class=\"sc_countdown_separator\">:<\/div><div class=\"sc_countdown_item sc_countdown_seconds\"><span class=\"sc_countdown_digits\"><span><\/span><span><\/span><\/span><span class=\"sc_countdown_label\">M\u00e1sodperc<\/span><\/div><div class=\"sc_countdown_placeholder hide\"><\/div><\/div><\/div><\/div><\/div><\/div><\/div>\n<\/div>","protected":false},"excerpt":{"rendered":"Napok:\u00d3r\u00e1k:Percek:M\u00e1sodpercek","protected":false},"author":1,"featured_media":0,"parent":0,"menu_order":0,"comment_status":"closed","ping_status":"closed","template":"","meta":{"rs_blank_template":"","rs_page_bg_color":"","slide_template_v7":"","footnotes":""},"class_list":["post-2131","page","type-page","status-publish","hentry"],"aioseo_notices":[],"_links":{"self":[{"href":"https:\/\/timisoaratriathlon.ro\/hu\/wp-json\/wp\/v2\/pages\/2131","targetHints":{"allow":["GET"]}}],"collection":[{"href":"https:\/\/timisoaratriathlon.ro\/hu\/wp-json\/wp\/v2\/pages"}],"about":[{"href":"https:\/\/timisoaratriathlon.ro\/hu\/wp-json\/wp\/v2\/types\/page"}],"author":[{"embeddable":true,"href":"https:\/\/timisoaratriathlon.ro\/hu\/wp-json\/wp\/v2\/users\/1"}],"replies":[{"embeddable":true,"href":"https:\/\/timisoaratriathlon.ro\/hu\/wp-json\/wp\/v2\/comments?post=2131"}],"version-history":[{"count":1,"href":"https:\/\/timisoaratriathlon.ro\/hu\/wp-json\/wp\/v2\/pages\/2131\/revisions"}],"predecessor-version":[{"id":3407,"href":"https:\/\/timisoaratriathlon.ro\/hu\/wp-json\/wp\/v2\/pages\/2131\/revisions\/3407"}],"wp:attachment":[{"href":"https:\/\/timisoaratriathlon.ro\/hu\/wp-json\/wp\/v2\/media?parent=2131"}],"curies":[{"name":"munkaf\u00fczet","href":"https:\/\/api.w.org\/{rel}","templated":true}]}}