{"id":2242,"date":"2026-03-16T14:16:25","date_gmt":"2026-03-16T12:16:25","guid":{"rendered":"https:\/\/timisoaratriathlon.ro\/?page_id=2242"},"modified":"2026-03-17T17:58:55","modified_gmt":"2026-03-17T15:58:55","slug":"olimpiai-valto-2","status":"publish","type":"page","link":"https:\/\/timisoaratriathlon.ro\/hu\/olimpiai-valto-2\/","title":{"rendered":"OLIMPIAI V\u00c1LT\u00d3"},"content":{"rendered":"<div class=\"wpb-content-wrapper\"><div data-vc-full-width=\"true\" data-vc-full-width-temp=\"true\" data-vc-full-width-init=\"false\" class=\"vc_row wpb_row vc_row-fluid vc_custom_1674900143517 vc_row-has-fill vc_row-o-content-top vc_row-flex\"><div class=\"wpb_column vc_column_container vc_col-sm-4 vc_col-has-fill\"><div class=\"vc_column-inner vc_custom_1674900251037\"><div class=\"wpb_wrapper\">\n\t<div  class=\"wpb_single_image wpb_content_element vc_align_center wpb_content_element wpb_animate_when_almost_visible wpb_fadeInUp fadeInUp vc_custom_1674737507517\">\n\t\t\n\t\t<figure class=\"wpb_wrapper vc_figure\">\n\t\t\t<div class=\"vc_single_image-wrapper   vc_box_border_grey\"><\/div>\n\t\t<\/figure>\n\t<\/div>\n\n\t<div class=\"wpb_text_column wpb_content_element vc_custom_1674906350827\" >\n\t\t<div class=\"wpb_wrapper\">\n\t\t\t<div style=\"position: relative; display: inline-block; width: 100%; padding: 15px 0 0 0;\">\n<div style=\"float: left; font-style: normal; font-family: 'Infra'; color: #25408f; font-weight: 900; font-size: 24px; padding-right: 25px; line-height: 30px;\"><span class=\"text-cu-icon\">\u00daSZ\u00c1S<\/span><img loading=\"lazy\" decoding=\"async\" class=\"wp-image-2032 size-full alignnone\" src=\"https:\/\/timisoaratriathlon.ro\/wp-content\/uploads\/2023\/01\/icon-inot-blue.png\" alt=\"\" width=\"45\" height=\"35\" \/><\/div>\n<div style=\"float: right; font-style: normal; font-family: inherit; color: #25408f; font-weight: 900; font-size: 24px; padding-right: 25px; line-height: 30px;\"><span class=\"text-cu-icon\">1,5 km<\/span><\/div>\n<\/div>\n\n\t\t<\/div>\n\t<\/div>\n\n\t<div class=\"wpb_text_column wpb_content_element vc_custom_1675260548206\" >\n\t\t<div class=\"wpb_wrapper\">\n\t\t\t<p><span style=\"color: #25408f;\"><strong>A v\u00e1roson bel\u00fcli Bega-csatorn\u00e1n val\u00f3 \u00fasz\u00e1s nagyon j\u00f3 kil\u00e1t\u00e1st k\u00edn\u00e1l. A k\u00f6z\u00f6ns\u00e9g a hidakr\u00f3l \u00e9s mindk\u00e9t partr\u00f3l k\u00f6vetheti a versenyt, sz\u00e1modra pedig kellemes meglepet\u00e9s lesz a lefel\u00e9 tart\u00f3 \u00fatvonal sok szem\u00e9lyes rekorddal.<\/strong><\/span><\/p>\n\n\t\t<\/div>\n\t<\/div>\n\n\t<div class=\"wpb_text_column wpb_content_element vc_custom_1674738017570\" >\n\t\t<div class=\"wpb_wrapper\">\n\t\t\t<p><img loading=\"lazy\" decoding=\"async\" class=\"alignright wp-image-2014 size-full\" src=\"https:\/\/timisoaratriathlon.ro\/wp-content\/uploads\/2023\/01\/icon-start-blue.png\" alt=\"\" width=\"45\" height=\"37\" \/><\/p>\n\n\t\t<\/div>\n\t<\/div>\n<\/div><\/div><\/div><div class=\"wpb_column vc_column_container vc_col-sm-4 vc_col-has-fill\"><div class=\"vc_column-inner vc_custom_1674900258608\"><div class=\"wpb_wrapper\">\n\t<div  class=\"wpb_single_image wpb_content_element vc_align_center wpb_content_element wpb_animate_when_almost_visible wpb_fadeInUp fadeInUp vc_custom_1674738078118\">\n\t\t\n\t\t<figure class=\"wpb_wrapper vc_figure\">\n\t\t\t<div class=\"vc_single_image-wrapper   vc_box_border_grey\"><\/div>\n\t\t<\/figure>\n\t<\/div>\n\n\t<div class=\"wpb_text_column wpb_content_element vc_custom_1674906360473\" >\n\t\t<div class=\"wpb_wrapper\">\n\t\t\t<div style=\"position: relative; display: inline-block; width: 100%; padding: 15px 0 0 0;\">\n<div style=\"float: left; font-style: normal; font-family: 'Infra'; color: #25408f; font-weight: 900; font-size: 24px; padding-right: 25px; line-height: 30px;\"><span class=\"text-cu-icon\">KER\u00c9KP\u00c1ROZ\u00c1S<\/span><img loading=\"lazy\" decoding=\"async\" class=\"wp-image-2031 size-full alignnone\" src=\"https:\/\/timisoaratriathlon.ro\/wp-content\/uploads\/2023\/01\/icon-ciclism-blue.png\" alt=\"\" width=\"45\" height=\"39\" \/><\/div>\n<div style=\"float: right; font-style: normal; font-family: inherit; color: #25408f; font-weight: 900; font-size: 24px; padding-right: 25px; line-height: 30px;\"><span class=\"text-cu-icon\">41,5 km<\/span><\/div>\n<\/div>\n\n\t\t<\/div>\n\t<\/div>\n\n\t<div class=\"wpb_text_column wpb_content_element vc_custom_1675260557459\" >\n\t\t<div class=\"wpb_wrapper\">\n\t\t\t<p><span style=\"color: #25408f;\"><strong>A ker\u00e9kp\u00e1r\u00fatra a v\u00e1ros hossz\u00fa k\u00f6r\u00fatjait a verseny idej\u00e9re lez\u00e1rj\u00e1k az aut\u00f3forgalom el\u0151l, \u00e9s lehet\u0151v\u00e9 teszik a sz\u00e9les \u00edv\u0171, ak\u00e1r 50 km\/h-s sebess\u00e9g el\u00e9r\u00e9s\u00e9nek lehet\u0151s\u00e9g\u00e9t biztos\u00edt\u00f3, kiv\u00e1l\u00f3 ker\u00e9kp\u00e1r\u00fat megszervez\u00e9s\u00e9t.<br \/>\n<\/strong><\/span><\/p>\n\n\t\t<\/div>\n\t<\/div>\n\n\t<div class=\"wpb_text_column wpb_content_element vc_custom_1674738017570\" >\n\t\t<div class=\"wpb_wrapper\">\n\t\t\t<p><img loading=\"lazy\" decoding=\"async\" class=\"alignright wp-image-2014 size-full\" src=\"https:\/\/timisoaratriathlon.ro\/wp-content\/uploads\/2023\/01\/icon-start-blue.png\" alt=\"\" width=\"45\" height=\"37\" \/><\/p>\n\n\t\t<\/div>\n\t<\/div>\n<\/div><\/div><\/div><div class=\"wpb_column vc_column_container vc_col-sm-4 vc_col-has-fill\"><div class=\"vc_column-inner vc_custom_1674900276923\"><div class=\"wpb_wrapper\">\n\t<div  class=\"wpb_single_image wpb_content_element vc_align_center wpb_content_element wpb_animate_when_almost_visible wpb_fadeInUp fadeInUp vc_custom_1674738087237\">\n\t\t\n\t\t<figure class=\"wpb_wrapper vc_figure\">\n\t\t\t<div class=\"vc_single_image-wrapper   vc_box_border_grey\"><\/div>\n\t\t<\/figure>\n\t<\/div>\n\n\t<div class=\"wpb_text_column wpb_content_element vc_custom_1674906367425\" >\n\t\t<div class=\"wpb_wrapper\">\n\t\t\t<div style=\"position: relative; display: inline-block; width: 100%; padding: 15px 0 0 0;\">\n<div style=\"float: left; font-style: normal; font-family: 'Infra'; color: #25408f; font-weight: 900; font-size: 24px; padding-right: 25px; line-height: 30px;\"><span class=\"text-cu-icon\">FUT\u00c1S<\/span><img loading=\"lazy\" decoding=\"async\" class=\"wp-image-2058 size-full alignnone\" src=\"https:\/\/timisoaratriathlon.ro\/wp-content\/uploads\/2023\/01\/icon-alergare-blue.png\" alt=\"\" width=\"40\" height=\"44\" \/><\/div>\n<div style=\"float: right; font-style: normal; font-family: inherit; color: #25408f; font-weight: 900; font-size: 24px; padding-right: 25px; line-height: 30px;\"><span class=\"text-cu-icon\">10 km<\/span><\/div>\n<\/div>\n\n\t\t<\/div>\n\t<\/div>\n\n\t<div class=\"wpb_text_column wpb_content_element vc_custom_1675260575659\" >\n\t\t<div class=\"wpb_wrapper\">\n\t\t\t<p><span style=\"color: #25408f;\"><strong>A k\u00f6zponti ter\u00fcleten, a j\u00e1rd\u00e1kon \u00e9s a parkok h\u0171v\u00f6s sik\u00e1toraiban j\u00e1tsz\u00f3dik. \u00d6nk\u00e9nteseink hidrat\u00e1lj\u00e1k \u00d6nt az \u00fatvonalon, \u00e9s a szurkol\u00f3knak sz\u00e1mos helyen \u00e9s alkalmak vannak, ahol t\u00e1mogathatnak \u00e9s b\u00e1tor\u00edthatnak.<\/strong><\/span><\/p>\n\n\t\t<\/div>\n\t<\/div>\n\n\t<div class=\"wpb_text_column wpb_content_element vc_custom_1674738017570\" >\n\t\t<div class=\"wpb_wrapper\">\n\t\t\t<p><img loading=\"lazy\" decoding=\"async\" class=\"alignright wp-image-2014 size-full\" src=\"https:\/\/timisoaratriathlon.ro\/wp-content\/uploads\/2023\/01\/icon-start-blue.png\" alt=\"\" width=\"45\" height=\"37\" \/><\/p>\n\n\t\t<\/div>\n\t<\/div>\n<\/div><\/div><\/div><\/div><div class=\"vc_row-full-width vc_clearfix\"><\/div><div data-vc-full-width=\"true\" data-vc-full-width-temp=\"true\" data-vc-full-width-init=\"false\" class=\"vc_row wpb_row vc_row-fluid vc_custom_1675076795262\"><div class=\"wpb_column vc_column_container vc_col-sm-12\"><div class=\"vc_column-inner vc_custom_1698343880289\"><div class=\"wpb_wrapper\"><div class=\"vc_row wpb_row vc_inner vc_row-fluid vc_custom_1674821381468\"><div class=\"wpb_column vc_column_container vc_col-sm-4\"><div class=\"vc_column-inner\"><div class=\"wpb_wrapper\"><\/div><\/div><\/div><div class=\"wpb_column vc_column_container vc_col-sm-4 vc_col-has-fill\"><div class=\"vc_column-inner vc_custom_1674821309662\"><div class=\"wpb_wrapper\"><div class=\"vc_separator wpb_content_element vc_separator_align_center vc_sep_width_100 vc_sep_pos_align_center vc_custom_1674826037906 wpb_content_element cartonas-galben-h vc_separator-has-text\" ><span class=\"vc_sep_holder vc_sep_holder_l\"><span style=\"border-color:#fbd21c;\" class=\"vc_sep_line\"><\/span><\/span><h4>OLIMPIAI V\u00c1LT\u00d3<\/h4><span class=\"vc_sep_holder vc_sep_holder_r\"><span style=\"border-color:#fbd21c;\" class=\"vc_sep_line\"><\/span><\/span>\n<\/div>\n\t<div class=\"wpb_text_column wpb_content_element\" >\n\t\t<div class=\"wpb_wrapper\">\n\t\t\t<p style=\"text-align: center;\"><span style=\"color: #ffffff;\">k\u00f6z\u00e9pt\u00e1v\u00fa verseny<\/span><\/p>\n\n\t\t<\/div>\n\t<\/div>\n\n\t<div class=\"wpb_text_column wpb_content_element\" >\n\t\t<div class=\"wpb_wrapper\">\n\t\t\t<div style=\"position: relative; display: inline-block; border-bottom: 1px solid #fbd21c; width: 100%; padding: 15px 0 0 0;\">\n<div style=\"float: left;\"><img loading=\"lazy\" decoding=\"async\" class=\"size-full wp-image-2083 alignnone\" src=\"https:\/\/timisoaratriathlon.ro\/wp-content\/uploads\/2023\/01\/icon-inot-galben.png\" alt=\"\" width=\"45\" height=\"35\" \/><\/div>\n<div style=\"display: block; color: #ffffff; text-align: right; font-weight: 600; float: right; margin-top: 10px; font-size: 19px;\">1,5 km<\/div>\n<\/div>\n<div style=\"position: relative; display: inline-block; border-bottom: 1px solid #fbd21c; width: 100%; padding: 15px 0 0 0;\">\n<div style=\"float: left;\"><img loading=\"lazy\" decoding=\"async\" class=\"size-full wp-image-2083 alignnone\" src=\"https:\/\/timisoaratriathlon.ro\/wp-content\/uploads\/2023\/01\/icon-ciclism-galben.png\" alt=\"\" width=\"45\" height=\"39\" \/><\/div>\n<div style=\"display: block; color: #ffffff; text-align: right; font-weight: 600; float: right; font-size: 19px; margin-top: 14px;\">41,5 km<\/div>\n<\/div>\n<div style=\"position: relative; display: inline-block; border-bottom: 1px solid #fbd21c; width: 100%; padding: 15px 0 0 0;\">\n<div style=\"float: left;\"><img loading=\"lazy\" decoding=\"async\" class=\"size-full wp-image-2083 alignnone\" src=\"https:\/\/timisoaratriathlon.ro\/wp-content\/uploads\/2023\/01\/icon-alergare-galben.png\" alt=\"\" width=\"40\" height=\"44\" \/><\/div>\n<div style=\"display: block; color: #ffffff; text-align: right; font-weight: 600; float: right; font-size: 19px; margin-top: 20px;\">10 km<\/div>\n<\/div>\n\n\t\t<\/div>\n\t<\/div>\n<\/div><\/div><\/div><div class=\"wpb_column vc_column_container vc_col-sm-4\"><div class=\"vc_column-inner\"><div class=\"wpb_wrapper\"><\/div><\/div><\/div><\/div><div class=\"vc_btn3-container vc_btn3-center vc_custom_1773763132822 vc_do_btn\" ><a class=\"vc_general vc_btn3 vc_btn3-size-md vc_btn3-shape-rounded vc_btn3-style-flat vc_btn3-icon-right vc_btn3-color-orange\" href=\"https:\/\/in.njuko.com\/timisoara-triathlon-20261758880108895?currentPage=select-competition\" title=\"\">REGISZTR\u00c1CI\u00d3 <i class=\"vc_btn3-icon\"><\/i><\/a><\/div><div class=\"vc_row wpb_row vc_inner vc_row-fluid vc_custom_1674821324239\"><div class=\"wpb_column vc_column_container vc_col-sm-12\"><div class=\"vc_column-inner\"><div class=\"wpb_wrapper\"><h3 style=\"font-size: 29px;color: #fbd21c;line-height: 35px;text-align: left\" class=\"vc_custom_heading vc_do_custom_heading\" >OLIMPIAI V\u00c1LT\u00d3 - \u00daSZ\u00c1S \u00daTVONAL<\/h3>\n\t<div class=\"wpb_text_column wpb_content_element\" >\n\t\t<div class=\"wpb_wrapper\">\n\t\t\t<div style=\"overflow: hidden; position: relative;\">\n<div style=\"position: relative; width: 100%; padding-top: 56.25%; overflow: visible;\"><\/div>\n<p><iframe style=\"position: absolute; top: 0; left: 0; bottom: 0; right: 0; width: 100%; height: 100%;\" src=\"https:\/\/www.plotaroute.com\/embedmap\/2483759?units=km\" name=\"plotaroute_map_2483759\" frameborder=\"0\" scrolling=\"no\" allowfullscreen=\"allowfullscreen\"><\/iframe><\/div>\n\n\t\t<\/div>\n\t<\/div>\n<\/div><\/div><\/div><\/div><div class=\"vc_row wpb_row vc_inner vc_row-fluid vc_custom_1674821324239\"><div class=\"wpb_column vc_column_container vc_col-sm-12\"><div class=\"vc_column-inner\"><div class=\"wpb_wrapper\"><h3 style=\"font-size: 29px;color: #fbd21c;line-height: 35px;text-align: left\" class=\"vc_custom_heading vc_do_custom_heading\" >OLIMPIAI V\u00c1LT\u00d3 - KER\u00c9KP\u00c1R\u00daT<br \/>\n6 k\u00f6r<\/h3>\n\t<div class=\"wpb_text_column wpb_content_element\" >\n\t\t<div class=\"wpb_wrapper\">\n\t\t\t<div style=\"overflow: hidden; position: relative;\">\n<div style=\"position: relative; width: 100%; padding-top: 56.25%; overflow: visible;\"><\/div>\n<p><iframe style=\"position: absolute; top: 0; left: 0; bottom: 0; right: 0; width: 100%; height: 100%;\" src=\"https:\/\/www.plotaroute.com\/embedmap\/2483750?units=km\" name=\"plotaroute_map_2483750\" frameborder=\"0\" scrolling=\"no\" allowfullscreen=\"allowfullscreen\"><\/iframe><\/div>\n\n\t\t<\/div>\n\t<\/div>\n<\/div><\/div><\/div><\/div><div class=\"vc_row wpb_row vc_inner vc_row-fluid vc_custom_1674821324239\"><div class=\"wpb_column vc_column_container vc_col-sm-12\"><div class=\"vc_column-inner\"><div class=\"wpb_wrapper\"><h3 style=\"font-size: 29px;color: #fbd21c;line-height: 35px;text-align: left\" class=\"vc_custom_heading vc_do_custom_heading\" >OLIMPIAI V\u00c1LT\u00d3 - FUT\u00d3\u00daTVONAL<br \/>\n2 k\u00f6r + csatlakoz\u00e1s<\/h3>\n\t<div class=\"wpb_text_column wpb_content_element\" >\n\t\t<div class=\"wpb_wrapper\">\n\t\t\t<div style=\"overflow: hidden; position: relative;\">\n<div style=\"position: relative; width: 100%; padding-top: 56.25%; overflow: visible;\"><\/div>\n<p><iframe style=\"position: absolute; top: 0; left: 0; bottom: 0; right: 0; width: 100%; height: 100%;\" src=\"https:\/\/www.plotaroute.com\/embedmap\/2483745?units=km\" name=\"plotaroute_map_2483745\" frameborder=\"0\" scrolling=\"no\" allowfullscreen=\"allowfullscreen\"><\/iframe><\/div>\n\n\t\t<\/div>\n\t<\/div>\n<\/div><\/div><\/div><\/div><\/div><\/div><\/div><\/div><div class=\"vc_row-full-width vc_clearfix\"><\/div><div data-vc-full-width=\"true\" data-vc-full-width-temp=\"true\" data-vc-full-width-init=\"false\" class=\"vc_row wpb_row vc_row-fluid vc_custom_1674900722609 vc_row-has-fill\"><div class=\"wpb_column vc_column_container vc_col-sm-4\"><div class=\"vc_column-inner\"><div class=\"wpb_wrapper\"><\/div><\/div><\/div><div class=\"wpb_column vc_column_container vc_col-sm-4\"><div class=\"vc_column-inner vc_custom_1698343938879\"><div class=\"wpb_wrapper\"><div class=\"vc_btn3-container vc_btn3-center vc_custom_1674906417844 vc_do_btn\" ><a class=\"vc_general vc_btn3 vc_btn3-size-md vc_btn3-shape-rounded vc_btn3-style-flat vc_btn3-icon-right vc_btn3-color-orange\" href=\"https:\/\/timisoaratriathlon.ro\/hu\/fel-70-es-rele-3\/\" title=\"\">R\u00c9SZLETEK <i class=\"vc_btn3-icon fas fa-arrow-right\"><\/i><\/a><\/div><\/div><\/div><\/div><div class=\"wpb_column vc_column_container vc_col-sm-4\"><div class=\"vc_column-inner vc_custom_1698343925387\"><div class=\"wpb_wrapper\"><\/div><\/div><\/div><\/div><div class=\"vc_row-full-width vc_clearfix\"><\/div>\n<\/div>","protected":false},"excerpt":{"rendered":"\u00ceNOT 1.5km \u00cenotul pe Canalul Bega, \u00een interiorul ora\u0219ului, ofer\u0103 o foarte bun\u0103 vizibilitate. Publicul poate urm\u0103ri cursa de pe poduri \u0219i de pe ambele maluri, iar pentru tine, traseul [...]","protected":false},"author":990012,"featured_media":0,"parent":0,"menu_order":0,"comment_status":"closed","ping_status":"closed","template":"","meta":{"rs_blank_template":"","rs_page_bg_color":"","slide_template_v7":"","footnotes":""},"class_list":["post-2242","page","type-page","status-publish","hentry"],"aioseo_notices":[],"_links":{"self":[{"href":"https:\/\/timisoaratriathlon.ro\/hu\/wp-json\/wp\/v2\/pages\/2242","targetHints":{"allow":["GET"]}}],"collection":[{"href":"https:\/\/timisoaratriathlon.ro\/hu\/wp-json\/wp\/v2\/pages"}],"about":[{"href":"https:\/\/timisoaratriathlon.ro\/hu\/wp-json\/wp\/v2\/types\/page"}],"author":[{"embeddable":true,"href":"https:\/\/timisoaratriathlon.ro\/hu\/wp-json\/wp\/v2\/users\/990012"}],"replies":[{"embeddable":true,"href":"https:\/\/timisoaratriathlon.ro\/hu\/wp-json\/wp\/v2\/comments?post=2242"}],"version-history":[{"count":7,"href":"https:\/\/timisoaratriathlon.ro\/hu\/wp-json\/wp\/v2\/pages\/2242\/revisions"}],"predecessor-version":[{"id":3770,"href":"https:\/\/timisoaratriathlon.ro\/hu\/wp-json\/wp\/v2\/pages\/2242\/revisions\/3770"}],"wp:attachment":[{"href":"https:\/\/timisoaratriathlon.ro\/hu\/wp-json\/wp\/v2\/media?parent=2242"}],"curies":[{"name":"munkaf\u00fczet","href":"https:\/\/api.w.org\/{rel}","templated":true}]}}