{"id":2301,"date":"2023-01-27T17:59:33","date_gmt":"2023-01-27T15:59:33","guid":{"rendered":"https:\/\/timisoaratriathlon.ro\/?page_id=2301"},"modified":"2025-10-01T18:03:31","modified_gmt":"2025-10-01T15:03:31","slug":"nezok","status":"publish","type":"page","link":"https:\/\/timisoaratriathlon.ro\/hu\/nezok\/","title":{"rendered":"k\u00f6z\u00f6ns\u00e9g"},"content":{"rendered":"<p>N\u00e9z\u0151i inform\u00e1ci\u00f3<\/p>","protected":false},"excerpt":{"rendered":"<p>N\u00e9z\u0151i inform\u00e1ci\u00f3<\/p>","protected":false},"author":990012,"featured_media":0,"parent":0,"menu_order":0,"comment_status":"closed","ping_status":"closed","template":"","meta":{"rs_blank_template":"","rs_page_bg_color":"","slide_template_v7":"","footnotes":""},"class_list":["post-2301","page","type-page","status-publish","hentry"],"aioseo_notices":[],"_links":{"self":[{"href":"https:\/\/timisoaratriathlon.ro\/hu\/wp-json\/wp\/v2\/pages\/2301","targetHints":{"allow":["GET"]}}],"collection":[{"href":"https:\/\/timisoaratriathlon.ro\/hu\/wp-json\/wp\/v2\/pages"}],"about":[{"href":"https:\/\/timisoaratriathlon.ro\/hu\/wp-json\/wp\/v2\/types\/page"}],"author":[{"embeddable":true,"href":"https:\/\/timisoaratriathlon.ro\/hu\/wp-json\/wp\/v2\/users\/990012"}],"replies":[{"embeddable":true,"href":"https:\/\/timisoaratriathlon.ro\/hu\/wp-json\/wp\/v2\/comments?post=2301"}],"version-history":[{"count":0,"href":"https:\/\/timisoaratriathlon.ro\/hu\/wp-json\/wp\/v2\/pages\/2301\/revisions"}],"wp:attachment":[{"href":"https:\/\/timisoaratriathlon.ro\/hu\/wp-json\/wp\/v2\/media?parent=2301"}],"curies":[{"name":"munkaf\u00fczet","href":"https:\/\/api.w.org\/{rel}","templated":true}]}}