{"id":26,"date":"2026-03-16T14:16:26","date_gmt":"2026-03-16T12:16:26","guid":{"rendered":"http:\/\/gofit.dv.themerex.net\/?page_id=26"},"modified":"2026-03-16T14:16:26","modified_gmt":"2026-03-16T12:16:26","slug":"kapcsolatba-lepni","status":"publish","type":"page","link":"https:\/\/timisoaratriathlon.ro\/hu\/kapcsolatba-lepni\/","title":{"rendered":"Kapcsolatba l\u00e9pni"},"content":{"rendered":"<div class=\"wpb-content-wrapper\"><div class=\"vc_row wpb_row vc_row-fluid vc_column-gap-30\"><div class=\"wpb_column vc_column_container vc_col-sm-8\"><div class=\"vc_column-inner\"><div class=\"wpb_wrapper\"><div class=\"vc_empty_space\"   style=\"height: 7.4em\"><span class=\"vc_empty_space_inner\"><\/span><\/div><div class=\"columns_wrap sc_columns columns_nofluid sc_columns_count_4\" style=\"margin-top:medium;margin-bottom:medium;\"><div class=\"column-1_4 sc_column_item sc_column_item_1 odd first\"><span class=\"sc_icon icon-locator3 aligncenter\" style=\"margin-top:0px;margin-bottom:0.15em;font-weight:100;font-size:35px; line-height: 1em;color:#0ab6f5;\"><\/span>\n\t<div class=\"wpb_text_column wpb_content_element\" >\n\t\t<div class=\"wpb_wrapper\">\n\t\t\t<h6 style=\"text-align: center;\"><a href=\"https:\/\/goo.gl\/maps\/MGDECLvH4wDp7Br29\" target=\"_blank\" rel=\"noopener\"><span style=\"color: #00ccff;\"><span style=\"color: #ffffff;\">Temesv\u00e1r, Rom\u00e1nia<\/span><\/span><\/a><\/h6>\n\n\t\t<\/div>\n\t<\/div>\n<\/div><div class=\"column-1_4 sc_column_item sc_column_item_2 even\"><span class=\"sc_icon icon-white47 aligncenter\" style=\"margin-top:0px;margin-bottom:0.15em;font-weight:100;font-size:35px; line-height: 1em;color:#0ab6f5;\"><\/span>\n\t<div class=\"wpb_text_column wpb_content_element\" >\n\t\t<div class=\"wpb_wrapper\">\n\t\t\t<h6 style=\"text-align: center;\"><a href=\"mailto:info@timisoaratriathlon.ro\"><span style=\"color: #ffffff;\">info@timisoaratriathlon.ro<\/span><\/a><\/h6>\n\n\t\t<\/div>\n\t<\/div>\n<\/div><div class=\"column-1_4 sc_column_item sc_column_item_3 odd\"><span class=\"sc_icon icon-mobile aligncenter\" style=\"margin-top:0px;margin-bottom:0.15em;font-weight:100;font-size:35px; line-height: 1em;color:#0ab6f5;\"><\/span>\n\t<div class=\"wpb_text_column wpb_content_element\" >\n\t\t<div class=\"wpb_wrapper\">\n\t\t\t<h6 style=\"text-align: center;\"><span style=\"color: #ffffff;\">+4<a style=\"color: #ffffff;\" href=\"\/hu\/timisoaratriathlon\/\">temesv\u00e1ri atriatlon<\/a><\/span><\/h6>\n\n\t\t<\/div>\n\t<\/div>\n<\/div><div class=\"column-1_4 sc_column_item sc_column_item_4 even\"><span class=\"sc_icon icon-clock-empty aligncenter\" style=\"margin-top:0px;margin-bottom:0.15em;font-weight:100;font-size:35px; line-height: 1em;color:#0ab6f5;\"><\/span>\n\t<div class=\"wpb_text_column wpb_content_element\" >\n\t\t<div class=\"wpb_wrapper\">\n\t\t\t<h6 style=\"text-align: center;\"><span style=\"color: #ffffff;\">H\u00e9tf\u0151t\u0151l p\u00e9ntekig: 09.00-18.00<\/span><\/h6>\n\n\t\t<\/div>\n\t<\/div>\n<\/div><\/div><div class=\"columns_wrap sc_columns columns_nofluid sc_columns_count_4\" style=\"margin-top:medium;margin-bottom:medium;\"><div class=\"column-1_4 sc_column_item sc_column_item_1 odd first\">\n\t<div  class=\"wpb_single_image wpb_content_element vc_align_center wpb_content_element vc_custom_1698596219820\">\n\t\t\n\t\t<figure class=\"wpb_wrapper vc_figure\">\n\t\t\t<a href=\"https:\/\/www.facebook.com\/triathlontimisoara.ro\" target=\"_blank\" class=\"vc_single_image-wrapper   vc_box_border_grey\"><\/a>\n\t\t<\/figure>\n\t<\/div>\n<\/div><div class=\"column-1_4 sc_column_item sc_column_item_2 even\">\n\t<div  class=\"wpb_single_image wpb_content_element vc_align_center wpb_content_element vc_custom_1698596261783\">\n\t\t\n\t\t<figure class=\"wpb_wrapper vc_figure\">\n\t\t\t<a href=\"https:\/\/www.instagram.com\/timisoaratriathlon\/\" target=\"_blank\" class=\"vc_single_image-wrapper   vc_box_border_grey\"><\/a>\n\t\t<\/figure>\n\t<\/div>\n<\/div><div class=\"column-1_4 sc_column_item sc_column_item_3 odd\">\n\t<div  class=\"wpb_single_image wpb_content_element vc_align_center wpb_content_element vc_custom_1698596282000\">\n\t\t\n\t\t<figure class=\"wpb_wrapper vc_figure\">\n\t\t\t<a href=\"https:\/\/www.tiktok.com\/@timisoaratriathlon\" target=\"_blank\" class=\"vc_single_image-wrapper   vc_box_border_grey\"><\/a>\n\t\t<\/figure>\n\t<\/div>\n<\/div><div class=\"column-1_4 sc_column_item sc_column_item_4 even\">\n\t<div  class=\"wpb_single_image wpb_content_element vc_align_center wpb_content_element vc_custom_1698596304940\">\n\t\t\n\t\t<figure class=\"wpb_wrapper vc_figure\">\n\t\t\t<a href=\"https:\/\/youtube.com\/@timisoaratriathlon\" target=\"_blank\" class=\"vc_single_image-wrapper   vc_box_border_grey\"><\/a>\n\t\t<\/figure>\n\t<\/div>\n<\/div><\/div><div class=\"vc_empty_space\"   style=\"height: 4.3em\"><span class=\"vc_empty_space_inner\"><\/span><\/div>\n<div class=\"wpcf7 no-js\" id=\"wpcf7-f761-o1\" lang=\"en-US\" dir=\"ltr\" data-wpcf7-id=\"761\">\n<div class=\"screen-reader-response\"><p role=\"status\" aria-live=\"polite\" aria-atomic=\"true\"><\/p> <ul><\/ul><\/div>\n<form action=\"\/hu\/wp-json\/wp\/v2\/pages\/26#wpcf7-f761-o1\" method=\"post\" class=\"wpcf7-form init chimpmatic-1.3.8 bd422a02040d cmatic-disconn cmatic-aud-2 cmatic-mapd0-0 cmatic-v0976 cmatic-sent-0 cmatic-total-0\" aria-label=\"Kapcsolatfelv\u00e9teli \u0171rlap\" novalidate=\"novalidate\" data-status=\"init\" data-trp-original-action=\"\/hu\/wp-json\/wp\/v2\/pages\/26#wpcf7-f761-o1\">\n<fieldset class=\"hidden-fields-container\"><input type=\"hidden\" name=\"_wpcf7\" value=\"761\" \/><input type=\"hidden\" name=\"_wpcf7_version\" value=\"6.1.5\" \/><input type=\"hidden\" name=\"_wpcf7_locale\" value=\"en_US\" \/><input type=\"hidden\" name=\"_wpcf7_unit_tag\" value=\"wpcf7-f761-o1\" \/><input type=\"hidden\" name=\"_wpcf7_container_post\" value=\"0\" \/><input type=\"hidden\" name=\"_wpcf7_posted_data_hash\" value=\"\" \/><input type=\"hidden\" name=\"_cf7a__timestamp\" value=\"o9c1F1WGuFI6+lSkBI1fcg==\" \/><input type=\"hidden\" name=\"_cf7a_version\" value=\"1.0\" \/><input type=\"hidden\" name=\"_cf7a_address\" value=\"\" \/><input type=\"hidden\" name=\"_cf7a_referer\" value=\"\" \/><input type=\"hidden\" name=\"_cf7a_protocol\" value=\"\" \/><input type=\"hidden\" name=\"_wpcf7_recaptcha_response\" value=\"\" \/><input type=\"hidden\" name=\"_cf7a_bot_fingerprint\" value=\"o9c1F1WGuFI6+lSkBI1fcg==\" \/><input type=\"hidden\" name=\"_cf7a_bot_fingerprint_extras\" \/><input type=\"hidden\" name=\"_cf7a_append_on_submit\" \/>\n<\/fieldset>\n<div class=\"columns_wrap\">\n<div class=\"column-2_4 sc_column_item\"><label><span class=\"wpcf7-form-control-wrap\" data-name=\"text-928\"><input size=\"40\" maxlength=\"400\" class=\"wpcf7-form-control wpcf7-text wpcf7-validates-as-required\" aria-required=\"true\" aria-invalid=\"false\" placeholder=\"N\u00e9v*\" value=\"\" type=\"text\" name=\"text-928\" \/><input type=\"text\" name=\"name\" value=\"\" autocomplete=\"fill\" class=\"fit-the-fullspace\" aria-hidden=\"true\" tabindex=\"-1\" \/><\/span><\/label><label><span class=\"wpcf7-form-control-wrap\" data-name=\"tel-801\"><input size=\"40\" maxlength=\"400\" class=\"wpcf7-form-control wpcf7-tel wpcf7-validates-as-required wpcf7-text wpcf7-validates-as-tel\" aria-required=\"true\" aria-invalid=\"false\" placeholder=\"Telefon*\" value=\"\" type=\"tel\" name=\"tel-801\" \/><\/span><\/label><label><span class=\"wpcf7-form-control-wrap\" data-name=\"email-242\"><input size=\"40\" maxlength=\"400\" class=\"wpcf7-form-control wpcf7-email wpcf7-validates-as-required wpcf7-text wpcf7-validates-as-email\" aria-required=\"true\" aria-invalid=\"false\" placeholder=\"Email*\" value=\"\" type=\"email\" name=\"email-242\" \/><\/span><\/label><\/div>\n<div class=\"column-2_4 sc_column_item\"><span class=\"wpcf7-form-control-wrap\" data-name=\"textarea-491\"><textarea cols=\"40\" rows=\"3\" maxlength=\"2000\" class=\"wpcf7-form-control wpcf7-textarea\" aria-invalid=\"false\" placeholder=\"\u00dczenet\" name=\"textarea-491\"><\/textarea><\/span><\/div>\n<\/div>\n<span class=\"wpcf7-form-control-wrap\" data-name=\"acceptance-17\"><span class=\"wpcf7-form-control wpcf7-acceptance\"><span class=\"wpcf7-list-item\"><label><input type=\"checkbox\" name=\"acceptance-17\" value=\"1\" aria-invalid=\"false\" \/><span class=\"wpcf7-list-item-label\">Hozz\u00e1j\u00e1rulok szem\u00e9lyes adataim (n\u00e9v, e-mail c\u00edm, telefon) kezel\u00e9s\u00e9hez \u00e9s elolvastam <a href=\"\/hu\/adatvedelmi-iranyelvek\/\">Adatv\u00e9delmi ir\u00e1nyelvek<\/a>.<\/span><\/label><\/span><\/span><\/span>\n\n<input class=\"wpcf7-form-control wpcf7-submit has-spinner sc_button sc_button_style_filled\" type=\"submit\" value=\"K\u00fcld\" \/><p style=\"display: none !important;\" class=\"akismet-fields-container\" data-prefix=\"_wpcf7_ak_\"><label>\u0394<textarea name=\"_wpcf7_ak_hp_textarea\" cols=\"45\" rows=\"8\" maxlength=\"100\"><\/textarea><\/label><input type=\"hidden\" id=\"ak_js_1\" name=\"_wpcf7_ak_js\" value=\"54\"\/><script>document.getElementById( \"ak_js_1\" ).setAttribute( \"value\", ( new Date() ).getTime() );<\/script><\/p><div class=\"wpcf7-response-output\" aria-hidden=\"true\"><\/div>\n<input type=\"hidden\" name=\"trp-form-language\" value=\"hu\"\/><\/form>\n<\/div>\n<div class=\"vc_empty_space\"   style=\"height: 6em\"><span class=\"vc_empty_space_inner\"><\/span><\/div><\/div><\/div><\/div><div class=\"stics wpb_column vc_column_container vc_col-sm-4 vc_col-has-fill\"><div class=\"vc_column-inner vc_custom_1674829277181\"><div class=\"wpb_wrapper\"><div  class=\"vc_wp_custommenu wpb_content_element\"><div class=\"widget widget_nav_menu\"><h2 class=\"widgettitle\">VERSENY<\/h2><div class=\"menu-curse-container\"><ul id=\"menu-curse\" class=\"menu\"><li id=\"menu-item-2251\" class=\"menu-item menu-item-type-post_type menu-item-object-page menu-item-2251\"><a href=\"https:\/\/timisoaratriathlon.ro\/hu\/az-osszes-faj\/\">F\u0150VERSENY Temesv\u00e1ri TRIATLON<\/a><\/li>\n<li id=\"menu-item-2257\" class=\"menu-item menu-item-type-post_type menu-item-object-page menu-item-2257\"><a href=\"https:\/\/timisoaratriathlon.ro\/hu\/fel-70-3\/\">Fele 70,3<\/a><\/li>\n<li id=\"menu-item-2256\" class=\"menu-item menu-item-type-post_type menu-item-object-page menu-item-2256\"><a href=\"https:\/\/timisoaratriathlon.ro\/hu\/olimpiai\/\">olimpiai<\/a><\/li>\n<li id=\"menu-item-2255\" class=\"menu-item menu-item-type-post_type menu-item-object-page menu-item-2255\"><a href=\"https:\/\/timisoaratriathlon.ro\/hu\/sprintel\/\">Sprintel<\/a><\/li>\n<li id=\"menu-item-2254\" class=\"menu-item menu-item-type-post_type menu-item-object-page menu-item-2254\"><a href=\"https:\/\/timisoaratriathlon.ro\/hu\/szupersprint\/\">Szupersprint<\/a><\/li>\n<li id=\"menu-item-2253\" class=\"menu-item menu-item-type-post_type menu-item-object-page menu-item-2253\"><a href=\"https:\/\/timisoaratriathlon.ro\/hu\/fel-70-es-rele-3\/\">F\u00e9l 70.3 rel\u00e9<\/a><\/li>\n<li id=\"menu-item-2252\" class=\"menu-item menu-item-type-post_type menu-item-object-page menu-item-2252\"><a href=\"https:\/\/timisoaratriathlon.ro\/hu\/olimpiai-valto-2\/\">Olimpiai v\u00e1lt\u00f3<\/a><\/li>\n<\/ul><\/div><\/div><\/div><\/div><\/div><\/div><\/div><div data-vc-full-width=\"true\" data-vc-full-width-temp=\"true\" data-vc-full-width-init=\"false\" data-vc-stretch-content=\"true\" class=\"vc_row wpb_row vc_row-fluid stics-no vc_row-no-padding\"><div class=\"wpb_column vc_column_container vc_col-sm-12\"><div class=\"vc_column-inner\"><div class=\"wpb_wrapper\"><div id=\"sc_googlemap_715575408\" class=\"sc_googlemap\" style=\"width:100%;height:455px;\" data-zoom=\"15\" data-style=\"simple\"><iframe src=\"https:\/\/maps.google.com\/maps?t=m&output=embed&iwloc=near&z=15&q=Timi%C8%99oara@45.7556187,21.2267846\" scrolling=\"no\" marginheight=\"0\" marginwidth=\"0\" frameborder=\"0\" aria-label=\"Szabads\u00e1g t\u00e9r\"><\/iframe><\/div><\/div><\/div><\/div><\/div><div class=\"vc_row-full-width vc_clearfix\"><\/div>\n<\/div>","protected":false},"excerpt":{"rendered":"Timi\u0219oara, Rom\u00e2nia info@timisoaratriathlon.ro +4timisoaratriathlon Luni - Vineri: 09.00 - 18.00 Sunt de acord cu prelucrarea datelor mele personale (nume, email, telefon) \u0219i am citit Politica de Confiden\u021bialitate. &#916; CURSECURSE PRINCIPALE [...]","protected":false},"author":1,"featured_media":0,"parent":0,"menu_order":0,"comment_status":"closed","ping_status":"closed","template":"","meta":{"rs_blank_template":"","rs_page_bg_color":"","slide_template_v7":"","footnotes":""},"class_list":["post-26","page","type-page","status-publish","hentry"],"aioseo_notices":[],"_links":{"self":[{"href":"https:\/\/timisoaratriathlon.ro\/hu\/wp-json\/wp\/v2\/pages\/26","targetHints":{"allow":["GET"]}}],"collection":[{"href":"https:\/\/timisoaratriathlon.ro\/hu\/wp-json\/wp\/v2\/pages"}],"about":[{"href":"https:\/\/timisoaratriathlon.ro\/hu\/wp-json\/wp\/v2\/types\/page"}],"author":[{"embeddable":true,"href":"https:\/\/timisoaratriathlon.ro\/hu\/wp-json\/wp\/v2\/users\/1"}],"replies":[{"embeddable":true,"href":"https:\/\/timisoaratriathlon.ro\/hu\/wp-json\/wp\/v2\/comments?post=26"}],"version-history":[{"count":26,"href":"https:\/\/timisoaratriathlon.ro\/hu\/wp-json\/wp\/v2\/pages\/26\/revisions"}],"predecessor-version":[{"id":3745,"href":"https:\/\/timisoaratriathlon.ro\/hu\/wp-json\/wp\/v2\/pages\/26\/revisions\/3745"}],"wp:attachment":[{"href":"https:\/\/timisoaratriathlon.ro\/hu\/wp-json\/wp\/v2\/media?parent=26"}],"curies":[{"name":"munkaf\u00fczet","href":"https:\/\/api.w.org\/{rel}","templated":true}]}}