{"id":2660,"date":"2026-03-16T14:16:25","date_gmt":"2026-03-16T12:16:25","guid":{"rendered":"https:\/\/timisoaratriathlon.ro\/?page_id=2660"},"modified":"2026-03-16T14:16:25","modified_gmt":"2026-03-16T12:16:25","slug":"triatlon-kalauz","status":"publish","type":"page","link":"https:\/\/timisoaratriathlon.ro\/hu\/triatlon-kalauz\/","title":{"rendered":"FUT\u00c1S \u00c9S KER\u00c9KP\u00c1ROZ\u00c1S Versenyz\u0151i \u00fatmutat\u00f3"},"content":{"rendered":"<div class=\"wpb-content-wrapper\"><div class=\"vc_row wpb_row vc_row-fluid\"><div class=\"wpb_column vc_column_container vc_col-sm-12\"><div class=\"vc_column-inner\"><div class=\"wpb_wrapper\"><div class=\"vc_btn3-container vc_btn3-center vc_do_btn\" ><a class=\"vc_general vc_btn3 vc_btn3-size-md vc_btn3-shape-rounded vc_btn3-style-modern vc_btn3-color-primary\" href=\"https:\/\/timisoaratriathlon.ro\/wp-content\/uploads\/2025\/07\/RO-Ghid-RB-EXPERIENCE-Timisoara-2025.pdf\" title=\"\">T\u00f6ltsd le a RUN &amp; BIKE EXPERIENCE versenyz\u0151i \u00fatmutat\u00f3t (RO)<\/a><\/div><div class=\"vc_btn3-container vc_btn3-center vc_do_btn\" ><a class=\"vc_general vc_btn3 vc_btn3-size-md vc_btn3-shape-rounded vc_btn3-style-modern vc_btn3-color-primary\" href=\"https:\/\/timisoaratriathlon.ro\/wp-content\/uploads\/2025\/07\/EN-Athlete-Guide-RB-EXPERIENCE-Timisoara-2025.pdf\" title=\"\">T\u00f6ltsd le a RUN &amp; BIKE EXPERIENCE sportol\u00f3i \u00fatmutat\u00f3j\u00e1t (EN)<\/a><\/div><\/div><\/div><\/div><\/div>\n<\/div>","protected":false},"excerpt":{"rendered":"Descarc\u0103 ghidul concurentului RUN &amp; BIKE EXPERIENCE (RO)Download the athlete guide for RUN &amp; BIKE EXPERIENCE (EN)","protected":false},"author":990011,"featured_media":0,"parent":0,"menu_order":0,"comment_status":"closed","ping_status":"closed","template":"","meta":{"rs_blank_template":"","rs_page_bg_color":"","slide_template_v7":"","footnotes":""},"class_list":["post-2660","page","type-page","status-publish","hentry"],"aioseo_notices":[],"_links":{"self":[{"href":"https:\/\/timisoaratriathlon.ro\/hu\/wp-json\/wp\/v2\/pages\/2660","targetHints":{"allow":["GET"]}}],"collection":[{"href":"https:\/\/timisoaratriathlon.ro\/hu\/wp-json\/wp\/v2\/pages"}],"about":[{"href":"https:\/\/timisoaratriathlon.ro\/hu\/wp-json\/wp\/v2\/types\/page"}],"author":[{"embeddable":true,"href":"https:\/\/timisoaratriathlon.ro\/hu\/wp-json\/wp\/v2\/users\/990011"}],"replies":[{"embeddable":true,"href":"https:\/\/timisoaratriathlon.ro\/hu\/wp-json\/wp\/v2\/comments?post=2660"}],"version-history":[{"count":1,"href":"https:\/\/timisoaratriathlon.ro\/hu\/wp-json\/wp\/v2\/pages\/2660\/revisions"}],"predecessor-version":[{"id":3751,"href":"https:\/\/timisoaratriathlon.ro\/hu\/wp-json\/wp\/v2\/pages\/2660\/revisions\/3751"}],"wp:attachment":[{"href":"https:\/\/timisoaratriathlon.ro\/hu\/wp-json\/wp\/v2\/media?parent=2660"}],"curies":[{"name":"munkaf\u00fczet","href":"https:\/\/api.w.org\/{rel}","templated":true}]}}