{"id":2695,"date":"2026-03-16T14:16:26","date_gmt":"2026-03-16T12:16:26","guid":{"rendered":"https:\/\/timisoaratriathlon.ro\/?page_id=2695"},"modified":"2026-03-16T14:16:26","modified_gmt":"2026-03-16T12:16:26","slug":"koszonom","status":"publish","type":"page","link":"https:\/\/timisoaratriathlon.ro\/hu\/koszonom\/","title":{"rendered":"K\u00f6sz\u00f6n\u00f6m."},"content":{"rendered":"<div class=\"wpb-content-wrapper\"><div class=\"vc_row wpb_row vc_row-fluid\"><div class=\"wpb_column vc_column_container vc_col-sm-12\"><div class=\"vc_column-inner\"><div class=\"wpb_wrapper\">\n\t<div class=\"wpb_text_column wpb_content_element\" >\n\t\t<div class=\"wpb_wrapper\">\n\t\t\t<p>K\u00f6sz\u00f6nj\u00fck! Elk\u00fcldt\u00fck az \u00fatmutat\u00f3t az e-mail c\u00edmedre. El\u00e9rheted az e-mail c\u00edmedb\u0151l, vagy k\u00f6zvetlen\u00fcl a <a href=\"https:\/\/timisoaratriathlon.ro\/wp-content\/uploads\/2023\/05\/Invitatie-in-calendarul-Federatiei-Romane-de-Triatlon.pdf\" target=\"_blank\" rel=\"nofollow noopener\">itt<\/a>.<\/p>\n<p>Ha nem tal\u00e1lod a t\u0151l\u00fcnk kapott e-mailt, ne felejtsd el ellen\u0151rizni a Spam\/Lev\u00e9lszem\u00e9t mapp\u00e1dat is.<\/p>\n<p>Lorem ipsum dolor sit amet, consectetur adipiscing elit. Duis ligula elit, tincidunt quis nibh eu, maximus faucibus arcu. Vivamus ut ipsum eget enim tincidunt feugiat ac non purus. Duis quis tristique ante, id consequat purus. Donec nisl turpis, hendrerit nec gravida, porta quis enim. Nulla porta justo id. Nullam dui odio, venenatis pharetra elit eu, mollis fermentum lectus. Nullam non ante nec dui fringilla congue. Vestibulum ante ipsum primis in faucibus orci luctus et ultrices posuere cubilia curae; Donec magna quam, consquat et condimentum vitae, gravida \u00e9s lacus. Phasellus fringilla velit m\u00e1shov\u00e1 nem tartozik ipsum lacinia, sit amet egestas diam auctor. Cras m\u00e1shov\u00e1 nem sorolt vehicula urna, quis ullamcorper eros.<\/p>\n<p>Nulla volutpat \u00e9s urna, nec scelerisque. Suspendisse fermentum odio ac nulla tempor maximus. Morbi auctor sapien id mauris consequat pharetra. Quisque nibh justo, auctor sit amet dignissim a, laoreet quis odio. Fusce quis laoreet tortor, tristique tristique nulla. Nulla tincidunt condimentum j\u00e1rm\u0171. Nam varius a velit nec viverra.<\/p>\n\n\t\t<\/div>\n\t<\/div>\n<div class=\"vc_separator wpb_content_element vc_separator_align_center vc_sep_width_50 vc_sep_pos_align_left vc_separator_no_text vc_sep_color_grey vc_custom_1683930141620 wpb_content_element  vc_custom_1683930141620 wpb_content_element\" ><span class=\"vc_sep_holder vc_sep_holder_l\"><span class=\"vc_sep_line\"><\/span><\/span><span class=\"vc_sep_holder vc_sep_holder_r\"><span class=\"vc_sep_line\"><\/span><\/span>\n<\/div>\n\t<div class=\"wpb_text_column wpb_content_element vc_custom_1683930662316\" >\n\t\t<div class=\"wpb_wrapper\">\n\t\t\t<h3>Ne felejts el minket k\u00f6vetni a k\u00f6z\u00f6ss\u00e9gi platformokon sem!<\/h3>\n\n\t\t<\/div>\n\t<\/div>\n<div class=\"sc_socials sc_socials_type_icons sc_socials_shape_round sc_socials_size_medium\"><div class=\"sc_socials_item\"><a href=\"https:\/\/www.facebook.com\/triathlontimisoara.ro\" target=\"_blank\" class=\"social_icons social_facebook\"><span class=\"icon-facebook\"><\/span><\/a><\/div><div class=\"sc_socials_item\"><a href=\"https:\/\/www.instagram.com\/timisoaratriathlon\/\" target=\"_blank\" class=\"social_icons social_instagram\"><span class=\"icon-instagram\"><\/span><\/a><\/div><\/div><\/div><\/div><\/div><\/div>\n<\/div>","protected":false},"excerpt":{"rendered":"Iti multumim! Am trimis ghidul la adresa ta de email. Il poti accesa de pe email sau direct de aici. In caz ca nu gasesti email-ul de la noi, nu [...]","protected":false},"author":990011,"featured_media":0,"parent":0,"menu_order":0,"comment_status":"closed","ping_status":"closed","template":"","meta":{"rs_blank_template":"","rs_page_bg_color":"","slide_template_v7":"","footnotes":""},"class_list":["post-2695","page","type-page","status-publish","hentry"],"aioseo_notices":[],"_links":{"self":[{"href":"https:\/\/timisoaratriathlon.ro\/hu\/wp-json\/wp\/v2\/pages\/2695","targetHints":{"allow":["GET"]}}],"collection":[{"href":"https:\/\/timisoaratriathlon.ro\/hu\/wp-json\/wp\/v2\/pages"}],"about":[{"href":"https:\/\/timisoaratriathlon.ro\/hu\/wp-json\/wp\/v2\/types\/page"}],"author":[{"embeddable":true,"href":"https:\/\/timisoaratriathlon.ro\/hu\/wp-json\/wp\/v2\/users\/990011"}],"replies":[{"embeddable":true,"href":"https:\/\/timisoaratriathlon.ro\/hu\/wp-json\/wp\/v2\/comments?post=2695"}],"version-history":[{"count":1,"href":"https:\/\/timisoaratriathlon.ro\/hu\/wp-json\/wp\/v2\/pages\/2695\/revisions"}],"predecessor-version":[{"id":3741,"href":"https:\/\/timisoaratriathlon.ro\/hu\/wp-json\/wp\/v2\/pages\/2695\/revisions\/3741"}],"wp:attachment":[{"href":"https:\/\/timisoaratriathlon.ro\/hu\/wp-json\/wp\/v2\/media?parent=2695"}],"curies":[{"name":"munkaf\u00fczet","href":"https:\/\/api.w.org\/{rel}","templated":true}]}}