{"id":3067,"date":"2024-01-27T16:51:09","date_gmt":"2024-01-27T14:51:09","guid":{"rendered":"https:\/\/timisoaratriathlon.ro\/?page_id=3067"},"modified":"2025-10-01T18:04:58","modified_gmt":"2025-10-01T15:04:58","slug":"altalanos-szerzodesi-feltetelek","status":"publish","type":"page","link":"https:\/\/timisoaratriathlon.ro\/hu\/altalanos-szerzodesi-feltetelek\/","title":{"rendered":"Felhaszn\u00e1l\u00e1si felt\u00e9telek"},"content":{"rendered":"<div class=\"wpb-content-wrapper\"><div class=\"vc_row wpb_row vc_row-fluid\"><div class=\"wpb_column vc_column_container vc_col-sm-12\"><div class=\"vc_column-inner\"><div class=\"wpb_wrapper\">\n\t<div class=\"wpb_text_column wpb_content_element\" >\n\t\t<div class=\"wpb_wrapper\">\n\t\t\t<p>Ez a dokumentum meg\u00e1llap\u00edtja <strong>Weboldal felhaszn\u00e1l\u00e1si felt\u00e9telei\u00a0<a href=\"https:\/\/timisoaratriathlon.ro\/hu\/\">https:\/\/timisoaratriathlon.ro\/<\/a>\u00a0\u00e9s annak aldomainjei.<\/strong><\/p>\n<p>Az oldal el\u00e9r\u00e9se\u00a0<a href=\"https:\/\/timisoaratriathlon.ro\/hu\/\">https:\/\/timisoaratriathlon.ro\/<\/a>\u00a0\u00e9s aldomainjei jelen dokumentum kifejezett elfogad\u00e1s\u00e1t jelentik, amely egyben a felek k\u00f6z\u00f6tti szerz\u0151d\u00e9st is jelenti.<\/p>\n<p>Weboldal\u00a0<a href=\"https:\/\/timisoaratriathlon.ro\/hu\/\">https:\/\/timisoaratriathlon.ro\/<\/a>\u00a0\u00e9s aldomainjeit \u00fczemelteti: SC SKI2BIKESHOP SRL, J35\/1749\/2018, ad\u00f3sz\u00e1m: 39392791, e-mail c\u00edm:\u00a0<a href=\"mailto:info@timisoaratriathlon.ro\">info@timisoaratriathlon.ro<\/a><\/p>\n<p>Az SC SKI2BIKESHOP SRL fenntartja a jogot, hogy az \u00c1ltal\u00e1nos Szerz\u0151d\u00e9si Felt\u00e9teleket, valamint a weboldal tartalm\u00e1t b\u00e1rmikor, el\u0151zetes \u00e9rtes\u00edt\u00e9s n\u00e9lk\u00fcl m\u00f3dos\u00edtsa. Javasoljuk, hogy rendszeresen t\u00e9rjen vissza erre az oldalra, hogy t\u00e1j\u00e9koz\u00f3djon a tov\u00e1bbi v\u00e1ltoz\u00e1sokr\u00f3l.<\/p>\n<h4 style=\"color: #31c8ff;\"><b>Szem\u00e9lyes adatok v\u00e9delme<\/b> \u00e9s adatv\u00e9delmi szab\u00e1lyzat<\/h4>\n<p>Szem\u00e9lyes adatokat a \u201eTemesv\u00e1ri Triatlon\u201d rendezv\u00e9ny megszervez\u00e9s\u00e9hez \u00e9s n\u00e9pszer\u0171s\u00edt\u00e9s\u00e9hez dolgozunk fel, j\u00f3 felt\u00e9telek mellett.<\/p>\n<p>Az \u00e1ltalunk kezelt szem\u00e9lyes adatok azonos\u00edt\u00f3 adatok: n\u00e9v, vezet\u00e9kn\u00e9v, \u00e9letkor, lakc\u00edm vagy lakc\u00edm, e-mail c\u00edm, telefonsz\u00e1m.<\/p>\n<p>A fent felsorolt adatok r\u00e9szben vagy eg\u00e9szben visszakereshet\u0151k, att\u00f3l f\u00fcgg\u0151en, hogy milyen \u0171rlapon\/sz\u00e1m\u00edt\u00f3g\u00e9pes alkalmaz\u00e1son\/webhelyen kereszt\u00fcl k\u00e9rik \u0151ket. Abban az esetben, ha az adatok r\u00e9szleges lek\u00e9r\u00e9se megt\u00f6rt\u00e9nt, azok k\u00e9s\u0151bb, az ig\u00e9nyek f\u00fcggv\u00e9ny\u00e9ben, k\u00f6zvetlen\u00fcl az \u00e9rintettt\u0151l lek\u00e9rt inform\u00e1ci\u00f3kkal kieg\u00e9sz\u00edthet\u0151k.<\/p>\n<p>A fent felsorolt adatok kezel\u00e9se a 6. \u00a7 a) \u00e9s f) pontj\u00e1ban, valamint a 9. \u00a7 (2) bekezd\u00e9s\u00e9ben foglaltak szerint t\u00f6rt\u00e9nik. a) sz\u00e1m\u00fa, az EU Parlament \u00e1ltal elfogadott, a szem\u00e9lyes adatok v\u00e9delm\u00e9r\u0151l sz\u00f3l\u00f3 \u00e1ltal\u00e1nos rendeletb\u0151l. 679 2016.04.26., a tov\u00e1bbiakban\u00a0<strong>GDPR.<\/strong><\/p>\n<p>Garant\u00e1ljuk az \u00e1tl\u00e1that\u00f3s\u00e1got a kezelt adatokkal, az \u00e9rintett szerepl\u0151kkel, az elv\u00e9gzett adatkezel\u00e9s t\u00edpusaival, valamint a jogok gyakorl\u00e1s\u00e1nak m\u00f3djaival kapcsolatban, minden \u00e9rintett szem\u00e9ly helyes t\u00e1j\u00e9koztat\u00e1s\u00e1val.<\/p>\n<p>Az adatok \u00e9s azok feldolgoz\u00e1si m\u00f3djai szigor\u00faan az SC SKI2BIKESHOP SRL \u00e1ltal szervezett \u201eTemesv\u00e1ri Triatlon\u201d rendezv\u00e9nyhez sz\u00fcks\u00e9gesekre korl\u00e1toz\u00f3dnak.<\/p>\n<p><strong>T\u00e1j\u00e9koztatjuk, hogy alap\u00e9rtelmez\u00e9s szerint az al\u00e1bbi jogokkal is rendelkezik, ezeket b\u00e1rmikor gyakorolhatja:<\/strong><\/p>\n<ul>\n<li style=\"list-style-type: none;\">\n<ul>\n<li><strong>A t\u00e1j\u00e9koztat\u00e1shoz \u00e9s a kezelt szem\u00e9lyes adatokhoz val\u00f3 hozz\u00e1f\u00e9r\u00e9shez val\u00f3 jog<\/strong>. Az adatkezel\u00e9ssel \u00e9rintett term\u00e9szetes szem\u00e9ly a szem\u00e9lyes adatok felv\u00e9tel\u00e9nek pillanat\u00e1ban, illetve k\u00f6zvetett megszerz\u00e9se eset\u00e9n legfeljebb 30 napon bel\u00fcl t\u00e1j\u00e9koztat\u00e1st kap az SC SKI2BIKESHOP SRL szem\u00e9lyazonoss\u00e1g\u00e1r\u00f3l \u00e9s el\u00e9rhet\u0151s\u00e9geir\u0151l, az adatv\u00e9delmi tisztvisel\u0151 el\u00e9rhet\u0151s\u00e9g\u00e9r\u0151l. (adott esetben) a k\u00e9rt vagy megszerzett\/k\u00f6zvetetten birtokolt adatok, a szem\u00e9lyes adatok kezel\u00e9s\u00e9nek c\u00e9lja \u00e9s jogalapja, a szem\u00e9lyes adatok c\u00edmzettjei vagy c\u00edmzettjei kateg\u00f3ri\u00e1i, az SC SKI2BIKESHOP SRL azon sz\u00e1nd\u00e9ka, hogy a szem\u00e9lyes adatokat egy harmadik orsz\u00e1g vagy nemzetk\u00f6zi szervezet (adott esetben), a szem\u00e9lyes adatok t\u00e1rol\u00e1s\u00e1nak id\u0151tartama vagy az ezen id\u0151tartam meg\u00e1llap\u00edt\u00e1s\u00e1hoz haszn\u00e1lt krit\u00e9riumok, az automatiz\u00e1lt d\u00f6nt\u00e9shozatali folyamat megl\u00e9te, bele\u00e9rtve a profilok l\u00e9trehoz\u00e1s\u00e1t, valamint legal\u00e1bb ezekben az esetekben relev\u00e1ns inform\u00e1ci\u00f3k az alkalmazott logik\u00e1r\u00f3l, valamint az ilyen adatkezel\u00e9s fontoss\u00e1g\u00e1r\u00f3l \u00e9s az \u00e9rintettre n\u00e9zve v\u00e1rhat\u00f3 k\u00f6vetkezm\u00e9nyeir\u0151l.<\/li>\n<\/ul>\n<\/li>\n<\/ul>\n<ul>\n<li style=\"list-style-type: none;\">\n<ul>\n<li><strong>A szem\u00e9lyes adatokhoz val\u00f3 hozz\u00e1f\u00e9r\u00e9s joga.<\/strong>A szem\u00e9lyes adatok kezel\u00e9s\u00e9vel \u00e9rintett term\u00e9szetes szem\u00e9lyek jogosultak arra, hogy az SC SKI2BIKESHOP SRL-t\u0151l visszaigazol\u00e1st kapjanak arr\u00f3l, hogy a r\u00e1juk vonatkoz\u00f3 szem\u00e9lyes adatok kezel\u00e9se folyamatban van-e, \u00e9s ha igen, jogosult a vonatkoz\u00f3 adatokhoz \u00e9s a 9. pontban felsorolt inform\u00e1ci\u00f3khoz hozz\u00e1f\u00e9r\u00e9st kapni. .<\/li>\n<\/ul>\n<\/li>\n<\/ul>\n<ul>\n<li style=\"list-style-type: none;\">\n<ul>\n<li><strong>A helyesb\u00edt\u00e9shez vagy t\u00f6rl\u00e9shez val\u00f3 jog.\u00a0<\/strong>Az adatkezel\u00e9ssel \u00e9rintett szem\u00e9lyek jogosultak arra, hogy az SC SKI2BIKESHOP SRL-t\u0151l indokolatlan k\u00e9sedelem n\u00e9lk\u00fcl helyesb\u00edts\u00e9k a r\u00e1juk vonatkoz\u00f3 pontatlan szem\u00e9lyes adatokat. Figyelembe v\u00e9ve az adatok kezel\u00e9s\u00e9nek c\u00e9lj\u00e1t, az \u00e9rintett jogosult a hi\u00e1nyos szem\u00e9lyes adatok kieg\u00e9sz\u00edt\u00e9s\u00e9re, bele\u00e9rtve nyilatkozat vagy tov\u00e1bbi dokumentumok beny\u00fajt\u00e1s\u00e1t is. Az adatkezel\u00e9ssel \u00e9rintett term\u00e9szetes szem\u00e9lyek jogosultak tov\u00e1bb\u00e1 k\u00e9rni az SC SKI2BIKESHOP SRL-t\u0151l szem\u00e9lyes adataik indokolatlan k\u00e9sedelem n\u00e9lk\u00fcli t\u00f6rl\u00e9s\u00e9t\/megsemmis\u00edt\u00e9s\u00e9t, ha az \u00c1ht. 17. (1) bekezd\u00e9s\u00e9ben foglalt okok fenn\u00e1llnak. (1) bekezd\u00e9se alapj\u00e1n, \u00e9s ha az SC SKI2BIKESHOP SRL-nek nincsenek e jog feletti jogi k\u00f6telezetts\u00e9gei.<\/li>\n<\/ul>\n<\/li>\n<\/ul>\n<ul>\n<li style=\"list-style-type: none;\">\n<ul>\n<li><strong>Az adatkezel\u00e9s korl\u00e1toz\u00e1s\u00e1nak joga.<\/strong>Az adatkezel\u00e9ssel \u00e9rintett szem\u00e9lyeknek joguk van az SC SKI2BIKESHOP SRL-t\u0151l k\u00e9rni a szem\u00e9lyes adatok kezel\u00e9s\u00e9nek korl\u00e1toz\u00e1s\u00e1t a GDPR 18. cikk\u00e9ben le\u00edrt esetekben.<\/li>\n<li><strong>A feldolgoz\u00e1s elleni tiltakoz\u00e1s joga.\u00a0<\/strong>Az SC SKI2BIKESHOP SRL \u00e1ltal adatkezel\u00e9ssel megc\u00e9lzott szem\u00e9lyeknek joguk van arra, hogy saj\u00e1tos helyzet\u00fckkel \u00f6sszef\u00fcgg\u0151 okokb\u00f3l tiltakozzanak a marketing c\u00e9l\u00fa adatkezel\u00e9s ellen, profilok l\u00e9trehoz\u00e1sa, vagy olyan d\u00f6nt\u00e9s hat\u00e1lya al\u00e1 ker\u00fcljenek, amely kiz\u00e1r\u00f3lag az automatikus adatkezel\u00e9sen alapul, \u00e9s amellyel olyan joghat\u00e1sok l\u00e9pnek fel, amelyek az \u00e9rintettet \u00e9rintik, vagy \u0151t hasonl\u00f3an jelent\u0151s m\u00e9rt\u00e9kben \u00e9rintik.<\/li>\n<li><strong>Az adathordozhat\u00f3s\u00e1ghoz val\u00f3 jog.<\/strong>Ha a szem\u00e9lyes adatot term\u00e9szetes szem\u00e9ly struktur\u00e1lt, jelenleg haszn\u00e1lt \u00e9s automatikusan olvashat\u00f3 form\u00e1tumban bocs\u00e1totta rendelkez\u00e9sre az SC SKI2BIKESHOP SRL \u00e1ltal feldolgozand\u00f3, az ilyen t\u00edpus\u00fa adatkezel\u00e9ssel \u00e9rintett term\u00e9szetes szem\u00e9ly jogosult a m\u0171v\u00e9szet \u00e1ltal. A GDPR 20. \u00a7-a alapj\u00e1n k\u00e9rje meg \u0151ket az SC SKI2BIKESHOP SRL-t\u0151l, hogy az SC SKI2BIKESHOP SRL akad\u00e1ly n\u00e9lk\u00fcl tov\u00e1bb\u00edtsa azokat egy m\u00e1sik \u00fczemeltet\u0151h\u00f6z.<\/li>\n<\/ul>\n<\/li>\n<\/ul>\n<ul>\n<li style=\"list-style-type: none;\">\n<ul>\n<li><strong>A hozz\u00e1j\u00e1rul\u00e1s b\u00e1rmikor visszavon\u00e1s\u00e1nak joga an\u00e9lk\u00fcl, hogy ez a visszavon\u00e1s el\u0151tt a hozz\u00e1j\u00e1rul\u00e1s alapj\u00e1n v\u00e9gzett adatkezel\u00e9s jogszer\u0171s\u00e9g\u00e9t \u00e9rinten\u00e9.\u00a0<\/strong>Ez a jog a birtokunkban l\u00e9v\u0151 adatok t\u00f6rl\u00e9s\u00e9t\/megsemmis\u00edt\u00e9s\u00e9t vonja maga ut\u00e1n, ha nincsenek olyan jogi norm\u00e1k, amelyek meghat\u00e1rozz\u00e1k az SC SKI2BIKESHOP SRL k\u00f6telezetts\u00e9geit e joggal szemben. Ebben a helyzetben az adatkezel\u00e9s ebben a helyzetben felf\u00fcggeszt\u00e9sre ker\u00fcl, \u00e9s az adatok t\u00f6rl\u00e9s\u00e9t\/megsemmis\u00edt\u00e9s\u00e9t megakad\u00e1lyoz\u00f3 jogszab\u00e1lyi k\u00f6telezetts\u00e9gek el\u00e9v\u00fcl\u00e9si idej\u00e9nek lej\u00e1rt\u00e1t k\u00f6vet\u0151en az adatok azonnal t\u00f6rl\u00e9sre\/megsemmis\u00edt\u00e9sre ker\u00fclnek.<\/li>\n<\/ul>\n<\/li>\n<\/ul>\n<ul>\n<li style=\"list-style-type: none;\">\n<ul>\n<li><strong>Panasz beny\u00fajt\u00e1s\u00e1nak joga a Nemzeti Adatkezel\u00e9si Fel\u00fcgyelethez<\/strong>, amikor az SC SKI2BIKESHOP SRL \u00e1ltal szem\u00e9lyes adatok feldolgoz\u00e1s\u00e1val \u00e9rintett term\u00e9szetes szem\u00e9ly \u00fagy v\u00e9li, hogy jogait megs\u00e9rtett\u00e9k.<\/li>\n<\/ul>\n<\/li>\n<\/ul>\n<p>A fel\u00fcgyeleti hat\u00f3s\u00e1ghoz val\u00f3 b\u00e1rmikori kapcsolatfelv\u00e9telhez val\u00f3 jog\u00e1nak s\u00e9relme n\u00e9lk\u00fcl k\u00e9rj\u00fck, el\u0151zetesen vegye fel vel\u00fcnk a kapcsolatot a helyzet b\u00e9k\u00e9s megold\u00e1sa \u00e9rdek\u00e9ben.<\/p>\n<h4 style=\"color: #31c8ff;\"><b>Kapcsolatba l\u00e9pni<\/b> A Nemzeti Adatkezel\u00e9si Fel\u00fcgyeleti Hat\u00f3s\u00e1g<\/h4>\n<p>C\u00e9l. +40.318.059.211; Email:\u00a0<a href=\"mailto:anspdcp@dataprotection.ro\">anspdcp@dataprotection.ro<\/a>\u00a0;\u00a0<a href=\"http:\/\/www.dataprotection.ro\/\">www.dataprotection.ro<\/a><\/p>\n<h4 style=\"color: #31c8ff;\">al\u00f3li mentess\u00e9g <b>Felel\u0151ss\u00e9g<\/b><\/h4>\n<p>Az oldal haszn\u00e1lata teljes m\u00e9rt\u00e9kben a saj\u00e1t felel\u0151ss\u00e9g\u00e9re t\u00f6rt\u00e9nik. Az SC SKI2BIKESHOP SRL vagy b\u00e1rmely m\u00e1s, az oldal tervez\u00e9s\u00e9ben, gy\u00e1rt\u00e1s\u00e1ban vagy felk\u00edn\u00e1l\u00e1s\u00e1ban r\u00e9szt vev\u0151 f\u00e9l nem v\u00e1llal felel\u0151ss\u00e9get a jelen oldal vagy annak tartalm\u00e1nak haszn\u00e1lat\u00e1b\u00f3l ered\u0151 vagy azzal kapcsolatos b\u00e1rmilyen jelleg\u0171 k\u00f6zvetlen vagy k\u00f6zvetett k\u00e1rok\u00e9rt.<\/p>\n<p>Az SC SKI2BIKESHOP SRL nem v\u00e1llal felel\u0151ss\u00e9get \u00e9s nem v\u00e1llal felel\u0151ss\u00e9get olyan k\u00e1rok\u00e9rt vagy v\u00edrusok\u00e9rt, amelyek megfert\u0151zhetik sz\u00e1m\u00edt\u00f3g\u00e9p\u00e9t vagy egy\u00e9b tulajdon\u00e1t az oldal el\u00e9r\u00e9se vagy haszn\u00e1lata, illetve az ezen az oldalon tal\u00e1lhat\u00f3 anyagok, inform\u00e1ci\u00f3k, sz\u00f6vegek, videok\u00e9pek vagy hanganyagok let\u00f6lt\u00e9se k\u00f6vetkezt\u00e9ben. weboldal.<\/p>\n<h4 style=\"color: #31c8ff;\"><b>Linkek<\/b> harmadik felek webhelyein<\/h4>\n<p>Az oldal tartalmazhat hivatkoz\u00e1sokat m\u00e1s, az SC SKI2BIKESHOP SRL-t\u0151l elt\u00e9r\u0151 felek tulajdon\u00e1ban l\u00e9v\u0151 vagy \u00fczemeltetett oldalakra. Az ilyen hivatkoz\u00e1sok csak akkor haszn\u00e1lhat\u00f3k, ha szeretn\u00e9.<\/p>\n<p>Az SC SKI2BIKESHOP SRL nem ellen\u0151rzi \u00e9s nem v\u00e1llal felel\u0151ss\u00e9get ezeknek az oldalaknak a titoktart\u00e1si vagy biztons\u00e1gi felt\u00e9telei\u00e9rt \u00e9s felt\u00e9telei\u00e9rt, valamint a funkcionalit\u00e1s\u00e9rt.<\/p>\n<h4 style=\"color: #31c8ff;\">A jogot <b>szellemi tulajdon<\/b><\/h4>\n<p>A weboldal tartalma (amely t\u00f6bbek k\u00f6z\u00f6tt mag\u00e1ban foglalja a log\u00f3kat, stiliz\u00e1lt \u00e1br\u00e1zol\u00e1sokat, kereskedelmi szimb\u00f3lumokat, statikus k\u00e9peket, dinamikus k\u00e9peket, sz\u00f6veges \u00e9s\/vagy multim\u00e9di\u00e1s tartalmakat, amelyek a weboldalon jelennek meg) az SC SKI2BIKESHOP SRL kiz\u00e1r\u00f3lagos tulajdona, amely fenntartom-e az ezzel kapcsolatban k\u00f6zvetlen\u00fcl vagy k\u00f6zvetve (haszn\u00e1lati enged\u00e9lyek \u00e9s\/vagy k\u00f6zz\u00e9t\u00e9tel r\u00e9v\u00e9n) szerzett jogokat. Partnereink log\u00f3inak \u00e9s szlogenjeinek szerz\u0151i joga \u0151ket illeti, \u00e9s az \u0151 hozz\u00e1j\u00e1rul\u00e1sukkal sokszoros\u00edtjuk.<\/p>\n<p>A felhaszn\u00e1l\u00f3 nem m\u00e1solhat, terjeszthet, publik\u00e1lhat, harmadik f\u00e9lnek \u00e1tadhat, m\u00f3dos\u00edthat \u00e9s\/vagy megv\u00e1ltoztathat, felhaszn\u00e1lhat, megjelen\u00edthet, nem tartalmazhat semmilyen tartalmat az SC SKI2BIKESHOP SRL \u00e1ltal tervezett eredetit\u0151l elt\u00e9r\u0151 kontextusban.<\/p>\n<h4 style=\"color: #31c8ff;\">V\u00e9lem\u00e9nyek ezekr\u0151l <b>Haszn\u00e1lati felt\u00e9telek<\/b><\/h4>\n<p>Az SC SKI2BIKESHOP SRL b\u00e1rmikor \u00e9s el\u0151zetes \u00e9rtes\u00edt\u00e9s n\u00e9lk\u00fcl m\u00f3dos\u00edthatja a jelen Felhaszn\u00e1l\u00e1si felt\u00e9teleket azok friss\u00edt\u00e9s\u00e9vel. \u00d6nt minden ilyen m\u00f3dos\u00edt\u00e1s k\u00f6telezi, ez\u00e9rt rendszeresen meg kell l\u00e1togatnia weboldalunk ezen oldal\u00e1t, hogy t\u00e1j\u00e9koz\u00f3djon a friss\u00edtett haszn\u00e1lati felt\u00e9telekr\u0151l.<\/p>\n<h4 style=\"color: #31c8ff;\"><b>Jogszab\u00e1lyok<\/b> alkalmazand\u00f3 \u00e9s joghat\u00f3s\u00e1g<\/h4>\n<p>A jelen Felhaszn\u00e1l\u00e1si Felt\u00e9telekre \u00e9s az oldal haszn\u00e1lat\u00e1ra Rom\u00e1nia t\u00f6rv\u00e9nyei az ir\u00e1nyad\u00f3k. Rom\u00e1ni\u00e1ban az illet\u00e9kes b\u00edr\u00f3s\u00e1gok kiz\u00e1r\u00f3lagos joghat\u00f3s\u00e1ggal rendelkeznek minden olyan vit\u00e1ban, amely a Felhaszn\u00e1l\u00e1si Felt\u00e9telekb\u0151l \u00e9s\/vagy a Webhelytartalomb\u00f3l ered, vagy azokra hivatkozik, vagy azokkal kapcsolatos, vagy olyan vit\u00e1k eset\u00e9n, amelyekben a jelen Felt\u00e9telek a haszn\u00e1lat \u00e9s\/vagy ez a webhely relev\u00e1ns t\u00e9nynek min\u0151s\u00fcl az ilyen vit\u00e1kban.<\/p>\n\n\t\t<\/div>\n\t<\/div>\n<\/div><\/div><\/div><\/div>\n<\/div>","protected":false},"excerpt":{"rendered":"Prezentul document stabile\u0219te Termenele \u0219i Condi\u021biile de Utilizare a website-ului\u00a0https:\/\/timisoaratriathlon.ro\/\u00a0\u0219i a subdomeniilor sale. Accesarea site-ului\u00a0https:\/\/timisoaratriathlon.ro\/\u00a0\u0219i a subdomeniilor sale implic\u0103 acceptarea explicit\u0103 a acestui document, ce reprezint\u0103 \u0219i contractul dintre p\u0103r\u021bi. [...]","protected":false},"author":990012,"featured_media":0,"parent":0,"menu_order":0,"comment_status":"closed","ping_status":"closed","template":"","meta":{"rs_blank_template":"","rs_page_bg_color":"","slide_template_v7":"","footnotes":""},"class_list":["post-3067","page","type-page","status-publish","hentry"],"aioseo_notices":[],"_links":{"self":[{"href":"https:\/\/timisoaratriathlon.ro\/hu\/wp-json\/wp\/v2\/pages\/3067","targetHints":{"allow":["GET"]}}],"collection":[{"href":"https:\/\/timisoaratriathlon.ro\/hu\/wp-json\/wp\/v2\/pages"}],"about":[{"href":"https:\/\/timisoaratriathlon.ro\/hu\/wp-json\/wp\/v2\/types\/page"}],"author":[{"embeddable":true,"href":"https:\/\/timisoaratriathlon.ro\/hu\/wp-json\/wp\/v2\/users\/990012"}],"replies":[{"embeddable":true,"href":"https:\/\/timisoaratriathlon.ro\/hu\/wp-json\/wp\/v2\/comments?post=3067"}],"version-history":[{"count":1,"href":"https:\/\/timisoaratriathlon.ro\/hu\/wp-json\/wp\/v2\/pages\/3067\/revisions"}],"predecessor-version":[{"id":3068,"href":"https:\/\/timisoaratriathlon.ro\/hu\/wp-json\/wp\/v2\/pages\/3067\/revisions\/3068"}],"wp:attachment":[{"href":"https:\/\/timisoaratriathlon.ro\/hu\/wp-json\/wp\/v2\/media?parent=3067"}],"curies":[{"name":"munkaf\u00fczet","href":"https:\/\/api.w.org\/{rel}","templated":true}]}}