{"id":3110,"date":"2026-03-16T14:16:25","date_gmt":"2026-03-16T12:16:25","guid":{"rendered":"https:\/\/timisoaratriathlon.ro\/?page_id=3110"},"modified":"2026-03-16T14:16:25","modified_gmt":"2026-03-16T12:16:25","slug":"trikids","status":"publish","type":"page","link":"https:\/\/timisoaratriathlon.ro\/hu\/trikids\/","title":{"rendered":"TRIKIDS"},"content":{"rendered":"<div class=\"wpb-content-wrapper\"><div data-vc-full-width=\"true\" data-vc-full-width-temp=\"true\" data-vc-full-width-init=\"false\" class=\"vc_row wpb_row vc_row-fluid vc_custom_1674900143517 vc_row-has-fill vc_row-o-content-top vc_row-flex\"><div class=\"wpb_column vc_column_container vc_col-sm-12\"><div class=\"vc_column-inner vc_custom_1714462413545\"><div class=\"wpb_wrapper\">\n\t<div class=\"wpb_text_column wpb_content_element vc_custom_1714462565708\" >\n\t\t<div class=\"wpb_wrapper\">\n\t\t\t<h6><span style=\"color: #ffffff;\"><strong>A duatlon verseny h\u00e1rom versenysz\u00e1mb\u00f3l \u00e1ll: fut\u00e1sb\u00f3l, ker\u00e9kp\u00e1roz\u00e1sb\u00f3l \u00e9s fut\u00f3versenyb\u0151l. Ezek a tesztek megszak\u00edt\u00e1s n\u00e9lk\u00fcl zajlanak, \u00e9s \u00e1tmenetek k\u00f6tik \u00f6ssze \u0151ket, amelyek viszont id\u0151z\u00edtettek. A versenyz\u0151 v\u00e9gs\u0151 idej\u00e9t a rajt pillanat\u00e1t\u00f3l a c\u00e9lvonal \u00e1tl\u00e9p\u00e9s\u00e9ig, a h\u00e1rom tesztr\u00e9sz teljes\u00edt\u00e9se ut\u00e1n sz\u00e1m\u00edtj\u00e1k.<\/strong><\/span><\/h6>\n\n\t\t<\/div>\n\t<\/div>\n<div class=\"vc_btn3-container vc_btn3-center vc_do_btn\" ><a class=\"vc_general vc_btn3 vc_btn3-size-md vc_btn3-shape-rounded vc_btn3-style-modern vc_btn3-color-warning\" href=\"https:\/\/in.njuko.com\/timisoara-triathlon-20261758880108895\" title=\"\">REGISZTR\u00c1CI\u00d3<\/a><\/div><div class=\"vc_btn3-container vc_btn3-center vc_do_btn\" ><a class=\"vc_general vc_btn3 vc_btn3-size-md vc_btn3-shape-rounded vc_btn3-style-modern vc_btn3-color-warning\" href=\"https:\/\/timisoaratriathlon.ro\/hu\/az-osszes-faj-2\/\" title=\"TRIKIDS gyermekversenyek\">TRIKIDS VERSENY EL\u00c9RHET\u0150<\/a><\/div><\/div><\/div><\/div><\/div><div class=\"vc_row-full-width vc_clearfix\"><\/div><div data-vc-full-width=\"true\" data-vc-full-width-temp=\"true\" data-vc-full-width-init=\"false\" class=\"vc_row wpb_row vc_row-fluid vc_custom_1674900143517 vc_row-has-fill vc_row-o-content-top vc_row-flex\"><div class=\"wpb_column vc_column_container vc_col-sm-4 vc_col-has-fill\"><div class=\"vc_column-inner vc_custom_1674900251037\"><div class=\"wpb_wrapper\">\n\t<div  class=\"wpb_single_image wpb_content_element vc_align_center wpb_content_element wpb_animate_when_almost_visible wpb_fadeInUp fadeInUp vc_custom_1713530822838\">\n\t\t\n\t\t<figure class=\"wpb_wrapper vc_figure\">\n\t\t\t<div class=\"vc_single_image-wrapper   vc_box_border_grey\"><\/div>\n\t\t<\/figure>\n\t<\/div>\n\n\t<div class=\"wpb_text_column wpb_content_element vc_custom_1714465766779\" >\n\t\t<div class=\"wpb_wrapper\">\n\t\t\t<div style=\"position: relative; display: inline-block; width: 100%; padding: 15px 0 0 0;\">\n<div style=\"float: left; font-style: normal; font-family: 'Infra'; color: #25408f; font-weight: 900; font-size: 24px; padding-right: 25px; line-height: 30px;\"><span class=\"text-cu-icon\">FUT\u00c1S<\/span><img loading=\"lazy\" decoding=\"async\" class=\"wp-image-2058 size-full alignnone\" src=\"https:\/\/timisoaratriathlon.ro\/wp-content\/uploads\/2023\/01\/icon-alergare-blue.png\" alt=\"\" width=\"40\" height=\"44\" \/><\/div>\n<div style=\"float: right; font-style: normal; font-family: inherit; color: #25408f; font-weight: 900; font-size: 24px; padding-right: 25px; line-height: 30px;\"><\/div>\n<\/div>\n\n\t\t<\/div>\n\t<\/div>\n\n\t<div class=\"wpb_text_column wpb_content_element vc_custom_1713530420845\" >\n\t\t<div class=\"wpb_wrapper\">\n\t\t\t<p><span style=\"color: #25408f;\"><strong>A k\u00f6zponti ter\u00fcleten, j\u00e1rd\u00e1kon \u00e9s parkok h\u0171v\u00f6s sik\u00e1toraiban j\u00e1tsz\u00f3dik. A szurkol\u00f3knak sz\u00e1mos helysz\u00edn \u00e9s lehet\u0151s\u00e9g\u00fck van, ahol t\u00e1mogathatj\u00e1k \u00e9s b\u00e1tor\u00edthatj\u00e1k a fiatal versenyz\u0151ket.<\/strong><\/span><\/p>\n\n\t\t<\/div>\n\t<\/div>\n\n\t<div class=\"wpb_text_column wpb_content_element vc_custom_1674738017570\" >\n\t\t<div class=\"wpb_wrapper\">\n\t\t\t<p><img loading=\"lazy\" decoding=\"async\" class=\"alignright wp-image-2014 size-full\" src=\"https:\/\/timisoaratriathlon.ro\/wp-content\/uploads\/2023\/01\/icon-start-blue.png\" alt=\"\" width=\"45\" height=\"37\" \/><\/p>\n\n\t\t<\/div>\n\t<\/div>\n<\/div><\/div><\/div><div class=\"wpb_column vc_column_container vc_col-sm-4 vc_col-has-fill\"><div class=\"vc_column-inner vc_custom_1674900258608\"><div class=\"wpb_wrapper\">\n\t<div  class=\"wpb_single_image wpb_content_element vc_align_center wpb_content_element wpb_animate_when_almost_visible wpb_fadeInUp fadeInUp vc_custom_1713532767310\">\n\t\t\n\t\t<figure class=\"wpb_wrapper vc_figure\">\n\t\t\t<div class=\"vc_single_image-wrapper   vc_box_border_grey\"><\/div>\n\t\t<\/figure>\n\t<\/div>\n\n\t<div class=\"wpb_text_column wpb_content_element vc_custom_1714465778027\" >\n\t\t<div class=\"wpb_wrapper\">\n\t\t\t<div style=\"position: relative; display: inline-block; width: 100%; padding: 15px 0 0 0;\">\n<div style=\"float: left; font-style: normal; font-family: 'Infra'; color: #25408f; font-weight: 900; font-size: 24px; padding-right: 25px; line-height: 30px;\"><span class=\"text-cu-icon\">KER\u00c9KP\u00c1ROZ\u00c1S<\/span><img loading=\"lazy\" decoding=\"async\" class=\"wp-image-2031 size-full alignnone\" src=\"https:\/\/timisoaratriathlon.ro\/wp-content\/uploads\/2023\/01\/icon-ciclism-blue.png\" alt=\"\" width=\"45\" height=\"39\" \/><\/div>\n<div style=\"float: right; font-style: normal; font-family: inherit; color: #25408f; font-weight: 900; font-size: 24px; padding-right: 25px; line-height: 30px;\"><\/div>\n<\/div>\n\n\t\t<\/div>\n\t<\/div>\n\n\t<div class=\"wpb_text_column wpb_content_element vc_custom_1713530157273\" >\n\t\t<div class=\"wpb_wrapper\">\n\t\t\t<p><span style=\"color: #25408f;\"><strong>A ker\u00e9kp\u00e1r\u00fat eset\u00e9ben a verseny ideje alatt a k\u00f6rutak lez\u00e1r\u00e1sra ker\u00fclnek a g\u00e9pkocsiforgalom el\u0151l, \u00e9s kiv\u00e1l\u00f3 ker\u00e9kp\u00e1r\u00fat szervez\u00e9s\u00e9t teszik lehet\u0151v\u00e9, mind technik\u00e1s kanyarokkal, mind gyorsas\u00e1gi szakaszokkal.<\/strong><\/span><\/p>\n\n\t\t<\/div>\n\t<\/div>\n\n\t<div class=\"wpb_text_column wpb_content_element vc_custom_1674738017570\" >\n\t\t<div class=\"wpb_wrapper\">\n\t\t\t<p><img loading=\"lazy\" decoding=\"async\" class=\"alignright wp-image-2014 size-full\" src=\"https:\/\/timisoaratriathlon.ro\/wp-content\/uploads\/2023\/01\/icon-start-blue.png\" alt=\"\" width=\"45\" height=\"37\" \/><\/p>\n\n\t\t<\/div>\n\t<\/div>\n<\/div><\/div><\/div><div class=\"wpb_column vc_column_container vc_col-sm-4 vc_col-has-fill\"><div class=\"vc_column-inner vc_custom_1674900276923\"><div class=\"wpb_wrapper\">\n\t<div  class=\"wpb_single_image wpb_content_element vc_align_center wpb_content_element wpb_animate_when_almost_visible wpb_fadeInUp fadeInUp vc_custom_1713532801550\">\n\t\t\n\t\t<figure class=\"wpb_wrapper vc_figure\">\n\t\t\t<div class=\"vc_single_image-wrapper   vc_box_border_grey\"><\/div>\n\t\t<\/figure>\n\t<\/div>\n\n\t<div class=\"wpb_text_column wpb_content_element vc_custom_1714465786956\" >\n\t\t<div class=\"wpb_wrapper\">\n\t\t\t<div style=\"position: relative; display: inline-block; width: 100%; padding: 15px 0 0 0;\">\n<div style=\"float: left; font-style: normal; font-family: 'Infra'; color: #25408f; font-weight: 900; font-size: 24px; padding-right: 25px; line-height: 30px;\"><span class=\"text-cu-icon\">FUT\u00c1S<\/span><img loading=\"lazy\" decoding=\"async\" class=\"wp-image-2058 size-full alignnone\" src=\"https:\/\/timisoaratriathlon.ro\/wp-content\/uploads\/2023\/01\/icon-alergare-blue.png\" alt=\"\" width=\"40\" height=\"44\" \/><\/div>\n<div style=\"float: right; font-style: normal; font-family: inherit; color: #25408f; font-weight: 900; font-size: 24px; padding-right: 25px; line-height: 30px;\"><\/div>\n<\/div>\n\n\t\t<\/div>\n\t<\/div>\n\n\t<div class=\"wpb_text_column wpb_content_element vc_custom_1713530387223\" >\n\t\t<div class=\"wpb_wrapper\">\n\t\t\t<p><span style=\"color: #25408f;\"><strong>A k\u00f6zponti ter\u00fcleten, j\u00e1rd\u00e1kon \u00e9s parkok h\u0171v\u00f6s sik\u00e1toraiban j\u00e1tsz\u00f3dik. A szurkol\u00f3knak sz\u00e1mos helysz\u00edn \u00e9s lehet\u0151s\u00e9g\u00fck van, ahol t\u00e1mogathatj\u00e1k \u00e9s b\u00e1tor\u00edthatj\u00e1k a fiatal versenyz\u0151ket.<\/strong><\/span><\/p>\n\n\t\t<\/div>\n\t<\/div>\n\n\t<div class=\"wpb_text_column wpb_content_element vc_custom_1674738017570\" >\n\t\t<div class=\"wpb_wrapper\">\n\t\t\t<p><img loading=\"lazy\" decoding=\"async\" class=\"alignright wp-image-2014 size-full\" src=\"https:\/\/timisoaratriathlon.ro\/wp-content\/uploads\/2023\/01\/icon-start-blue.png\" alt=\"\" width=\"45\" height=\"37\" \/><\/p>\n\n\t\t<\/div>\n\t<\/div>\n<\/div><\/div><\/div><\/div><div class=\"vc_row-full-width vc_clearfix\"><\/div>\n<\/div>","protected":false},"excerpt":{"rendered":"Competi\u021bia de duatlon este formata din trei probe: alergare, ciclism si alergare. Aceste probe au loc f\u0103r\u0103 \u00eentrerupere, fiind legate \u00eentre ele de tranzi\u021bii care, la r\u00e2ndul lor, sunt cronometrate. [...]","protected":false},"author":1,"featured_media":0,"parent":0,"menu_order":0,"comment_status":"closed","ping_status":"closed","template":"","meta":{"rs_blank_template":"","rs_page_bg_color":"","slide_template_v7":"","footnotes":""},"class_list":["post-3110","page","type-page","status-publish","hentry"],"aioseo_notices":[],"_links":{"self":[{"href":"https:\/\/timisoaratriathlon.ro\/hu\/wp-json\/wp\/v2\/pages\/3110","targetHints":{"allow":["GET"]}}],"collection":[{"href":"https:\/\/timisoaratriathlon.ro\/hu\/wp-json\/wp\/v2\/pages"}],"about":[{"href":"https:\/\/timisoaratriathlon.ro\/hu\/wp-json\/wp\/v2\/types\/page"}],"author":[{"embeddable":true,"href":"https:\/\/timisoaratriathlon.ro\/hu\/wp-json\/wp\/v2\/users\/1"}],"replies":[{"embeddable":true,"href":"https:\/\/timisoaratriathlon.ro\/hu\/wp-json\/wp\/v2\/comments?post=3110"}],"version-history":[{"count":3,"href":"https:\/\/timisoaratriathlon.ro\/hu\/wp-json\/wp\/v2\/pages\/3110\/revisions"}],"predecessor-version":[{"id":3761,"href":"https:\/\/timisoaratriathlon.ro\/hu\/wp-json\/wp\/v2\/pages\/3110\/revisions\/3761"}],"wp:attachment":[{"href":"https:\/\/timisoaratriathlon.ro\/hu\/wp-json\/wp\/v2\/media?parent=3110"}],"curies":[{"name":"munkaf\u00fczet","href":"https:\/\/api.w.org\/{rel}","templated":true}]}}