{"id":3120,"date":"2026-03-16T14:16:25","date_gmt":"2026-03-16T12:16:25","guid":{"rendered":"https:\/\/timisoaratriathlon.ro\/?page_id=3120"},"modified":"2026-03-16T14:16:25","modified_gmt":"2026-03-16T12:16:25","slug":"triatlon-program-temesvar-2","status":"publish","type":"page","link":"https:\/\/timisoaratriathlon.ro\/hu\/triatlon-program-temesvar-2\/","title":{"rendered":"Trikids program"},"content":{"rendered":"<div class=\"wpb-content-wrapper\"><div class=\"vc_row wpb_row vc_row-fluid\"><div class=\"wpb_column vc_column_container vc_col-sm-12\"><div class=\"vc_column-inner\"><div class=\"wpb_wrapper\">\n\t<div class=\"wpb_text_column wpb_content_element\" >\n\t\t<div class=\"wpb_wrapper\">\n\t\t\t<h3 style=\"text-align: center;\"><span style=\"color: #ffffff;\"><strong>TRIKIDS Program \u2013 TIMI\u0218OARA TRIATHLON 2025<\/strong><\/span><\/h3>\n<p>&nbsp;<\/p>\n<p>&nbsp;<\/p>\n<h4 style=\"text-align: left;\"><span style=\"color: #00ccff;\"><strong>2025. j\u00falius 19., szombat<\/strong><\/span><\/h4>\n<h5 style=\"text-align: left;\"><span style=\"color: #ffffff;\"><strong><br \/>\nSzabads\u00e1g t\u00e9r, Temesv\u00e1r \u2013&nbsp;<span style=\"color: #00ccff;\"><a style=\"color: #00ccff;\" href=\"https:\/\/goo.gl\/maps\/4zPDQEk1NZcfMEF5A\">https:\/\/goo.gl\/maps\/4zPDQEk1NZcfMEF5A<\/a><\/span><\/strong><\/span><\/h5>\n<h6 style=\"text-align: left;\"><span style=\"color: #ffffff;\"><strong><br \/>\n09:00 Triatlon falu megnyit\u00f3<br \/>\n09:00-16:00 Feln\u0151tt versenyek a Temesv\u00e1ri Triatlon 2025 keret\u00e9ben<br \/>\n13:00 \u2013 16:00 Felszerel\u00e9s \u00e1tv\u00e9tele a TRIKids versenyz\u0151inek a Temesv\u00e1ri Triatlon s\u00e1torban<\/strong><\/span><\/h6>\n<h4 style=\"text-align: left;\"><span style=\"color: #ffffff;\"><strong><br \/>\n<span style=\"color: #00ccff;\">2025. j\u00falius 20., vas\u00e1rnap<\/span><\/strong><\/span><\/h4>\n<h5 style=\"text-align: left;\"><span style=\"color: #ffffff;\"><strong><br \/>\nIancu Huniade t\u00e9r \u2013 <span style=\"color: #00ccff;\"><a style=\"color: #00ccff;\" href=\"https:\/\/maps.app.goo.gl\/1TTHn3qQMP7b85o29\">https:\/\/maps.app.goo.gl\/1TTHn3qQMP7b85o29<\/a><\/span><br \/>\nSzabads\u00e1g t\u00e9r \u2013 <span style=\"color: #00ccff;\"><a style=\"color: #00ccff;\" href=\"https:\/\/goo.gl\/maps\/4zPDQEk1NZcfMEF5A\">https:\/\/goo.gl\/maps\/4zPDQEk1NZcfMEF5A<\/a><\/span><br \/>\nBolyai J\u00e1nos utca \u2013 <span style=\"color: #00ccff;\"><a style=\"color: #00ccff;\" href=\"https:\/\/maps.app.goo.gl\/1DbFdeRjhH6VhhKNA\">https:\/\/maps.app.goo.gl\/1DbFdeRjhH6VhhKNA<\/a><\/span><\/strong><\/span><\/h5>\n<h6 style=\"text-align: left;\"><span style=\"color: #ffffff;\"><strong><br \/>\n07:30 \u2013 08:30 Felszerel\u00e9s \u00e1tv\u00e9tele a TRIKids versenyz\u0151inek (Iancu Huniade t\u00e9r).<br \/>\n08:00 A triatlon falu megnyit\u00f3ja (Szabads\u00e1g t\u00e9r)<br \/>\n07:30 \u2013 08:40 Nyitott \u00e1tj\u00e1r\u00f3 az eszk\u00f6z\u00f6k bemutat\u00e1s\u00e1ra (minden koroszt\u00e1ly)<br \/>\n08:50 Mini technikai \u00e9rtekezlet a rajthelyen a 6-8 \u00e9ves kateg\u00f3ria sz\u00e1m\u00e1ra<br \/>\n09:00 START TRIC 6-8 \u00e9ves gyerekek<br \/>\n09:10 Mini technikai \u00e9rtekezlet a rajthelyen a 9-10 \u00e9ves kateg\u00f3ria sz\u00e1m\u00e1ra<br \/>\n09:20 START TRIC 9-10 \u00e9ves gyerekek<br \/>\n09:40 Mini technikai \u00e9rtekezlet a rajthelyen a 11-12 \u00e9ves kateg\u00f3ria sz\u00e1m\u00e1ra<br \/>\n09:50 START TRIC 11-12 \u00e9ves gyerekek<br \/>\n10:20 Technikai mini-\u00e9rtekezlet a rajthelyen a 13 \u00e9ves kateg\u00f3ria sz\u00e1m\u00e1ra<br \/>\n10:30 START TRIC 13 \u00e9ves gyerekek<br \/>\n12:00 TRiKids premier \u00fcnneps\u00e9g.<\/strong><\/span><\/h6>\n<h1><\/h1>\n\n\t\t<\/div>\n\t<\/div>\n<div class=\"vc_empty_space\"   style=\"height: 5em\"><span class=\"vc_empty_space_inner\"><\/span><\/div><\/div><\/div><\/div><\/div>\n<\/div>","protected":false},"excerpt":{"rendered":"Programul TRIKIDS - TIMI\u0218OARA TRIATHLON 2025 &nbsp; &nbsp; S\u00e2mb\u0103t\u0103, 19 iulie 2025 Piata Libert\u0103tii, Timi\u0219oara -&nbsp;https:\/\/goo.gl\/maps\/4zPDQEk1NZcfMEF5A 09:00 Deschidere sat triatlon 09:00-16:00 Desf\u0103\u0219urarea curselor de adul\u021bi din cadrul Timi\u0219oara Triathlon 2025 [...]","protected":false},"author":1,"featured_media":0,"parent":0,"menu_order":0,"comment_status":"closed","ping_status":"closed","template":"","meta":{"rs_blank_template":"","rs_page_bg_color":"","slide_template_v7":"","footnotes":""},"class_list":["post-3120","page","type-page","status-publish","hentry"],"aioseo_notices":[],"_links":{"self":[{"href":"https:\/\/timisoaratriathlon.ro\/hu\/wp-json\/wp\/v2\/pages\/3120","targetHints":{"allow":["GET"]}}],"collection":[{"href":"https:\/\/timisoaratriathlon.ro\/hu\/wp-json\/wp\/v2\/pages"}],"about":[{"href":"https:\/\/timisoaratriathlon.ro\/hu\/wp-json\/wp\/v2\/types\/page"}],"author":[{"embeddable":true,"href":"https:\/\/timisoaratriathlon.ro\/hu\/wp-json\/wp\/v2\/users\/1"}],"replies":[{"embeddable":true,"href":"https:\/\/timisoaratriathlon.ro\/hu\/wp-json\/wp\/v2\/comments?post=3120"}],"version-history":[{"count":2,"href":"https:\/\/timisoaratriathlon.ro\/hu\/wp-json\/wp\/v2\/pages\/3120\/revisions"}],"predecessor-version":[{"id":3755,"href":"https:\/\/timisoaratriathlon.ro\/hu\/wp-json\/wp\/v2\/pages\/3120\/revisions\/3755"}],"wp:attachment":[{"href":"https:\/\/timisoaratriathlon.ro\/hu\/wp-json\/wp\/v2\/media?parent=3120"}],"curies":[{"name":"munkaf\u00fczet","href":"https:\/\/api.w.org\/{rel}","templated":true}]}}