{"id":3165,"date":"2026-03-16T14:16:25","date_gmt":"2026-03-16T12:16:25","guid":{"rendered":"https:\/\/timisoaratriathlon.ro\/?page_id=3165"},"modified":"2026-03-16T14:16:25","modified_gmt":"2026-03-16T12:16:25","slug":"olimpiai-3","status":"publish","type":"page","link":"https:\/\/timisoaratriathlon.ro\/hu\/olimpiai-3\/","title":{"rendered":"Gyermekverseny 9-10 \u00e9ves korig"},"content":{"rendered":"<div class=\"wpb-content-wrapper\"><div data-vc-full-width=\"true\" data-vc-full-width-temp=\"true\" data-vc-full-width-init=\"false\" class=\"vc_row wpb_row vc_row-fluid vc_custom_1674900143517 vc_row-has-fill vc_row-o-content-top vc_row-flex\"><div class=\"wpb_column vc_column_container vc_col-sm-12\"><div class=\"vc_column-inner vc_custom_1714462413545\"><div class=\"wpb_wrapper\"><div class=\"vc_btn3-container vc_btn3-center vc_do_btn\" ><a class=\"vc_general vc_btn3 vc_btn3-size-md vc_btn3-shape-rounded vc_btn3-style-modern vc_btn3-color-warning\" href=\"https:\/\/in.njuko.com\/timisoara-triathlon-20261758880108895\" title=\"\">REGISZTR\u00c1CI\u00d3<\/a><\/div>\n\t<div class=\"wpb_text_column wpb_content_element vc_custom_1714462565708\" >\n\t\t<div class=\"wpb_wrapper\">\n\t\t\t<h6><span style=\"color: #ffffff;\"><strong>A duatlon verseny h\u00e1rom versenysz\u00e1mb\u00f3l \u00e1ll: fut\u00e1sb\u00f3l, ker\u00e9kp\u00e1roz\u00e1sb\u00f3l \u00e9s fut\u00f3versenyb\u0151l. Ezek a tesztek megszak\u00edt\u00e1s n\u00e9lk\u00fcl zajlanak, \u00e9s \u00e1tmenetek k\u00f6tik \u00f6ssze \u0151ket, amelyek viszont id\u0151z\u00edtettek. A versenyz\u0151 v\u00e9gs\u0151 idej\u00e9t a rajt pillanat\u00e1t\u00f3l a c\u00e9lvonal \u00e1tl\u00e9p\u00e9s\u00e9ig, a h\u00e1rom tesztr\u00e9sz teljes\u00edt\u00e9se ut\u00e1n sz\u00e1m\u00edtj\u00e1k.<\/strong><\/span><\/h6>\n\n\t\t<\/div>\n\t<\/div>\n<\/div><\/div><\/div><\/div><div class=\"vc_row-full-width vc_clearfix\"><\/div><div data-vc-full-width=\"true\" data-vc-full-width-temp=\"true\" data-vc-full-width-init=\"false\" class=\"vc_row wpb_row vc_row-fluid vc_custom_1674900143517 vc_row-has-fill vc_row-o-content-top vc_row-flex\"><div class=\"wpb_column vc_column_container vc_col-sm-4 vc_col-has-fill\"><div class=\"vc_column-inner vc_custom_1674900251037\"><div class=\"wpb_wrapper\">\n\t<div  class=\"wpb_single_image wpb_content_element vc_align_center wpb_content_element wpb_animate_when_almost_visible wpb_fadeInUp fadeInUp vc_custom_1713786335423\">\n\t\t\n\t\t<figure class=\"wpb_wrapper vc_figure\">\n\t\t\t<div class=\"vc_single_image-wrapper   vc_box_border_grey\"><\/div>\n\t\t<\/figure>\n\t<\/div>\n\n\t<div class=\"wpb_text_column wpb_content_element vc_custom_1713786453317\" >\n\t\t<div class=\"wpb_wrapper\">\n\t\t\t<div style=\"position: relative; display: inline-block; width: 100%; padding: 15px 0 0 0;\">\n<div style=\"float: left; font-style: normal; font-family: 'Infra'; color: #25408f; font-weight: 900; font-size: 24px; padding-right: 25px; line-height: 30px;\"><span class=\"text-cu-icon\">FUT\u00c1S<\/span><img loading=\"lazy\" decoding=\"async\" class=\"wp-image-2058 size-full alignnone\" src=\"https:\/\/timisoaratriathlon.ro\/wp-content\/uploads\/2023\/01\/icon-alergare-blue.png\" alt=\"\" width=\"40\" height=\"44\" \/><\/div>\n<div style=\"float: right; font-style: normal; font-family: inherit; color: #25408f; font-weight: 900; font-size: 24px; padding-right: 25px; line-height: 30px;\"><span class=\"text-cu-icon\">400 m\u00e9ter<\/span><\/div>\n<\/div>\n\n\t\t<\/div>\n\t<\/div>\n\n\t<div class=\"wpb_text_column wpb_content_element vc_custom_1713786773903\" >\n\t\t<div class=\"wpb_wrapper\">\n\t\t\t<p><span style=\"color: #25408f;\"><strong>A k\u00f6zponti ter\u00fcleten, j\u00e1rd\u00e1kon \u00e9s parkok h\u0171v\u00f6s sik\u00e1toraiban j\u00e1tsz\u00f3dik. A szurkol\u00f3knak sz\u00e1mos helysz\u00edn \u00e9s lehet\u0151s\u00e9g\u00fck van, ahol t\u00e1mogathatj\u00e1k \u00e9s b\u00e1tor\u00edthatj\u00e1k a fiatal versenyz\u0151ket.<\/strong><\/span><\/p>\n\n\t\t<\/div>\n\t<\/div>\n\n\t<div class=\"wpb_text_column wpb_content_element vc_custom_1674738017570\" >\n\t\t<div class=\"wpb_wrapper\">\n\t\t\t<p><img loading=\"lazy\" decoding=\"async\" class=\"alignright wp-image-2014 size-full\" src=\"https:\/\/timisoaratriathlon.ro\/wp-content\/uploads\/2023\/01\/icon-start-blue.png\" alt=\"\" width=\"45\" height=\"37\" \/><\/p>\n\n\t\t<\/div>\n\t<\/div>\n<\/div><\/div><\/div><div class=\"wpb_column vc_column_container vc_col-sm-4 vc_col-has-fill\"><div class=\"vc_column-inner vc_custom_1674900258608\"><div class=\"wpb_wrapper\">\n\t<div  class=\"wpb_single_image wpb_content_element vc_align_center wpb_content_element wpb_animate_when_almost_visible wpb_fadeInUp fadeInUp vc_custom_1713786352339\">\n\t\t\n\t\t<figure class=\"wpb_wrapper vc_figure\">\n\t\t\t<div class=\"vc_single_image-wrapper   vc_box_border_grey\"><\/div>\n\t\t<\/figure>\n\t<\/div>\n\n\t<div class=\"wpb_text_column wpb_content_element vc_custom_1713786470204\" >\n\t\t<div class=\"wpb_wrapper\">\n\t\t\t<div style=\"position: relative; display: inline-block; width: 100%; padding: 15px 0 0 0;\">\n<div style=\"float: left; font-style: normal; font-family: 'Infra'; color: #25408f; font-weight: 900; font-size: 24px; padding-right: 25px; line-height: 30px;\"><span class=\"text-cu-icon\">KER\u00c9KP\u00c1ROZ\u00c1S<\/span><img loading=\"lazy\" decoding=\"async\" class=\"wp-image-2031 size-full alignnone\" src=\"https:\/\/timisoaratriathlon.ro\/wp-content\/uploads\/2023\/01\/icon-ciclism-blue.png\" alt=\"\" width=\"45\" height=\"39\" \/><\/div>\n<div style=\"float: right; font-style: normal; font-family: inherit; color: #25408f; font-weight: 900; font-size: 24px; padding-right: 25px; line-height: 30px;\"><span class=\"text-cu-icon\">3 km<\/span><\/div>\n<\/div>\n\n\t\t<\/div>\n\t<\/div>\n\n\t<div class=\"wpb_text_column wpb_content_element vc_custom_1713786795749\" >\n\t\t<div class=\"wpb_wrapper\">\n\t\t\t<p><span style=\"color: #25408f;\"><strong>A ker\u00e9kp\u00e1r\u00fat eset\u00e9ben a verseny ideje alatt a k\u00f6rutak lez\u00e1r\u00e1sra ker\u00fclnek a g\u00e9pkocsiforgalom el\u0151l, \u00e9s kiv\u00e1l\u00f3 ker\u00e9kp\u00e1r\u00fat szervez\u00e9s\u00e9t teszik lehet\u0151v\u00e9, mind technik\u00e1s kanyarokkal, mind gyorsas\u00e1gi szakaszokkal.<\/strong><\/span><\/p>\n\n\t\t<\/div>\n\t<\/div>\n\n\t<div class=\"wpb_text_column wpb_content_element vc_custom_1674738017570\" >\n\t\t<div class=\"wpb_wrapper\">\n\t\t\t<p><img loading=\"lazy\" decoding=\"async\" class=\"alignright wp-image-2014 size-full\" src=\"https:\/\/timisoaratriathlon.ro\/wp-content\/uploads\/2023\/01\/icon-start-blue.png\" alt=\"\" width=\"45\" height=\"37\" \/><\/p>\n\n\t\t<\/div>\n\t<\/div>\n<\/div><\/div><\/div><div class=\"wpb_column vc_column_container vc_col-sm-4 vc_col-has-fill\"><div class=\"vc_column-inner vc_custom_1674900276923\"><div class=\"wpb_wrapper\">\n\t<div  class=\"wpb_single_image wpb_content_element vc_align_center wpb_content_element wpb_animate_when_almost_visible wpb_fadeInUp fadeInUp vc_custom_1713786367419\">\n\t\t\n\t\t<figure class=\"wpb_wrapper vc_figure\">\n\t\t\t<div class=\"vc_single_image-wrapper   vc_box_border_grey\"><\/div>\n\t\t<\/figure>\n\t<\/div>\n\n\t<div class=\"wpb_text_column wpb_content_element vc_custom_1713786487903\" >\n\t\t<div class=\"wpb_wrapper\">\n\t\t\t<div style=\"position: relative; display: inline-block; width: 100%; padding: 15px 0 0 0;\">\n<div style=\"float: left; font-style: normal; font-family: 'Infra'; color: #25408f; font-weight: 900; font-size: 24px; padding-right: 25px; line-height: 30px;\"><span class=\"text-cu-icon\">FUT\u00c1S<\/span><img loading=\"lazy\" decoding=\"async\" class=\"wp-image-2058 size-full alignnone\" src=\"https:\/\/timisoaratriathlon.ro\/wp-content\/uploads\/2023\/01\/icon-alergare-blue.png\" alt=\"\" width=\"40\" height=\"44\" \/><\/div>\n<div style=\"float: right; font-style: normal; font-family: inherit; color: #25408f; font-weight: 900; font-size: 24px; padding-right: 25px; line-height: 30px;\"><span class=\"text-cu-icon\">300 m\u00e9ter<\/span><\/div>\n<\/div>\n\n\t\t<\/div>\n\t<\/div>\n\n\t<div class=\"wpb_text_column wpb_content_element vc_custom_1675255727331\" >\n\t\t<div class=\"wpb_wrapper\">\n\t\t\t<p><span style=\"color: #25408f;\"><strong>A k\u00f6zponti ter\u00fcleten, a j\u00e1rd\u00e1kon \u00e9s a parkok h\u0171v\u00f6s sik\u00e1toraiban j\u00e1tsz\u00f3dik. \u00d6nk\u00e9nteseink hidrat\u00e1lj\u00e1k \u00d6nt az \u00fatvonalon, \u00e9s a szurkol\u00f3knak sz\u00e1mos helyen \u00e9s alkalmak vannak, ahol t\u00e1mogathatnak \u00e9s b\u00e1tor\u00edthatnak.<\/strong><\/span><\/p>\n\n\t\t<\/div>\n\t<\/div>\n\n\t<div class=\"wpb_text_column wpb_content_element vc_custom_1674738017570\" >\n\t\t<div class=\"wpb_wrapper\">\n\t\t\t<p><img loading=\"lazy\" decoding=\"async\" class=\"alignright wp-image-2014 size-full\" src=\"https:\/\/timisoaratriathlon.ro\/wp-content\/uploads\/2023\/01\/icon-start-blue.png\" alt=\"\" width=\"45\" height=\"37\" \/><\/p>\n\n\t\t<\/div>\n\t<\/div>\n<\/div><\/div><\/div><\/div><div class=\"vc_row-full-width vc_clearfix\"><\/div><div data-vc-full-width=\"true\" data-vc-full-width-temp=\"true\" data-vc-full-width-init=\"false\" class=\"vc_row wpb_row vc_row-fluid vc_custom_1675074793139\"><div class=\"wpb_column vc_column_container vc_col-sm-12\"><div class=\"vc_column-inner vc_custom_1698341260945\"><div class=\"wpb_wrapper\"><div class=\"vc_row wpb_row vc_inner vc_row-fluid vc_custom_1674821381468\"><div class=\"wpb_column vc_column_container vc_col-sm-4\"><div class=\"vc_column-inner\"><div class=\"wpb_wrapper\"><\/div><\/div><\/div><div class=\"wpb_column vc_column_container vc_col-sm-4 vc_col-has-fill\"><div class=\"vc_column-inner vc_custom_1674821309662\"><div class=\"wpb_wrapper\"><div class=\"vc_separator wpb_content_element vc_separator_align_center vc_sep_width_100 vc_sep_pos_align_center vc_custom_1713787898357 wpb_content_element cartonas-galben-h vc_separator-has-text\" ><span class=\"vc_sep_holder vc_sep_holder_l\"><span style=\"border-color:#fbd21c;\" class=\"vc_sep_line\"><\/span><\/span><h4>9-10 \u00c9VES GYERMEKEK<\/h4><span class=\"vc_sep_holder vc_sep_holder_r\"><span style=\"border-color:#fbd21c;\" class=\"vc_sep_line\"><\/span><\/span>\n<\/div>\n\t<div class=\"wpb_text_column wpb_content_element\" >\n\t\t<div class=\"wpb_wrapper\">\n\t\t\t\n\t\t<\/div>\n\t<\/div>\n\n\t<div class=\"wpb_text_column wpb_content_element\" >\n\t\t<div class=\"wpb_wrapper\">\n\t\t\t<div style=\"position: relative; display: inline-block; border-bottom: 1px solid #fbd21c; width: 100%; padding: 15px 0 0 0;\">\n<div style=\"position: relative; display: inline-block; border-bottom: 1px solid #fbd21c; width: 100%; padding: 15px 0 0 0;\">\n<div style=\"position: relative; display: inline-block; border-bottom: 1px solid #fbd21c; width: 100%; padding: 15px 0 0 0;\">\n<div style=\"position: relative; display: inline-block; border-bottom: 1px solid #fbd21c; width: 100%; padding: 15px 0 0 0;\">\n<div style=\"float: left;\"><img loading=\"lazy\" decoding=\"async\" class=\"wp-image-2080 size-full alignnone\" src=\"https:\/\/timisoaratriathlon.ro\/wp-content\/uploads\/2023\/01\/icon-alergare-galben.png\" alt=\"\" width=\"40\" height=\"44\" \/><\/div>\n<div style=\"display: block; color: #ffffff; text-align: right; font-weight: 600; float: right; margin-top: 10px; font-size: 19px;\">1 \u00d7 400 m\u00e9ter<\/div>\n<\/div>\n<div style=\"position: relative; display: inline-block; border-bottom: 1px solid #fbd21c; width: 100%; padding: 15px 0 0 0;\">\n<div style=\"float: left;\"><img loading=\"lazy\" decoding=\"async\" class=\"size-full wp-image-2083 alignnone\" src=\"https:\/\/timisoaratriathlon.ro\/wp-content\/uploads\/2023\/01\/icon-ciclism-galben.png\" alt=\"\" width=\"45\" height=\"39\" \/><\/div>\n<div style=\"display: block; color: #ffffff; text-align: right; font-weight: 600; float: right; font-size: 19px; margin-top: 14px;\">3 x 1 km<\/div>\n<\/div>\n<div style=\"position: relative; display: inline-block; border-bottom: 1px solid #fbd21c; width: 100%; padding: 15px 0 0 0;\">\n<div style=\"float: left;\"><img loading=\"lazy\" decoding=\"async\" class=\"size-full wp-image-2083 alignnone\" src=\"https:\/\/timisoaratriathlon.ro\/wp-content\/uploads\/2023\/01\/icon-alergare-galben.png\" alt=\"\" width=\"40\" height=\"44\" \/><\/div>\n<div style=\"display: block; color: #ffffff; text-align: right; font-weight: 600; float: right; font-size: 19px; margin-top: 20px;\">1 x 300 m\u00e9ter<\/div>\n<\/div>\n<\/div>\n<\/div>\n<\/div>\n\n\t\t<\/div>\n\t<\/div>\n<\/div><\/div><\/div><div class=\"wpb_column vc_column_container vc_col-sm-4\"><div class=\"vc_column-inner\"><div class=\"wpb_wrapper\"><\/div><\/div><\/div><\/div><div class=\"vc_btn3-container vc_btn3-center vc_custom_1749750111813 vc_do_btn\" ><a class=\"vc_general vc_btn3 vc_btn3-size-md vc_btn3-shape-rounded vc_btn3-style-flat vc_btn3-icon-right vc_btn3-color-orange\" href=\"https:\/\/racetime.ro\/events\/148\/register\" title=\"\">REGISZTR\u00c1CI\u00d3 <i class=\"vc_btn3-icon\"><\/i><\/a><\/div><div class=\"vc_row wpb_row vc_inner vc_row-fluid vc_custom_1674821324239\"><div class=\"wpb_column vc_column_container vc_col-sm-12\"><div class=\"vc_column-inner\"><div class=\"wpb_wrapper\"><h3 style=\"font-size: 29px;color: #fbd21c;line-height: 35px;text-align: left\" class=\"vc_custom_heading vc_do_custom_heading\" >9-10 \u00c9VES TRIKIDS @ TEMESAV\u00c1RI TRIATLON 2024<\/h3>\n\t<div class=\"wpb_text_column wpb_content_element\" >\n\t\t<div class=\"wpb_wrapper\">\n\t\t\t<div style=\"overflow: hidden; position: relative;\">\n<div style=\"position: relative; width: 100%; padding-top: 56.25%; overflow: visible;\"><\/div>\n<p><iframe style=\"position: absolute; top: 0; left: 0; bottom: 0; right: 0; width: 100%; height: 100%;\" src=\"https:\/\/www.plotaroute.com\/embedcollection\/14658?units=km\" name=\"plotaroute_collection_14658\" frameborder=\"0\" scrolling=\"no\" allowfullscreen=\"allowfullscreen\"><\/iframe><\/div>\n\n\t\t<\/div>\n\t<\/div>\n<\/div><\/div><\/div><\/div><\/div><\/div><\/div><\/div><div class=\"vc_row-full-width vc_clearfix\"><\/div><div data-vc-full-width=\"true\" data-vc-full-width-temp=\"true\" data-vc-full-width-init=\"false\" class=\"vc_row wpb_row vc_row-fluid vc_custom_1674900722609 vc_row-has-fill\"><div class=\"wpb_column vc_column_container vc_col-sm-4\"><div class=\"vc_column-inner vc_custom_1698341606134\"><div class=\"wpb_wrapper\"><\/div><\/div><\/div><div class=\"wpb_column vc_column_container vc_col-sm-4\"><div class=\"vc_column-inner\"><div class=\"wpb_wrapper\"><div class=\"vc_btn3-container vc_btn3-center vc_custom_1698341501818 vc_do_btn\" ><a class=\"vc_general vc_btn3 vc_btn3-size-md vc_btn3-shape-rounded vc_btn3-style-flat vc_btn3-icon-right vc_btn3-color-orange\" href=\"https:\/\/timisoaratriathlon.ro\/hu\/az-osszes-faj\/\" title=\"Minden faj\">EGY\u00c9B FAJOK <i class=\"vc_btn3-icon fas fa-arrow-right\"><\/i><\/a><\/div><\/div><\/div><\/div><div class=\"wpb_column vc_column_container vc_col-sm-4\"><div class=\"vc_column-inner\"><div class=\"wpb_wrapper\"><\/div><\/div><\/div><\/div><div class=\"vc_row-full-width vc_clearfix\"><\/div>\n<\/div>","protected":false},"excerpt":{"rendered":"\u00ceNSCRIE-TE Competi\u021bia de duatlon este formata din trei probe: alergare, ciclism si alergare. Aceste probe au loc f\u0103r\u0103 \u00eentrerupere, fiind legate \u00eentre ele de tranzi\u021bii care, la r\u00e2ndul lor, sunt [...]","protected":false},"author":1,"featured_media":0,"parent":0,"menu_order":0,"comment_status":"closed","ping_status":"closed","template":"","meta":{"rs_blank_template":"","rs_page_bg_color":"","slide_template_v7":"","footnotes":""},"class_list":["post-3165","page","type-page","status-publish","hentry"],"aioseo_notices":[],"_links":{"self":[{"href":"https:\/\/timisoaratriathlon.ro\/hu\/wp-json\/wp\/v2\/pages\/3165","targetHints":{"allow":["GET"]}}],"collection":[{"href":"https:\/\/timisoaratriathlon.ro\/hu\/wp-json\/wp\/v2\/pages"}],"about":[{"href":"https:\/\/timisoaratriathlon.ro\/hu\/wp-json\/wp\/v2\/types\/page"}],"author":[{"embeddable":true,"href":"https:\/\/timisoaratriathlon.ro\/hu\/wp-json\/wp\/v2\/users\/1"}],"replies":[{"embeddable":true,"href":"https:\/\/timisoaratriathlon.ro\/hu\/wp-json\/wp\/v2\/comments?post=3165"}],"version-history":[{"count":3,"href":"https:\/\/timisoaratriathlon.ro\/hu\/wp-json\/wp\/v2\/pages\/3165\/revisions"}],"predecessor-version":[{"id":3749,"href":"https:\/\/timisoaratriathlon.ro\/hu\/wp-json\/wp\/v2\/pages\/3165\/revisions\/3749"}],"wp:attachment":[{"href":"https:\/\/timisoaratriathlon.ro\/hu\/wp-json\/wp\/v2\/media?parent=3165"}],"curies":[{"name":"munkaf\u00fczet","href":"https:\/\/api.w.org\/{rel}","templated":true}]}}