{"id":801,"date":"2026-03-16T14:16:26","date_gmt":"2026-03-16T12:16:26","guid":{"rendered":"https:\/\/gofit.themerex.net\/?page_id=801"},"modified":"2026-03-16T14:16:26","modified_gmt":"2026-03-16T12:16:26","slug":"adatvedelmi-iranyelvek","status":"publish","type":"page","link":"https:\/\/timisoaratriathlon.ro\/hu\/adatvedelmi-iranyelvek\/","title":{"rendered":"Adatv\u00e9delmi ir\u00e1nyelvek"},"content":{"rendered":"<p><strong><em>A Temesv\u00e1ri Triathlon adatv\u00e9delmi szab\u00e1lyzata, amelyet a szem\u00e9lyes adatok kezel\u00e9se tekintet\u00e9ben a term\u00e9szetes szem\u00e9lyek v\u00e9delm\u00e9r\u0151l \u00e9s az ilyen adatok szabad \u00e1raml\u00e1s\u00e1r\u00f3l sz\u00f3l\u00f3 (EU) 2016\/679 rendelet hat\u00e1roz meg.<\/em><\/strong><\/p>\n<h3><span style=\"color: #31c8ff;\"><strong>Kik vagyunk<\/strong><\/span><\/h3>\n<p>Az oldal tulajdonosa <strong>SKI2BIKESHOP SRL<\/strong>. A weboldal c\u00edme: <strong>https:\/\/timisoaratriathlon.ro.<\/strong><\/p>\n<p><strong>Milyen szem\u00e9lyes adatokat gy\u0171jt\u00fcnk \u00e9s mi\u00e9rt gy\u0171jtj\u00fck azokat<\/strong><\/p>\n<p><strong>Hozz\u00e1sz\u00f3l\u00e1sok<\/strong><\/p>\n<p>Amikor a l\u00e1togat\u00f3k megjegyz\u00e9seket f\u0171znek az oldalhoz, gy\u0171jtj\u00fck a megjegyz\u00e9s \u0171rlapokon megjelen\u0151 adatokat, de a l\u00e1togat\u00f3 IP-c\u00edm\u00e9t \u00e9s a b\u00f6ng\u00e9sz\u0151 felhaszn\u00e1l\u00f3i \u00fcgyn\u00f6k karakterl\u00e1nc\u00e1t is, hogy seg\u00edts\u00fcnk a spam \u00e9szlel\u00e9s\u00e9ben.<\/p>\n<p>Az \u00d6n e-mail c\u00edmeib\u0151l l\u00e9trehozott anonim karakterl\u00e1nc (m\u00e1s n\u00e9ven hash) a Gravatar szolg\u00e1ltat\u00e1s sz\u00e1m\u00e1ra biztos\u00edthat\u00f3, hogy ellen\u0151rizze, haszn\u00e1lja-e. A Gravatar szolg\u00e1ltat\u00e1s adatv\u00e9delmi szab\u00e1lyzata itt \u00e9rhet\u0151 el: <a href=\"https:\/\/automattic.com\/privacy\/\">https:\/\/automattic.com\/privacy\/<\/a>. Megjegyz\u00e9sed j\u00f3v\u00e1hagy\u00e1sa ut\u00e1n profilk\u00e9ped nyilv\u00e1nosan l\u00e1that\u00f3 lesz a megjegyz\u00e9sed mellett.<\/p>\n<h3 style=\"color: #31c8ff;\"><strong>K\u00f6zvet\u00edt<\/strong><\/h3>\n<p>Ha k\u00e9peket t\u00f6lt fel a webhelyre, ker\u00fclje a be\u00e1gyazott helyadatokat (EXIF GPS) tartalmaz\u00f3 k\u00e9pek felt\u00f6lt\u00e9s\u00e9t. A webhely l\u00e1togat\u00f3i let\u00f6lthetik \u00e9s kivonhatj\u00e1k a webhelyen tal\u00e1lhat\u00f3 k\u00e9pekb\u0151l az \u00f6sszes helyadatot.<\/p>\n<h3 style=\"color: #31c8ff;\"><strong>Cookie-k<\/strong><\/h3>\n<p>Ha \u00fczenetet hagy oldalunkon, v\u00e1laszthat, hogy nev\u00e9t, e-mail c\u00edm\u00e9t \u00e9s webhely\u00e9t cookie-kba menti. Ezek az \u00d6n k\u00e9nyelm\u00e9t szolg\u00e1lj\u00e1k, \u00edgy nem kell \u00fajra kit\u00f6ltenie, amikor \u00fajabb \u00fczenetet hagy. Ezek a s\u00fctik egy \u00e9vig \u00e9rv\u00e9nyesek.<\/p>\n<p>Ha rendelkezik fi\u00f3kkal, \u00e9s bejelentkezik erre az oldalra, ideiglenes cookie-t \u00e1ll\u00edtunk be annak meg\u00e1llap\u00edt\u00e1s\u00e1ra, hogy b\u00f6ng\u00e9sz\u0151je elfogadja-e a cookie-kat. Ez a s\u00fcti nem tartalmaz szem\u00e9lyes adatokat, \u00e9s a b\u00f6ng\u00e9sz\u0151 bez\u00e1r\u00e1sakor t\u00f6rl\u0151dik.<\/p>\n<p>Amikor bejelentkezik, n\u00e9h\u00e1ny cookie-t is be\u00e1ll\u00edtunk a bejelentkez\u00e9si adatok \u00e9s a k\u00e9perny\u0151-megjelen\u00edt\u00e9si lehet\u0151s\u00e9gek ment\u00e9s\u00e9re. A hiteles\u00edt\u00e9si s\u00fctiket k\u00e9t napig, a megjelen\u00edt\u00e9si opci\u00f3kat pedig egy \u00e9vig t\u00e1roljuk. Ha az \u201eEml\u00e9kezz r\u00e1m\u201d lehet\u0151s\u00e9get v\u00e1lasztja, a bejelentkez\u00e9si cookie-kat k\u00e9t h\u00e9tig meg\u0151rizz\u00fck. Ha kijelentkezik fi\u00f3kj\u00e1b\u00f3l, a hiteles\u00edt\u00e9si cookie-k t\u00f6rl\u0151dnek.<\/p>\n<p>Ha szerkeszt vagy k\u00f6zz\u00e9tesz egy cikket, a b\u00f6ng\u00e9sz\u0151 egy tov\u00e1bbi cookie-t ment el. Ez a s\u00fcti nem tartalmaz szem\u00e9lyes adatokat, \u00e9s egyszer\u0171en az \u00e9ppen szerkesztett cikk azonos\u00edt\u00f3j\u00e1t jelzi. 1 nap m\u00falva lej\u00e1r.<\/p>\n<p><strong>Kapcsolatfelv\u00e9teli \u00e9s foglal\u00e1si \u0171rlapok<\/strong><\/p>\n<p>A kapcsolatfelv\u00e9teli \u00e9s foglal\u00e1si \u0171rlapok szem\u00e9lyes adatokat tartalmaznak, mert a vel\u00fcnk kapcsolatba l\u00e9p\u0151k szem\u00e9lyazonoss\u00e1g\u00e1nak ismerete sz\u00fcks\u00e9ges. Az adatait tartalmaz\u00f3 kapcsolatfelv\u00e9teli \u0171rlaphoz tartoz\u00f3 e-mail k\u00e9zhezv\u00e9tel\u00e9t k\u00f6vet\u0151en, legfeljebb 7 napon bel\u00fcl az e-mail automatikusan t\u00f6rl\u0151dik az oldalr\u00f3l\/szerverr\u0151l.<\/p>\n<h3 style=\"color: #31c8ff;\"><strong>H\u00edrlevelek\/RSS<\/strong><\/h3>\n<p>A TIMI\u0218OARA TRIATLON SRL nem k\u00fcld h\u00edrlevelet harmadik f\u00e9lnek, ez\u00e9rt nem k\u00e9r\u00fcnk hozz\u00e1j\u00e1rul\u00e1st olyan szolg\u00e1ltat\u00e1shoz, amelyet nem ny\u00fajtunk.<\/p>\n<h3 style=\"color: #31c8ff;\"><strong>Be\u00e1gyazott tartalom m\u00e1s webhelyekr\u0151l<\/strong><\/h3>\n<p>Az ezen az oldalon tal\u00e1lhat\u00f3 cikkek tartalmazhatnak be\u00e1gyazott tartalmat (pl. vide\u00f3k, k\u00e9pek, cikkek stb.). A m\u00e1s webhelyekr\u0151l sz\u00e1rmaz\u00f3 be\u00e1gyazott tartalom pontosan \u00fagy viselkedik, mintha a l\u00e1togat\u00f3k egy m\u00e1sik webhelyet n\u00e9ztek volna meg.<\/p>\n<p>Ezek a webhelyek adatokat gy\u0171jthetnek \u00d6nr\u0151l, cookie-kat haszn\u00e1lhatnak, tov\u00e1bbi, harmadik f\u00e9lt\u0151l sz\u00e1rmaz\u00f3 nyomk\u00f6vet\u00e9st \u00e1gyazhatnak be, \u00e9s nyomon k\u00f6vethetik a be\u00e1gyazott tartalommal val\u00f3 interakci\u00f3j\u00e1t, bele\u00e9rtve a be\u00e1gyazott tartalommal val\u00f3 interakci\u00f3 nyomon k\u00f6vet\u00e9s\u00e9t, ha rendelkezik fi\u00f3kkal, \u00e9s be van jelentkezve az adott webhelyre.<\/p>\n<h3 style=\"color: #31c8ff;\"><strong>Elemz\u0151<\/strong><\/h3>\n<p>A Google Analytics \u00e1ltal biztos\u00edtott adatokat haszn\u00e1ljuk. A Google adatv\u00e9delmi szab\u00e1lyzat\u00e1t a k\u00f6vetkez\u0151 webhelyen tal\u00e1lja meg: <a href=\"https:\/\/policies.google.com\/privacy?hl=ro\">https:\/\/policies.google.com\/privacy?hl=ro.<\/a> Ha azt szeretn\u00e9, hogy az Analytics ne vegye figyelembe, akkor a speci\u00e1lisan kifejlesztett be\u00e9p\u00fcl\u0151 modult kell haszn\u00e1lnia. Tov\u00e1bbi r\u00e9szletek <a href=\"https:\/\/tools.google.com\/dlpage\/gaoptout?hl=en\">itt<\/a>.<\/p>\n<h3 style=\"color: #31c8ff;\"><strong>Kivel osztjuk meg adatait<\/strong><\/h3>\n<p>A szem\u00e9lyes adatokat csak a c\u00e9ggel osztjuk meg <a href=\"https:\/\/web-timisoara.ro\/\">SC IWS HUBITALL SRL<\/a> ki kezeli az oldalt, \u00e9s akivel a szerz\u0151d\u00e9sben titoktart\u00e1si z\u00e1rad\u00e9kkal rendelkez\u00fcnk, a szem\u00e9lyes adatok kezel\u00e9se tekintet\u00e9ben a term\u00e9szetes szem\u00e9lyek v\u00e9delm\u00e9r\u0151l sz\u00f3l\u00f3 (EU) 2016\/679 rendelet \u00e9rtelm\u00e9ben.<\/p>\n<p>Abban az esetben, ha a szem\u00e9lyes adatok k\u00e9r\u00e9s\u00e9re t\u00f6rv\u00e9nyes joggal rendelkez\u0151 \u00e1llami int\u00e9zm\u00e9nyek megk\u00f6vetelik, hogy adatokat osszuk meg vel\u00fck, err\u0151l \u00e9rtes\u00edtj\u00fck.<\/p>\n<h3 style=\"color: #31c8ff;\"><strong>Mennyi ideig \u0151rizz\u00fck meg adatait<\/strong><\/h3>\n<p>Ha \u00fczenetet hagy, annak metaadatait hat\u00e1rozatlan ideig meg\u0151rizz\u00fck. \u00cdgy automatikusan felismerhetj\u00fck \u00e9s j\u00f3v\u00e1hagyhatjuk az \u00f6sszes k\u00f6vetkez\u0151 \u00fczenetet, ahelyett, hogy moder\u00e1l\u00e1sra v\u00e1rn\u00e1nk \u0151ket.<\/p>\n<p>Azon felhaszn\u00e1l\u00f3k (ha vannak), akik regisztr\u00e1lnak a weboldalunkon, az \u00e1ltaluk megadott szem\u00e9lyes adatokat a felhaszn\u00e1l\u00f3i profiljukban is t\u00e1roljuk. Minden felhaszn\u00e1l\u00f3 b\u00e1rmikor megtekintheti, szerkesztheti vagy t\u00f6r\u00f6lheti szem\u00e9lyes adatait (de nem m\u00f3dos\u00edthatja felhaszn\u00e1l\u00f3nev\u00e9t). A webhely rendszergazd\u00e1i is megtekinthetik \u00e9s szerkeszthetik ezeket az inform\u00e1ci\u00f3kat.<\/p>\n<p>Az adatb\u00e1zisunkban t\u00e1rolt foglal\u00e1sokb\u00f3l \u00e9s el\u0151fizet\u00e9sekb\u0151l sz\u00e1rmaz\u00f3 adatok az e-mailben k\u00fcld\u00f6tt k\u00e9r\u00e9st\u0151l sz\u00e1m\u00edtott legfeljebb 3 \u00e9ven bel\u00fcl, de legfeljebb 12 \u00f3r\u00e1n bel\u00fcl t\u00f6rl\u00e9sre ker\u00fclnek.<\/p>\n<h3 style=\"color: #31c8ff;\"><strong>Milyen jogai vannak az adataival kapcsolatban?<\/strong><\/h3>\n<p>Ha rendelkezik fi\u00f3kkal, vagy \u00fczeneteket hagyott ezen a weboldalon, k\u00e9rhet egy exportf\u00e1jlt az \u00d6nr\u0151l t\u00e1rolt szem\u00e9lyes adatokr\u00f3l, bele\u00e9rtve a sz\u00e1munkra megadott adatokat is. Azt is k\u00e9rheti, hogy t\u00f6r\u00f6lj\u00fck az \u00d6nr\u0151l t\u00e1rolt szem\u00e9lyes adatokat. Ez nem tartalmazza az \u00f6sszes adatot, amelyet adminisztrat\u00edv, jogi vagy biztons\u00e1gi c\u00e9lb\u00f3l meg kell \u0151rizn\u00fcnk.<\/p>\n<p><strong>Hov\u00e1 k\u00fcldj\u00fck adatait<\/strong><\/p>\n<p>A l\u00e1togat\u00f3k \u00fczeneteit egy automata spam\u00e9szlel\u0151 szolg\u00e1ltat\u00e1s ellen\u0151rizheti.<\/p>\n<p><strong>El\u00e9rhet\u0151s\u00e9g<\/strong><\/p>\n<h4><strong>Ski2bikeshop SRL<\/strong><\/h4>\n<p><strong>C\u00edm:<\/strong> DUMBRAVITA, Str. STR. MARULUI, No. 15, App. 4, TIMI\u0218 megye<br \/>\n<strong>Email:<\/strong> <a href=\"mailto:info@timisoaratriathlon.ro\">info@timisoaratriathlon.ro<\/a><br \/>\n<strong>Telefon:<\/strong> +4 0749 880 722<\/p>\n<h3 style=\"color: #31c8ff;\"><strong>tov\u00e1bbi inform\u00e1ci\u00f3<\/strong><\/h3>\n<h4><strong>Facebook<\/strong><\/h4>\n<p>Az oldal a Facebook megoszt\u00e1si funkci\u00f3it haszn\u00e1lja. Az oldalon ellen\u0151rizheti a Facebook szab\u00e1lyzat\u00e1t, \u00e9s m\u00f3dos\u00edthatja be\u00e1ll\u00edt\u00e1sait <a href=\"https:\/\/www.facebook.com\/policies\/cookies\/\">https:\/\/www.facebook.com\/policies\/cookies\/<\/a><\/p>\n<p>&nbsp;<\/p>","protected":false},"excerpt":{"rendered":"<p>Politicile de confiden\u021bialitate Timi\u0219oara Triatlon specificate de Regulamentul (UE) 2016\/679 privind protec\u021bia persoanelor fizice \u00een ceea ce prive\u0219te prelucrarea datelor cu caracter personal \u0219i privind libera circula\u021bie a acestor date. [&hellip;]<\/p>\n","protected":false},"author":1,"featured_media":0,"parent":0,"menu_order":0,"comment_status":"closed","ping_status":"closed","template":"","meta":{"rs_blank_template":"","rs_page_bg_color":"","slide_template_v7":"","footnotes":""},"class_list":["post-801","page","type-page","status-publish","hentry"],"aioseo_notices":[],"_links":{"self":[{"href":"https:\/\/timisoaratriathlon.ro\/hu\/wp-json\/wp\/v2\/pages\/801","targetHints":{"allow":["GET"]}}],"collection":[{"href":"https:\/\/timisoaratriathlon.ro\/hu\/wp-json\/wp\/v2\/pages"}],"about":[{"href":"https:\/\/timisoaratriathlon.ro\/hu\/wp-json\/wp\/v2\/types\/page"}],"author":[{"embeddable":true,"href":"https:\/\/timisoaratriathlon.ro\/hu\/wp-json\/wp\/v2\/users\/1"}],"replies":[{"embeddable":true,"href":"https:\/\/timisoaratriathlon.ro\/hu\/wp-json\/wp\/v2\/comments?post=801"}],"version-history":[{"count":1,"href":"https:\/\/timisoaratriathlon.ro\/hu\/wp-json\/wp\/v2\/pages\/801\/revisions"}],"predecessor-version":[{"id":3424,"href":"https:\/\/timisoaratriathlon.ro\/hu\/wp-json\/wp\/v2\/pages\/801\/revisions\/3424"}],"wp:attachment":[{"href":"https:\/\/timisoaratriathlon.ro\/hu\/wp-json\/wp\/v2\/media?parent=801"}],"curies":[{"name":"munkaf\u00fczet","href":"https:\/\/api.w.org\/{rel}","templated":true}]}}