{"id":3069,"date":"2024-01-27T17:04:35","date_gmt":"2024-01-27T15:04:35","guid":{"rendered":"https:\/\/timisoaratriathlon.ro\/?post_type=product&#038;p=3069"},"modified":"2026-03-10T05:49:06","modified_gmt":"2026-03-10T03:49:06","slug":"rovid-prototipus","status":"publish","type":"product","link":"https:\/\/timisoaratriathlon.ro\/hu\/termekek\/kategorizalatlan\/rovid-prototipus\/","title":{"rendered":"R\u00f6vid protot\u00edpus"},"content":{"rendered":"","protected":false},"excerpt":{"rendered":"<p>100% szintetikus.<br \/>\nGyorsan sz\u00e1rad\u00f3 anyagb\u00f3l k\u00e9sz\u00fclt.<br \/>\nT\u00f6k\u00e9letes \u00fasz\u00e1shoz, fut\u00e1shoz vagy ak\u00e1r r\u00f6vid t\u00e1v\u00fa triatlon edz\u00e9sekhez is.<\/p>","protected":false},"featured_media":3070,"comment_status":"closed","ping_status":"closed","template":"","meta":{"rs_blank_template":"","rs_page_bg_color":"","slide_template_v7":""},"product_brand":[],"product_cat":[53],"product_tag":[],"class_list":{"0":"post-3069","1":"product","2":"type-product","3":"status-publish","4":"has-post-thumbnail","6":"product_cat-uncategorized","8":"first","9":"outofstock","10":"shipping-taxable","11":"purchasable","12":"product-type-simple"},"aioseo_notices":[],"_links":{"self":[{"href":"https:\/\/timisoaratriathlon.ro\/hu\/wp-json\/wp\/v2\/product\/3069","targetHints":{"allow":["GET"]}}],"collection":[{"href":"https:\/\/timisoaratriathlon.ro\/hu\/wp-json\/wp\/v2\/product"}],"about":[{"href":"https:\/\/timisoaratriathlon.ro\/hu\/wp-json\/wp\/v2\/types\/product"}],"replies":[{"embeddable":true,"href":"https:\/\/timisoaratriathlon.ro\/hu\/wp-json\/wp\/v2\/comments?post=3069"}],"wp:featuredmedia":[{"embeddable":true,"href":"https:\/\/timisoaratriathlon.ro\/hu\/wp-json\/wp\/v2\/media\/3070"}],"wp:attachment":[{"href":"https:\/\/timisoaratriathlon.ro\/hu\/wp-json\/wp\/v2\/media?parent=3069"}],"wp:term":[{"taxonomy":"product_brand","embeddable":true,"href":"https:\/\/timisoaratriathlon.ro\/hu\/wp-json\/wp\/v2\/product_brand?post=3069"},{"taxonomy":"product_cat","embeddable":true,"href":"https:\/\/timisoaratriathlon.ro\/hu\/wp-json\/wp\/v2\/product_cat?post=3069"},{"taxonomy":"product_tag","embeddable":true,"href":"https:\/\/timisoaratriathlon.ro\/hu\/wp-json\/wp\/v2\/product_tag?post=3069"}],"curies":[{"name":"munkaf\u00fczet","href":"https:\/\/api.w.org\/{rel}","templated":true}]}}