{"id":3080,"date":"2024-01-27T17:54:05","date_gmt":"2024-01-27T15:54:05","guid":{"rendered":"https:\/\/timisoaratriathlon.ro\/?post_type=product&#038;p=3080"},"modified":"2024-01-27T18:29:16","modified_gmt":"2024-01-27T16:29:16","slug":"kerekparos-mez","status":"publish","type":"product","link":"https:\/\/timisoaratriathlon.ro\/hu\/termekek\/kategorizalatlan\/kerekparos-mez\/","title":{"rendered":"BIKE mez"},"content":{"rendered":"","protected":false},"excerpt":{"rendered":"<p>100% szintetikus<br \/>\nGyorsan sz\u00e1rad\u00f3 anyag.<br \/>\nA sz\u00e9lnek kitett ter\u00fcletek 3D anyagb\u00f3l k\u00e9sz\u00fcltek a jobb aerodinamika \u00e9rdek\u00e9ben.<br \/>\nTipikus ker\u00e9kp\u00e1ros zsebek \u00e9s egy cipz\u00e1ras rekesz.<\/p>","protected":false},"featured_media":3088,"comment_status":"closed","ping_status":"closed","template":"","meta":{"rs_blank_template":"","rs_page_bg_color":"","slide_template_v7":""},"product_brand":[],"product_cat":[53],"product_tag":[],"class_list":{"0":"post-3080","1":"product","2":"type-product","3":"status-publish","4":"has-post-thumbnail","6":"product_cat-uncategorized","8":"first","9":"instock","10":"shipping-taxable","11":"purchasable","12":"product-type-simple"},"aioseo_notices":[],"_links":{"self":[{"href":"https:\/\/timisoaratriathlon.ro\/hu\/wp-json\/wp\/v2\/product\/3080","targetHints":{"allow":["GET"]}}],"collection":[{"href":"https:\/\/timisoaratriathlon.ro\/hu\/wp-json\/wp\/v2\/product"}],"about":[{"href":"https:\/\/timisoaratriathlon.ro\/hu\/wp-json\/wp\/v2\/types\/product"}],"replies":[{"embeddable":true,"href":"https:\/\/timisoaratriathlon.ro\/hu\/wp-json\/wp\/v2\/comments?post=3080"}],"wp:featuredmedia":[{"embeddable":true,"href":"https:\/\/timisoaratriathlon.ro\/hu\/wp-json\/wp\/v2\/media\/3088"}],"wp:attachment":[{"href":"https:\/\/timisoaratriathlon.ro\/hu\/wp-json\/wp\/v2\/media?parent=3080"}],"wp:term":[{"taxonomy":"product_brand","embeddable":true,"href":"https:\/\/timisoaratriathlon.ro\/hu\/wp-json\/wp\/v2\/product_brand?post=3080"},{"taxonomy":"product_cat","embeddable":true,"href":"https:\/\/timisoaratriathlon.ro\/hu\/wp-json\/wp\/v2\/product_cat?post=3080"},{"taxonomy":"product_tag","embeddable":true,"href":"https:\/\/timisoaratriathlon.ro\/hu\/wp-json\/wp\/v2\/product_tag?post=3080"}],"curies":[{"name":"munkaf\u00fczet","href":"https:\/\/api.w.org\/{rel}","templated":true}]}}