{"id":3082,"date":"2024-01-27T17:57:59","date_gmt":"2024-01-27T15:57:59","guid":{"rendered":"https:\/\/timisoaratriathlon.ro\/?post_type=product&#038;p=3082"},"modified":"2024-01-27T17:58:39","modified_gmt":"2024-01-27T15:58:39","slug":"pelyhes-kabat","status":"publish","type":"product","link":"https:\/\/timisoaratriathlon.ro\/hu\/termekek\/kategorizalatlan\/pelyhes-kabat\/","title":{"rendered":"FULG kab\u00e1t"},"content":{"rendered":"","protected":false},"excerpt":{"rendered":"<p>100% szintetikus<br \/>\nV\u00e9delemre a sz\u00e9l \u00e9s a k\u00f6nny\u0171 es\u0151 ellen.<br \/>\nNagyon k\u00f6nny\u0171, saj\u00e1t zsebbe is elf\u00e9r.<br \/>\nAlkalmas ker\u00e9kp\u00e1roz\u00e1shoz, fut\u00e1shoz, t\u00far\u00e1z\u00e1shoz \u00e9s sok m\u00e1shoz.<\/p>","protected":false},"featured_media":3081,"comment_status":"closed","ping_status":"closed","template":"","meta":{"rs_blank_template":"","rs_page_bg_color":"","slide_template_v7":""},"product_brand":[],"product_cat":[53],"product_tag":[],"class_list":{"0":"post-3082","1":"product","2":"type-product","3":"status-publish","4":"has-post-thumbnail","6":"product_cat-uncategorized","8":"first","9":"instock","10":"shipping-taxable","11":"purchasable","12":"product-type-simple"},"aioseo_notices":[],"_links":{"self":[{"href":"https:\/\/timisoaratriathlon.ro\/hu\/wp-json\/wp\/v2\/product\/3082","targetHints":{"allow":["GET"]}}],"collection":[{"href":"https:\/\/timisoaratriathlon.ro\/hu\/wp-json\/wp\/v2\/product"}],"about":[{"href":"https:\/\/timisoaratriathlon.ro\/hu\/wp-json\/wp\/v2\/types\/product"}],"replies":[{"embeddable":true,"href":"https:\/\/timisoaratriathlon.ro\/hu\/wp-json\/wp\/v2\/comments?post=3082"}],"wp:featuredmedia":[{"embeddable":true,"href":"https:\/\/timisoaratriathlon.ro\/hu\/wp-json\/wp\/v2\/media\/3081"}],"wp:attachment":[{"href":"https:\/\/timisoaratriathlon.ro\/hu\/wp-json\/wp\/v2\/media?parent=3082"}],"wp:term":[{"taxonomy":"product_brand","embeddable":true,"href":"https:\/\/timisoaratriathlon.ro\/hu\/wp-json\/wp\/v2\/product_brand?post=3082"},{"taxonomy":"product_cat","embeddable":true,"href":"https:\/\/timisoaratriathlon.ro\/hu\/wp-json\/wp\/v2\/product_cat?post=3082"},{"taxonomy":"product_tag","embeddable":true,"href":"https:\/\/timisoaratriathlon.ro\/hu\/wp-json\/wp\/v2\/product_tag?post=3082"}],"curies":[{"name":"munkaf\u00fczet","href":"https:\/\/api.w.org\/{rel}","templated":true}]}}