{"id":3083,"date":"2024-01-27T17:58:52","date_gmt":"2024-01-27T15:58:52","guid":{"rendered":"https:\/\/timisoaratriathlon.ro\/?post_type=product&#038;p=3083"},"modified":"2024-01-27T18:29:16","modified_gmt":"2024-01-27T16:29:16","slug":"logos-polo","status":"publish","type":"product","link":"https:\/\/timisoaratriathlon.ro\/hu\/termekek\/kategorizalatlan\/logos-polo\/","title":{"rendered":"LOG\u00d3S P\u00f3l\u00f3"},"content":{"rendered":"","protected":false},"excerpt":{"rendered":"<p>K\u00f6nny\u0171 p\u00f3l\u00f3, gyapj\u00fa \u00e9s pamut kever\u00e9k\u00e9b\u0151l.<br \/>\nMeleg \u00e9s puha tapint\u00e1s\u00fa.<br \/>\nP\u00f3l\u00f3 b\u00e1rmilyen alkalomra.<\/p>","protected":false},"featured_media":3084,"comment_status":"closed","ping_status":"closed","template":"","meta":{"rs_blank_template":"","rs_page_bg_color":"","slide_template_v7":""},"product_brand":[],"product_cat":[53],"product_tag":[],"class_list":{"0":"post-3083","1":"product","2":"type-product","3":"status-publish","4":"has-post-thumbnail","6":"product_cat-uncategorized","8":"first","9":"instock","10":"shipping-taxable","11":"purchasable","12":"product-type-simple"},"aioseo_notices":[],"_links":{"self":[{"href":"https:\/\/timisoaratriathlon.ro\/hu\/wp-json\/wp\/v2\/product\/3083","targetHints":{"allow":["GET"]}}],"collection":[{"href":"https:\/\/timisoaratriathlon.ro\/hu\/wp-json\/wp\/v2\/product"}],"about":[{"href":"https:\/\/timisoaratriathlon.ro\/hu\/wp-json\/wp\/v2\/types\/product"}],"replies":[{"embeddable":true,"href":"https:\/\/timisoaratriathlon.ro\/hu\/wp-json\/wp\/v2\/comments?post=3083"}],"wp:featuredmedia":[{"embeddable":true,"href":"https:\/\/timisoaratriathlon.ro\/hu\/wp-json\/wp\/v2\/media\/3084"}],"wp:attachment":[{"href":"https:\/\/timisoaratriathlon.ro\/hu\/wp-json\/wp\/v2\/media?parent=3083"}],"wp:term":[{"taxonomy":"product_brand","embeddable":true,"href":"https:\/\/timisoaratriathlon.ro\/hu\/wp-json\/wp\/v2\/product_brand?post=3083"},{"taxonomy":"product_cat","embeddable":true,"href":"https:\/\/timisoaratriathlon.ro\/hu\/wp-json\/wp\/v2\/product_cat?post=3083"},{"taxonomy":"product_tag","embeddable":true,"href":"https:\/\/timisoaratriathlon.ro\/hu\/wp-json\/wp\/v2\/product_tag?post=3083"}],"curies":[{"name":"munkaf\u00fczet","href":"https:\/\/api.w.org\/{rel}","templated":true}]}}