{"id":3085,"date":"2024-01-27T18:00:09","date_gmt":"2024-01-27T16:00:09","guid":{"rendered":"https:\/\/timisoaratriathlon.ro\/?post_type=product&#038;p=3085"},"modified":"2024-01-27T18:29:16","modified_gmt":"2024-01-27T16:29:16","slug":"meleg-kabat","status":"publish","type":"product","link":"https:\/\/timisoaratriathlon.ro\/hu\/termekek\/kategorizalatlan\/meleg-kabat\/","title":{"rendered":"MELEG kab\u00e1t"},"content":{"rendered":"","protected":false},"excerpt":{"rendered":"<p>Kab\u00e1t fizikai aktivit\u00e1shoz hideg napokon.<br \/>\nIzzads\u00e1gelvezet\u0151 \u00e9s gyorsan sz\u00e1rad\u00f3 anyag.<\/p>","protected":false},"featured_media":3086,"comment_status":"closed","ping_status":"closed","template":"","meta":{"rs_blank_template":"","rs_page_bg_color":"","slide_template_v7":""},"product_brand":[],"product_cat":[53],"product_tag":[],"class_list":{"0":"post-3085","1":"product","2":"type-product","3":"status-publish","4":"has-post-thumbnail","6":"product_cat-uncategorized","8":"first","9":"instock","10":"shipping-taxable","11":"purchasable","12":"product-type-simple"},"aioseo_notices":[],"_links":{"self":[{"href":"https:\/\/timisoaratriathlon.ro\/hu\/wp-json\/wp\/v2\/product\/3085","targetHints":{"allow":["GET"]}}],"collection":[{"href":"https:\/\/timisoaratriathlon.ro\/hu\/wp-json\/wp\/v2\/product"}],"about":[{"href":"https:\/\/timisoaratriathlon.ro\/hu\/wp-json\/wp\/v2\/types\/product"}],"replies":[{"embeddable":true,"href":"https:\/\/timisoaratriathlon.ro\/hu\/wp-json\/wp\/v2\/comments?post=3085"}],"wp:featuredmedia":[{"embeddable":true,"href":"https:\/\/timisoaratriathlon.ro\/hu\/wp-json\/wp\/v2\/media\/3086"}],"wp:attachment":[{"href":"https:\/\/timisoaratriathlon.ro\/hu\/wp-json\/wp\/v2\/media?parent=3085"}],"wp:term":[{"taxonomy":"product_brand","embeddable":true,"href":"https:\/\/timisoaratriathlon.ro\/hu\/wp-json\/wp\/v2\/product_brand?post=3085"},{"taxonomy":"product_cat","embeddable":true,"href":"https:\/\/timisoaratriathlon.ro\/hu\/wp-json\/wp\/v2\/product_cat?post=3085"},{"taxonomy":"product_tag","embeddable":true,"href":"https:\/\/timisoaratriathlon.ro\/hu\/wp-json\/wp\/v2\/product_tag?post=3085"}],"curies":[{"name":"munkaf\u00fczet","href":"https:\/\/api.w.org\/{rel}","templated":true}]}}